{"id":3921,"date":"2017-03-15T01:25:31","date_gmt":"2017-03-15T04:25:31","guid":{"rendered":"http:\/\/TORIYAMAM"},"modified":"2026-04-17T19:32:50","modified_gmt":"2026-04-17T22:32:50","slug":"toriyamam","status":"publish","type":"product","link":"https:\/\/asbaratas.com.br\/loja\/produto\/toriyamam\/","title":{"rendered":"TORIYAMA"},"content":{"rendered":"<p>Ai vai nossa homenagem a um dos maiores artistas da hist\u00f3ria dos mang\u00e1s, animes e games!!<\/p>\n<p>Malha em 100% algod\u00e3o na cor azul com estampa em silk de alta qualidade.<\/p>\n<p>A taxa de encolhimento \u00e9 em m\u00e9dia 3% variando dos m\u00e9todos de lavagem.<\/p>\n<p>DICAS PARA SUA CAMISETA DURAR MUITO:<br \/>\n\u2022 LAVE COM \u00c1GUA FRIA<br \/>\n\u2022 PASSE ELA DO AVESSO<br \/>\n\u2022 N\u00c3O COLOQUE NA M\u00c1QUINA DE SECAR<br \/>\n\u2022 N\u00c3O DEIXE DE MOLHO<br \/>\n\u2022 SEMPRE SEQUE \u00c0 SOMBRA<\/p>\n<p>Arte por Kaji Pato<\/p>\n<p>As camisetas s\u00e3o despachadas em at\u00e9 3 dias \u00fateis.<\/p>\n","protected":false},"excerpt":{"rendered":"<p>Ai vai nossa homenagem a um dos maiores artistas da hist\u00f3ria dos mang\u00e1s, animes e games!! Malha em 100% algod\u00e3o na cor azul com estampa em silk de alta qualidade. A taxa de encolhimento \u00e9 em m\u00e9dia 3% variando dos m\u00e9todos de lavagem. DICAS PARA SUA CAMISETA DURAR MUITO: \u2022 LAVE COM \u00c1GUA FRIA \u2022 [&#8230;]\n","protected":false},"featured_media":3922,"comment_status":"open","ping_status":"closed","template":"","meta":[],"product_brand":[],"product_cat":[83],"product_tag":[210,894,891,893,897,890,892],"class_list":{"0":"post-3921","1":"product","2":"type-product","3":"status-publish","4":"has-post-thumbnail","6":"product_cat-camiseta-reta","7":"product_tag-akira","8":"product_tag-bola","9":"product_tag-chrono","10":"product_tag-dragao","11":"product_tag-quest","12":"product_tag-toriyama","13":"product_tag-trigger","14":"pa_artista-kaji-pato","15":"pa_cor-azul","16":"pa_tamanho-2g","17":"pa_tamanho-3g","18":"pa_tamanho-4g","19":"pa_tamanho-5g","20":"pa_tamanho-g","21":"pa_tamanho-m","22":"pa_tamanho-p","23":"pa_tamanho-pp","24":"pa_tema-Cinema","25":"pa_tema-Games","26":"pa_tema-series","27":"product_type-variable","50":"first","51":"instock","52":"shipping-taxable","53":"purchasable","54":"product-type-variable"},"_links":{"self":[{"href":"https:\/\/asbaratas.com.br\/loja\/wp-json\/wp\/v2\/product\/3921","targetHints":{"allow":["GET"]}}],"collection":[{"href":"https:\/\/asbaratas.com.br\/loja\/wp-json\/wp\/v2\/product"}],"about":[{"href":"https:\/\/asbaratas.com.br\/loja\/wp-json\/wp\/v2\/types\/product"}],"replies":[{"embeddable":true,"href":"https:\/\/asbaratas.com.br\/loja\/wp-json\/wp\/v2\/comments?post=3921"}],"wp:featuredmedia":[{"embeddable":true,"href":"https:\/\/asbaratas.com.br\/loja\/wp-json\/wp\/v2\/media\/3922"}],"wp:attachment":[{"href":"https:\/\/asbaratas.com.br\/loja\/wp-json\/wp\/v2\/media?parent=3921"}],"wp:term":[{"taxonomy":"product_brand","embeddable":true,"href":"https:\/\/asbaratas.com.br\/loja\/wp-json\/wp\/v2\/product_brand?post=3921"},{"taxonomy":"product_cat","embeddable":true,"href":"https:\/\/asbaratas.com.br\/loja\/wp-json\/wp\/v2\/product_cat?post=3921"},{"taxonomy":"product_tag","embeddable":true,"href":"https:\/\/asbaratas.com.br\/loja\/wp-json\/wp\/v2\/product_tag?post=3921"}],"curies":[{"name":"wp","href":"https:\/\/api.w.org\/{rel}","templated":true}]}}