{"id":3898,"date":"2017-03-15T01:25:10","date_gmt":"2017-03-15T04:25:10","guid":{"rendered":"http:\/\/CMASC_OVERLOADR"},"modified":"2026-04-17T19:32:45","modified_gmt":"2026-04-17T22:32:45","slug":"cmasc_overloadr","status":"publish","type":"product","link":"https:\/\/asbaratas.com.br\/loja\/produto\/cmasc_overloadr\/","title":{"rendered":"THE OVERLOADR"},"content":{"rendered":"<p>\u00c9 muito perigoso seguir sozinho: leve isto! O controle universal do Overloadr \u00e9 tudo o que voc\u00ea precisa para superar os desafios mais intensos. Com treze recursos inovadores, voc\u00ea jamais ficar\u00e1 na m\u00e3o novamente &#8212; at\u00e9 por que, talvez precise de mais de duas para usa-lo.<\/p>\n<p>O Overloadr \u00e9 um site sobre videogames e pessoas. Talvez mais sobre pessoas do que videogames.<br \/>\nAcesse: <a href=\"http:\/\/overloadr.com.br\" target=\"_blank\" rel=\"noopener noreferrer\">overloadr.com.br<\/a><\/p>\n<p>Malha em 100% algod\u00e3o cinza prata. Estampa em silk de alta qualidade.<\/p>\n<p>A taxa de encolhimento \u00e9 em m\u00e9dia 3% variando dos m\u00e9todos de lavagem.<\/p>\n<p>DICAS PARA SUA CAMISETA DURAR MUITO:<br \/>\n\u2022 LAVE COM \u00c1GUA FRIA<br \/>\n\u2022 PASSE ELA DO AVESSO<br \/>\n\u2022 N\u00c3O COLOQUE NA M\u00c1QUINA DE SECAR<br \/>\n\u2022 N\u00c3O DEIXE DE MOLHO<br \/>\n\u2022 SEMPRE SEQUE \u00c0 SOMBRA<\/p>\n<p>Arte por Gabriel Silveira<br \/>\n<a href=\"http:\/\/www.gabrielsilveira.com\" target=\"_blank\" rel=\"noopener noreferrer\">http:\/\/www.gabrielsilveira.com<\/a><\/p>\n<p>As camisetas s\u00e3o despachadas em at\u00e9 3 dias \u00fateis.<\/p>\n","protected":false},"excerpt":{"rendered":"<p>\u00c9 muito perigoso seguir sozinho: leve isto! O controle universal do Overloadr \u00e9 tudo o que voc\u00ea precisa para superar os desafios mais intensos. Com treze recursos inovadores, voc\u00ea jamais ficar\u00e1 na m\u00e3o novamente &#8212; at\u00e9 por que, talvez precise de mais de duas para usa-lo. O Overloadr \u00e9 um site sobre videogames e pessoas. [&#8230;]\n","protected":false},"featured_media":3899,"comment_status":"open","ping_status":"closed","template":"","meta":[],"product_brand":[],"product_cat":[83],"product_tag":[868,872,226,182,181,880,268,866,870,882,869,879,873,865,864,877,867,871,875,876,881,878,874,832,706],"class_list":{"0":"post-3898","1":"product","2":"type-product","3":"status-publish","4":"has-post-thumbnail","6":"product_cat-camiseta-reta","7":"product_tag-bilheteria","8":"product_tag-boteco","9":"product_tag-caio","10":"product_tag-camisa","11":"product_tag-camiseta","12":"product_tag-gabriel","13":"product_tag-game","14":"product_tag-games","15":"product_tag-heitor","16":"product_tag-jogos","17":"product_tag-motherchip","18":"product_tag-mothership","19":"product_tag-on","20":"product_tag-overload","21":"product_tag-overloadr","22":"product_tag-paola","23":"product_tag-podcast","24":"product_tag-rique","25":"product_tag-rocks","26":"product_tag-sampaio","27":"product_tag-silveira","28":"product_tag-teixeira","29":"product_tag-the","30":"product_tag-video","31":"product_tag-videogame","32":"pa_cor-cinza","33":"pa_tamanho-2g","34":"pa_tamanho-3g","35":"pa_tamanho-4g","36":"pa_tamanho-g","37":"pa_tamanho-m","38":"pa_tamanho-p","39":"pa_tema-Games","40":"product_type-variable","41":"product_visibility-outofstock","77":"first","78":"outofstock","79":"shipping-taxable","80":"purchasable","81":"product-type-variable"},"_links":{"self":[{"href":"https:\/\/asbaratas.com.br\/loja\/wp-json\/wp\/v2\/product\/3898","targetHints":{"allow":["GET"]}}],"collection":[{"href":"https:\/\/asbaratas.com.br\/loja\/wp-json\/wp\/v2\/product"}],"about":[{"href":"https:\/\/asbaratas.com.br\/loja\/wp-json\/wp\/v2\/types\/product"}],"replies":[{"embeddable":true,"href":"https:\/\/asbaratas.com.br\/loja\/wp-json\/wp\/v2\/comments?post=3898"}],"wp:featuredmedia":[{"embeddable":true,"href":"https:\/\/asbaratas.com.br\/loja\/wp-json\/wp\/v2\/media\/3899"}],"wp:attachment":[{"href":"https:\/\/asbaratas.com.br\/loja\/wp-json\/wp\/v2\/media?parent=3898"}],"wp:term":[{"taxonomy":"product_brand","embeddable":true,"href":"https:\/\/asbaratas.com.br\/loja\/wp-json\/wp\/v2\/product_brand?post=3898"},{"taxonomy":"product_cat","embeddable":true,"href":"https:\/\/asbaratas.com.br\/loja\/wp-json\/wp\/v2\/product_cat?post=3898"},{"taxonomy":"product_tag","embeddable":true,"href":"https:\/\/asbaratas.com.br\/loja\/wp-json\/wp\/v2\/product_tag?post=3898"}],"curies":[{"name":"wp","href":"https:\/\/api.w.org\/{rel}","templated":true}]}}