{"id":38850,"date":"2019-10-23T11:39:39","date_gmt":"2019-10-23T14:39:39","guid":{"rendered":"https:\/\/asbaratas.com.br\/loja\/?post_type=product&#038;p=38850"},"modified":"2026-04-17T19:31:15","modified_gmt":"2026-04-17T22:31:15","slug":"3-head-munster","status":"publish","type":"product","link":"https:\/\/asbaratas.com.br\/loja\/produto\/3-head-munster\/","title":{"rendered":"3 HEAD MUNSTER"},"content":{"rendered":"<p>O monstro de 3 cabe\u00e7as saiu da jaula e n\u00e3o h\u00e1 dedo no olho, nem torta na cara que possa impedir toda essa destrui\u00e7\u00e3o monocrom\u00e1tica!<\/p>\n<p>Malha em 100% algod\u00e3o na cor preta com estampa em silk cromia de alta qualidade.<\/p>\n<p>A taxa de encolhimento \u00e9 em m\u00e9dia 3% variando dos m\u00e9todos de lavagem.<\/p>\n<p>DICAS PARA SUA CAMISETA DURAR MUITO:<br \/>\n\u2022 LAVE COM \u00c1GUA FRIA<br \/>\n\u2022 PASSE ELA DO AVESSO<br \/>\n\u2022 N\u00c3O COLOQUE NA M\u00c1QUINA DE SECAR<br \/>\n\u2022 N\u00c3O DEIXE DE MOLHO<br \/>\n\u2022 SEMPRE SEQUE \u00c0 SOMBRA<\/p>\n<p>Arte por Marcelo Damm<\/p>\n<p>As camisetas s\u00e3o despachadas em at\u00e9 3 dias \u00fateis.<\/p>\n","protected":false},"excerpt":{"rendered":"<p>O monstro de 3 cabe\u00e7as saiu da jaula e n\u00e3o h\u00e1 dedo no olho, nem torta na cara que possa impedir toda essa destrui\u00e7\u00e3o monocrom\u00e1tica! Malha em 100% algod\u00e3o na cor preta com estampa em silk cromia de alta qualidade. A taxa de encolhimento \u00e9 em m\u00e9dia 3% variando dos m\u00e9todos de lavagem. DICAS PARA [&#8230;]\n","protected":false},"featured_media":38880,"comment_status":"open","ping_status":"closed","template":"","meta":[],"product_brand":[],"product_cat":[83],"product_tag":[1369,182,181,213,1370,183,576,577,222,223,935,937,936,1372,1371,933,366,1367,932,260,259,1373,1366,262,536,1368,938],"class_list":{"0":"post-38850","1":"product","2":"type-product","3":"status-publish","4":"has-post-thumbnail","6":"product_cat-camiseta-reta","7":"product_tag-1369","8":"product_tag-camisa","9":"product_tag-camiseta","10":"product_tag-cinema","11":"product_tag-curly","12":"product_tag-estampa","13":"product_tag-godzilla","14":"product_tag-gojira","15":"product_tag-japao","16":"product_tag-japones","17":"product_tag-king","18":"product_tag-kingkong","19":"product_tag-kong","20":"product_tag-larry","21":"product_tag-moe","22":"product_tag-nicolas","23":"product_tag-oriental","24":"product_tag-patetas","25":"product_tag-podtrash","26":"product_tag-seriado","27":"product_tag-serie-de-tv","28":"product_tag-shemp","29":"product_tag-stooges","30":"product_tag-televisao","31":"product_tag-terror","32":"product_tag-tres","33":"product_tag-zilla","34":"pa_artista-fabiovermelho","35":"pa_cor-preto","36":"pa_tamanho-2g","37":"pa_tamanho-3g","38":"pa_tamanho-4g","39":"pa_tamanho-5g","40":"pa_tamanho-g","41":"pa_tamanho-m","42":"pa_tamanho-p","43":"pa_tema-Cinema","44":"pa_tema-Humor","45":"pa_tema-Parodia","46":"pa_tema-Televisao","47":"product_type-variable","49":"product_tag-3","90":"first","91":"instock","92":"shipping-taxable","93":"purchasable","94":"product-type-variable","95":"has-default-attributes"},"_links":{"self":[{"href":"https:\/\/asbaratas.com.br\/loja\/wp-json\/wp\/v2\/product\/38850","targetHints":{"allow":["GET"]}}],"collection":[{"href":"https:\/\/asbaratas.com.br\/loja\/wp-json\/wp\/v2\/product"}],"about":[{"href":"https:\/\/asbaratas.com.br\/loja\/wp-json\/wp\/v2\/types\/product"}],"replies":[{"embeddable":true,"href":"https:\/\/asbaratas.com.br\/loja\/wp-json\/wp\/v2\/comments?post=38850"}],"wp:featuredmedia":[{"embeddable":true,"href":"https:\/\/asbaratas.com.br\/loja\/wp-json\/wp\/v2\/media\/38880"}],"wp:attachment":[{"href":"https:\/\/asbaratas.com.br\/loja\/wp-json\/wp\/v2\/media?parent=38850"}],"wp:term":[{"taxonomy":"product_brand","embeddable":true,"href":"https:\/\/asbaratas.com.br\/loja\/wp-json\/wp\/v2\/product_brand?post=38850"},{"taxonomy":"product_cat","embeddable":true,"href":"https:\/\/asbaratas.com.br\/loja\/wp-json\/wp\/v2\/product_cat?post=38850"},{"taxonomy":"product_tag","embeddable":true,"href":"https:\/\/asbaratas.com.br\/loja\/wp-json\/wp\/v2\/product_tag?post=38850"}],"curies":[{"name":"wp","href":"https:\/\/api.w.org\/{rel}","templated":true}]}}