{"id":38836,"date":"2019-10-23T11:35:53","date_gmt":"2019-10-23T14:35:53","guid":{"rendered":"https:\/\/asbaratas.com.br\/loja\/?post_type=product&#038;p=38836"},"modified":"2025-12-10T19:42:28","modified_gmt":"2025-12-10T22:42:28","slug":"the-saw-is-family","status":"publish","type":"product","link":"https:\/\/asbaratas.com.br\/loja\/produto\/the-saw-is-family\/","title":{"rendered":"The SAW is FAMILY"},"content":{"rendered":"<p>Essa fam\u00edlia \u00e9 muito unida, e tamb\u00e9m muito assassina, canibal e ca\u00f3tica!<\/p>\n<p>Malha em 100% algod\u00e3o na cor roxa com estampa em silk de alta qualidade.<\/p>\n<p>A taxa de encolhimento \u00e9 em m\u00e9dia 3% variando dos m\u00e9todos de lavagem.<\/p>\n<p>DICAS PARA SUA CAMISETA DURAR MUITO:<br \/>\n\u2022 LAVE COM \u00c1GUA FRIA<br \/>\n\u2022 PASSE ELA DO AVESSO<br \/>\n\u2022 N\u00c3O COLOQUE NA M\u00c1QUINA DE SECAR<br \/>\n\u2022 N\u00c3O DEIXE DE MOLHO<br \/>\n\u2022 SEMPRE SEQUE \u00c0 SOMBRA<\/p>\n<p>Arte por Pedro D&#8217;Apremont<\/p>\n<p>As camisetas s\u00e3o despachadas em at\u00e9 3 dias \u00fateis.<\/p>\n","protected":false},"excerpt":{"rendered":"<p>Essa fam\u00edlia \u00e9 muito unida, e tamb\u00e9m muito assassina, canibal e ca\u00f3tica! Malha em 100% algod\u00e3o na cor roxa com estampa em silk de alta qualidade. A taxa de encolhimento \u00e9 em m\u00e9dia 3% variando dos m\u00e9todos de lavagem. DICAS PARA SUA CAMISETA DURAR MUITO: \u2022 LAVE COM \u00c1GUA FRIA \u2022 PASSE ELA DO AVESSO [&#8230;]\n","protected":false},"featured_media":38875,"comment_status":"open","ping_status":"closed","template":"","meta":[],"product_brand":[],"product_cat":[83],"product_tag":[181,1360,1363,1365,1364,1361,1362,536,1359],"class_list":{"0":"post-38836","1":"product","2":"type-product","3":"status-publish","4":"has-post-thumbnail","6":"product_cat-camiseta-reta","7":"product_tag-camiseta","8":"product_tag-chainsaw","9":"product_tag-eletrica","10":"product_tag-horror","11":"product_tag-leatherface","12":"product_tag-massacre","13":"product_tag-serra","14":"product_tag-terror","15":"product_tag-texas","16":"pa_artista-pedrodapremont","17":"pa_cor-preto","18":"pa_tamanho-2g","19":"pa_tamanho-3g","20":"pa_tamanho-4g","21":"pa_tamanho-5g","22":"pa_tamanho-g","23":"pa_tamanho-m","24":"pa_tamanho-p","25":"pa_tamanho-pp","26":"pa_tema-Cinema","27":"pa_tema-DesenhoAnimado","28":"pa_tema-HQ","29":"pa_tema-Parodia","30":"product_type-variable","31":"product_visibility-outofstock","53":"pa_tema-Desenho Animado","57":"first","58":"outofstock","59":"shipping-taxable","60":"purchasable","61":"product-type-variable","62":"has-default-attributes"},"_links":{"self":[{"href":"https:\/\/asbaratas.com.br\/loja\/wp-json\/wp\/v2\/product\/38836","targetHints":{"allow":["GET"]}}],"collection":[{"href":"https:\/\/asbaratas.com.br\/loja\/wp-json\/wp\/v2\/product"}],"about":[{"href":"https:\/\/asbaratas.com.br\/loja\/wp-json\/wp\/v2\/types\/product"}],"replies":[{"embeddable":true,"href":"https:\/\/asbaratas.com.br\/loja\/wp-json\/wp\/v2\/comments?post=38836"}],"wp:featuredmedia":[{"embeddable":true,"href":"https:\/\/asbaratas.com.br\/loja\/wp-json\/wp\/v2\/media\/38875"}],"wp:attachment":[{"href":"https:\/\/asbaratas.com.br\/loja\/wp-json\/wp\/v2\/media?parent=38836"}],"wp:term":[{"taxonomy":"product_brand","embeddable":true,"href":"https:\/\/asbaratas.com.br\/loja\/wp-json\/wp\/v2\/product_brand?post=38836"},{"taxonomy":"product_cat","embeddable":true,"href":"https:\/\/asbaratas.com.br\/loja\/wp-json\/wp\/v2\/product_cat?post=38836"},{"taxonomy":"product_tag","embeddable":true,"href":"https:\/\/asbaratas.com.br\/loja\/wp-json\/wp\/v2\/product_tag?post=38836"}],"curies":[{"name":"wp","href":"https:\/\/api.w.org\/{rel}","templated":true}]}}