{"id":38822,"date":"2019-10-23T11:32:39","date_gmt":"2019-10-23T14:32:39","guid":{"rendered":"https:\/\/asbaratas.com.br\/loja\/?post_type=product&#038;p=38822"},"modified":"2026-04-17T19:31:51","modified_gmt":"2026-04-17T22:31:51","slug":"horror-punks","status":"publish","type":"product","link":"https:\/\/asbaratas.com.br\/loja\/produto\/horror-punks\/","title":{"rendered":"HORROR PUNKS"},"content":{"rendered":"<p>Os caras mais undergrounds chegaram tocando o terror! Se n\u00e3o gostou vai chamar a mam\u00e3e!<\/p>\n<p>Malha em 100% algod\u00e3o na cor preta com estampa em silk de alta qualidade.<\/p>\n<p>A taxa de encolhimento \u00e9 em m\u00e9dia 3% variando dos m\u00e9todos de lavagem.<\/p>\n<p>DICAS PARA SUA CAMISETA DURAR MUITO:<br \/>\n\u2022 LAVE COM \u00c1GUA FRIA<br \/>\n\u2022 PASSE ELA DO AVESSO<br \/>\n\u2022 N\u00c3O COLOQUE NA M\u00c1QUINA DE SECAR<br \/>\n\u2022 N\u00c3O DEIXE DE MOLHO<br \/>\n\u2022 SEMPRE SEQUE \u00c0 SOMBRA<\/p>\n<p>Arte por Loud!<\/p>\n<p>As camisetas s\u00e3o despachadas em at\u00e9 3 dias \u00fateis.<\/p>\n","protected":false},"excerpt":{"rendered":"<p>Os caras mais undergrounds chegaram tocando o terror! Se n\u00e3o gostou vai chamar a mam\u00e3e! Malha em 100% algod\u00e3o na cor preta com estampa em silk de alta qualidade. A taxa de encolhimento \u00e9 em m\u00e9dia 3% variando dos m\u00e9todos de lavagem. DICAS PARA SUA CAMISETA DURAR MUITO: \u2022 LAVE COM \u00c1GUA FRIA \u2022 PASSE [&#8230;]\n","protected":false},"featured_media":38871,"comment_status":"open","ping_status":"closed","template":"","meta":[],"product_brand":[],"product_cat":[83],"product_tag":[184,1274,1273,1272,519,1267,1271,1205,1357,654,1269,437,1139,1270,1268],"class_list":{"0":"post-38822","1":"product","2":"type-product","3":"status-publish","4":"has-post-thumbnail","6":"product_cat-camiseta-reta","7":"product_tag-ilustracao","8":"product_tag-jo","9":"product_tag-joey","10":"product_tag-johnny","11":"product_tag-justiceiro","12":"product_tag-loud","13":"product_tag-mashuo","14":"product_tag-mashup","15":"product_tag-misfits","16":"product_tag-movie","17":"product_tag-ramone","18":"product_tag-ramones","19":"product_tag-spider","20":"product_tag-spiderman","21":"product_tag-wagner","22":"pa_artista-loud","23":"pa_cor-preto","24":"pa_tamanho-2g","25":"pa_tamanho-3g","26":"pa_tamanho-4g","27":"pa_tamanho-5g","28":"pa_tamanho-g","29":"pa_tamanho-m","30":"pa_tamanho-p","31":"pa_tamanho-pp","32":"pa_tema-HQ","33":"pa_tema-Mashup","34":"pa_tema-Musica","35":"pa_tema-Parodia","36":"product_type-variable","68":"first","69":"instock","70":"shipping-taxable","71":"purchasable","72":"product-type-variable","73":"has-default-attributes"},"_links":{"self":[{"href":"https:\/\/asbaratas.com.br\/loja\/wp-json\/wp\/v2\/product\/38822","targetHints":{"allow":["GET"]}}],"collection":[{"href":"https:\/\/asbaratas.com.br\/loja\/wp-json\/wp\/v2\/product"}],"about":[{"href":"https:\/\/asbaratas.com.br\/loja\/wp-json\/wp\/v2\/types\/product"}],"replies":[{"embeddable":true,"href":"https:\/\/asbaratas.com.br\/loja\/wp-json\/wp\/v2\/comments?post=38822"}],"wp:featuredmedia":[{"embeddable":true,"href":"https:\/\/asbaratas.com.br\/loja\/wp-json\/wp\/v2\/media\/38871"}],"wp:attachment":[{"href":"https:\/\/asbaratas.com.br\/loja\/wp-json\/wp\/v2\/media?parent=38822"}],"wp:term":[{"taxonomy":"product_brand","embeddable":true,"href":"https:\/\/asbaratas.com.br\/loja\/wp-json\/wp\/v2\/product_brand?post=38822"},{"taxonomy":"product_cat","embeddable":true,"href":"https:\/\/asbaratas.com.br\/loja\/wp-json\/wp\/v2\/product_cat?post=38822"},{"taxonomy":"product_tag","embeddable":true,"href":"https:\/\/asbaratas.com.br\/loja\/wp-json\/wp\/v2\/product_tag?post=38822"}],"curies":[{"name":"wp","href":"https:\/\/api.w.org\/{rel}","templated":true}]}}