{"id":38789,"date":"2019-10-23T11:26:21","date_gmt":"2019-10-23T14:26:21","guid":{"rendered":"https:\/\/asbaratas.com.br\/loja\/?post_type=product&#038;p=38789"},"modified":"2026-04-17T19:32:41","modified_gmt":"2026-04-17T22:32:41","slug":"tarantino_pawn","status":"publish","type":"product","link":"https:\/\/asbaratas.com.br\/loja\/produto\/tarantino_pawn\/","title":{"rendered":"TARANTINO\u00b4S PAWN STARS"},"content":{"rendered":"<p>Quando se trata da filmografia de Tarantino o trato feito \u00e9 certo!<\/p>\n<p>Malha em 100% algod\u00e3o na cor preta com estampa em silk de alta qualidade.<\/p>\n<p>A taxa de encolhimento \u00e9 em m\u00e9dia 3% variando dos m\u00e9todos de lavagem.<\/p>\n<p>DICAS PARA SUA CAMISETA DURAR MUITO:<br \/>\n\u2022 LAVE COM \u00c1GUA FRIA<br \/>\n\u2022 PASSE ELA DO AVESSO<br \/>\n\u2022 N\u00c3O COLOQUE NA M\u00c1QUINA DE SECAR<br \/>\n\u2022 N\u00c3O DEIXE DE MOLHO<br \/>\n\u2022 SEMPRE SEQUE \u00c0 SOMBRA<\/p>\n<p>Arte por Thobias Daneluz<\/p>\n<p>As camisetas s\u00e3o despachadas em at\u00e9 3 dias \u00fateis.<\/p>\n","protected":false},"excerpt":{"rendered":"<p>Quando se trata da filmografia de Tarantino o trato feito \u00e9 certo! Malha em 100% algod\u00e3o na cor preta com estampa em silk de alta qualidade. A taxa de encolhimento \u00e9 em m\u00e9dia 3% variando dos m\u00e9todos de lavagem. DICAS PARA SUA CAMISETA DURAR MUITO: \u2022 LAVE COM \u00c1GUA FRIA \u2022 PASSE ELA DO AVESSO [&#8230;]\n","protected":false},"featured_media":38874,"comment_status":"open","ping_status":"closed","template":"","meta":[],"product_brand":[],"product_cat":[83],"product_tag":[1285,266,182,181,532,213,183,1283,1281,212,203,1280,752,1282,409,267,1284],"class_list":{"0":"post-38789","1":"product","2":"type-product","3":"status-publish","4":"has-post-thumbnail","6":"product_cat-camiseta-reta","7":"product_tag-beatrix","8":"product_tag-bill","9":"product_tag-camisa","10":"product_tag-camiseta","11":"product_tag-cassandra","12":"product_tag-cinema","13":"product_tag-estampa","14":"product_tag-exploitation","15":"product_tag-ferreira","16":"product_tag-filme","17":"product_tag-kill","18":"product_tag-laudo","19":"product_tag-power","20":"product_tag-pussy","21":"product_tag-quentin","22":"product_tag-tarantino","23":"product_tag-wagon","24":"pa_artista-thobias","25":"pa_cor-preto","26":"pa_tamanho-2g","27":"pa_tamanho-3g","28":"pa_tamanho-4g","29":"pa_tamanho-5g","30":"pa_tamanho-g","31":"pa_tamanho-m","32":"pa_tamanho-p","33":"pa_tema-Cinema","34":"pa_tema-Mashup","35":"pa_tema-Parodia","36":"product_type-variable","37":"product_visibility-outofstock","69":"first","70":"outofstock","71":"shipping-taxable","72":"purchasable","73":"product-type-variable","74":"has-default-attributes"},"_links":{"self":[{"href":"https:\/\/asbaratas.com.br\/loja\/wp-json\/wp\/v2\/product\/38789","targetHints":{"allow":["GET"]}}],"collection":[{"href":"https:\/\/asbaratas.com.br\/loja\/wp-json\/wp\/v2\/product"}],"about":[{"href":"https:\/\/asbaratas.com.br\/loja\/wp-json\/wp\/v2\/types\/product"}],"replies":[{"embeddable":true,"href":"https:\/\/asbaratas.com.br\/loja\/wp-json\/wp\/v2\/comments?post=38789"}],"wp:featuredmedia":[{"embeddable":true,"href":"https:\/\/asbaratas.com.br\/loja\/wp-json\/wp\/v2\/media\/38874"}],"wp:attachment":[{"href":"https:\/\/asbaratas.com.br\/loja\/wp-json\/wp\/v2\/media?parent=38789"}],"wp:term":[{"taxonomy":"product_brand","embeddable":true,"href":"https:\/\/asbaratas.com.br\/loja\/wp-json\/wp\/v2\/product_brand?post=38789"},{"taxonomy":"product_cat","embeddable":true,"href":"https:\/\/asbaratas.com.br\/loja\/wp-json\/wp\/v2\/product_cat?post=38789"},{"taxonomy":"product_tag","embeddable":true,"href":"https:\/\/asbaratas.com.br\/loja\/wp-json\/wp\/v2\/product_tag?post=38789"}],"curies":[{"name":"wp","href":"https:\/\/api.w.org\/{rel}","templated":true}]}}