{"id":3815,"date":"2019-12-17T01:24:30","date_gmt":"2019-12-17T04:24:30","guid":{"rendered":"http:\/\/TDK_MASC"},"modified":"2025-12-10T19:42:22","modified_gmt":"2025-12-10T22:42:22","slug":"tdk_masc","status":"publish","type":"product","link":"https:\/\/asbaratas.com.br\/loja\/produto\/tdk_masc\/","title":{"rendered":"TDK"},"content":{"rendered":"<p>A vers\u00e3o mais aclamada do s\u00edmbolo do cavaleiro das trevas voc\u00ea s\u00f3 encontra aqui nas Baratas!<\/p>\n<p>Camiseta feita com nossa malha ver\u00e3o, que \u00e9 mais leve para o dia-a-dia e tem um caimento um pouco mais leve. Composi\u00e7\u00e3o 50% algod\u00e3o e 50% poli\u00e9ster, na cor cinza-mescla e estampa com silk de alta qualidade.<\/p>\n<p>A taxa de encolhimento \u00e9 em m\u00e9dia 3% variando dos m\u00e9todos de lavagem.<\/p>\n<p>DICAS PARA SUA CAMISETA DURAR MUITO:<br \/>\n\u2022 LAVE COM \u00c1GUA FRIA<br \/>\n\u2022 PASSE ELA DO AVESSO<br \/>\n\u2022 N\u00c3O COLOQUE NA M\u00c1QUINA DE SECAR<br \/>\n\u2022 N\u00c3O DEIXE DE MOLHO<br \/>\n\u2022 SEMPRE SEQUE \u00c0 SOMBRA<\/p>\n<p>Arte por\u00a0Shin Koheo<\/p>\n<p>As camisetas s\u00e3o despachadas em at\u00e9 3 dias \u00fateis.<\/p>\n","protected":false},"excerpt":{"rendered":"<p>A vers\u00e3o mais aclamada do s\u00edmbolo do cavaleiro das trevas voc\u00ea s\u00f3 encontra aqui nas Baratas! Camiseta feita com nossa malha ver\u00e3o, que \u00e9 mais leve para o dia-a-dia e tem um caimento um pouco mais leve. Composi\u00e7\u00e3o 50% algod\u00e3o e 50% poli\u00e9ster, na cor cinza-mescla e estampa com silk de alta qualidade. A taxa [&#8230;]\n","protected":false},"featured_media":3816,"comment_status":"open","ping_status":"closed","template":"","meta":[],"product_brand":[],"product_cat":[83],"product_tag":[221,323,301,182,181,213,320,319,183,326,321,190,325,322,259,328,324,327],"class_list":{"0":"post-3815","1":"product","2":"type-product","3":"status-publish","4":"has-post-thumbnail","6":"product_cat-camiseta-reta","7":"product_tag-animacao","8":"product_tag-bat","9":"product_tag-batman","10":"product_tag-camisa","11":"product_tag-camiseta","12":"product_tag-cinema","13":"product_tag-dc","14":"product_tag-desenho-animado","15":"product_tag-estampa","16":"product_tag-heroi","17":"product_tag-homem-morcego","18":"product_tag-hq","19":"product_tag-logo","20":"product_tag-morcego","21":"product_tag-serie-de-tv","22":"product_tag-shinkoheo","23":"product_tag-simbolo","24":"product_tag-super-heroi","25":"pa_artista-barata","26":"pa_cor-cinza","27":"pa_tamanho-2g","28":"pa_tamanho-3g","29":"pa_tamanho-4g","30":"pa_tamanho-5g","31":"pa_tamanho-g","32":"pa_tamanho-m","33":"pa_tamanho-p","34":"pa_tamanho-pp","35":"pa_tema-Cinema","36":"pa_tema-DesenhoAnimado","37":"pa_tema-HQ","38":"product_type-variable","69":"pa_tema-Desenho Animado","72":"first","73":"instock","74":"shipping-taxable","75":"purchasable","76":"product-type-variable"},"_links":{"self":[{"href":"https:\/\/asbaratas.com.br\/loja\/wp-json\/wp\/v2\/product\/3815","targetHints":{"allow":["GET"]}}],"collection":[{"href":"https:\/\/asbaratas.com.br\/loja\/wp-json\/wp\/v2\/product"}],"about":[{"href":"https:\/\/asbaratas.com.br\/loja\/wp-json\/wp\/v2\/types\/product"}],"replies":[{"embeddable":true,"href":"https:\/\/asbaratas.com.br\/loja\/wp-json\/wp\/v2\/comments?post=3815"}],"wp:featuredmedia":[{"embeddable":true,"href":"https:\/\/asbaratas.com.br\/loja\/wp-json\/wp\/v2\/media\/3816"}],"wp:attachment":[{"href":"https:\/\/asbaratas.com.br\/loja\/wp-json\/wp\/v2\/media?parent=3815"}],"wp:term":[{"taxonomy":"product_brand","embeddable":true,"href":"https:\/\/asbaratas.com.br\/loja\/wp-json\/wp\/v2\/product_brand?post=3815"},{"taxonomy":"product_cat","embeddable":true,"href":"https:\/\/asbaratas.com.br\/loja\/wp-json\/wp\/v2\/product_cat?post=3815"},{"taxonomy":"product_tag","embeddable":true,"href":"https:\/\/asbaratas.com.br\/loja\/wp-json\/wp\/v2\/product_tag?post=3815"}],"curies":[{"name":"wp","href":"https:\/\/api.w.org\/{rel}","templated":true}]}}