{"id":3765,"date":"2017-03-15T01:24:05","date_gmt":"2017-03-15T04:24:05","guid":{"rendered":"http:\/\/SUPER_CLASSIC"},"modified":"2026-04-17T19:32:37","modified_gmt":"2026-04-17T22:32:37","slug":"super_classic","status":"publish","type":"product","link":"https:\/\/asbaratas.com.br\/loja\/produto\/super_classic\/","title":{"rendered":"SUPER CLASSIC"},"content":{"rendered":"<p>Agora o Super-Homem tem uma camiseta na sua vers\u00e3o cl\u00e1ssica aqui nas Baratas! Com ela, nenhuma cabine telef\u00f4nica ser\u00e1 a mesma.<\/p>\n<p>Camiseta feita com nossa malha ver\u00e3o, que \u00e9 mais leve para o dia-a-dia e tem um caimento um pouco mais suave. Composi\u00e7\u00e3o 50% algod\u00e3o e 50% poli\u00e9ster, na cor azul-mescla e estampa com silk de alta qualidade.<\/p>\n<p>A taxa de encolhimento \u00e9 em m\u00e9dia 3% variando dos m\u00e9todos de lavagem.<\/p>\n<p>DICAS PARA SUA CAMISETA DURAR MUITO:<br \/>\n\u2022 LAVE COM \u00c1GUA FRIA<br \/>\n\u2022 PASSE ELA DO AVESSO<br \/>\n\u2022 N\u00c3O COLOQUE NA M\u00c1QUINA DE SECAR<br \/>\n\u2022 N\u00c3O DEIXE DE MOLHO<br \/>\n\u2022 SEMPRE SEQUE \u00c0 SOMBRA<\/p>\n<p>Arte por\u00a0Shin Koheo.<\/p>\n<p>As camisetas s\u00e3o despachadas em at\u00e9 3 dias \u00fateis.<\/p>\n","protected":false},"excerpt":{"rendered":"<p>Agora o Super-Homem tem uma camiseta na sua vers\u00e3o cl\u00e1ssica aqui nas Baratas! Com ela, nenhuma cabine telef\u00f4nica ser\u00e1 a mesma. Camiseta feita com nossa malha ver\u00e3o, que \u00e9 mais leve para o dia-a-dia e tem um caimento um pouco mais suave. Composi\u00e7\u00e3o 50% algod\u00e3o e 50% poli\u00e9ster, na cor azul-mescla e estampa com silk [&#8230;]\n","protected":false},"featured_media":3766,"comment_status":"open","ping_status":"closed","template":"","meta":[],"product_brand":[],"product_cat":[83],"product_tag":[852,221,182,181,213,320,319,183,326,334,190,325,259,328,324,853,327,851,850,854],"class_list":{"0":"post-3765","1":"product","2":"type-product","3":"status-publish","4":"has-post-thumbnail","6":"product_cat-camiseta-reta","7":"product_tag-alex-ross","8":"product_tag-animacao","9":"product_tag-camisa","10":"product_tag-camiseta","11":"product_tag-cinema","12":"product_tag-dc","13":"product_tag-desenho-animado","14":"product_tag-estampa","15":"product_tag-heroi","16":"product_tag-homem","17":"product_tag-hq","18":"product_tag-logo","19":"product_tag-serie-de-tv","20":"product_tag-shinkoheo","21":"product_tag-simbolo","22":"product_tag-super","23":"product_tag-super-heroi","24":"product_tag-super-homem","25":"product_tag-superman","26":"product_tag-uniforme","27":"pa_artista-barata","28":"pa_cor-azul","29":"pa_malha-verao","30":"pa_tamanho-2g","31":"pa_tamanho-3g","32":"pa_tamanho-4g","33":"pa_tamanho-5g","34":"pa_tamanho-g","35":"pa_tamanho-m","36":"pa_tamanho-p","37":"pa_tamanho-pp","38":"pa_tema-Cinema","39":"pa_tema-DesenhoAnimado","40":"pa_tema-HQ","41":"product_type-variable","42":"product_visibility-outofstock","76":"pa_tema-Desenho Animado","79":"first","80":"outofstock","81":"shipping-taxable","82":"purchasable","83":"product-type-variable"},"_links":{"self":[{"href":"https:\/\/asbaratas.com.br\/loja\/wp-json\/wp\/v2\/product\/3765","targetHints":{"allow":["GET"]}}],"collection":[{"href":"https:\/\/asbaratas.com.br\/loja\/wp-json\/wp\/v2\/product"}],"about":[{"href":"https:\/\/asbaratas.com.br\/loja\/wp-json\/wp\/v2\/types\/product"}],"replies":[{"embeddable":true,"href":"https:\/\/asbaratas.com.br\/loja\/wp-json\/wp\/v2\/comments?post=3765"}],"wp:featuredmedia":[{"embeddable":true,"href":"https:\/\/asbaratas.com.br\/loja\/wp-json\/wp\/v2\/media\/3766"}],"wp:attachment":[{"href":"https:\/\/asbaratas.com.br\/loja\/wp-json\/wp\/v2\/media?parent=3765"}],"wp:term":[{"taxonomy":"product_brand","embeddable":true,"href":"https:\/\/asbaratas.com.br\/loja\/wp-json\/wp\/v2\/product_brand?post=3765"},{"taxonomy":"product_cat","embeddable":true,"href":"https:\/\/asbaratas.com.br\/loja\/wp-json\/wp\/v2\/product_cat?post=3765"},{"taxonomy":"product_tag","embeddable":true,"href":"https:\/\/asbaratas.com.br\/loja\/wp-json\/wp\/v2\/product_tag?post=3765"}],"curies":[{"name":"wp","href":"https:\/\/api.w.org\/{rel}","templated":true}]}}