{"id":3756,"date":"2019-12-17T01:24:01","date_gmt":"2019-12-17T04:24:01","guid":{"rendered":"http:\/\/SVSBIZARRO"},"modified":"2026-03-11T11:23:25","modified_gmt":"2026-03-11T14:23:25","slug":"svsbizarro","status":"publish","type":"product","link":"https:\/\/asbaratas.com.br\/loja\/produto\/svsbizarro\/","title":{"rendered":"SLOTH vs BIZARRO"},"content":{"rendered":"<p>A camiseta absoluta para os f\u00e3s dos Goonies e quadrinhos do anti-Superman, o BIZARRO!!!<\/p>\n<p>Malha em 100% algod\u00e3o na cor azul escuro com estampa em silk de alta qualidade.<\/p>\n<p>A taxa de encolhimento \u00e9 em m\u00e9dia 3% variando dos m\u00e9todos de lavagem.<\/p>\n<p>DICAS PARA SUA CAMISETA DURAR MUITO:<br \/>\n\u2022 LAVE COM \u00c1GUA FRIA<br \/>\n\u2022 PASSE ELA DO AVESSO<br \/>\n\u2022 N\u00c3O COLOQUE NA M\u00c1QUINA DE SECAR<br \/>\n\u2022 N\u00c3O DEIXE DE MOLHO<br \/>\n\u2022 SEMPRE SEQUE \u00c0 SOMBRA<\/p>\n<p>Arte por Marcos Caldas<\/p>\n<p>As camisetas s\u00e3o despachadas em at\u00e9 3 dias \u00fateis.<\/p>\n","protected":false},"excerpt":{"rendered":"<p>A camiseta absoluta para os f\u00e3s dos Goonies e quadrinhos do anti-Superman, o BIZARRO!!! Malha em 100% algod\u00e3o na cor azul escuro com estampa em silk de alta qualidade. A taxa de encolhimento \u00e9 em m\u00e9dia 3% variando dos m\u00e9todos de lavagem. DICAS PARA SUA CAMISETA DURAR MUITO: \u2022 LAVE COM \u00c1GUA FRIA \u2022 PASSE [&#8230;]\n","protected":false},"featured_media":3757,"comment_status":"open","ping_status":"closed","template":"","meta":[],"product_brand":[],"product_cat":[83],"product_tag":[849,182,181,183,846,848,670,847,850],"class_list":{"0":"post-3756","1":"product","2":"type-product","3":"status-publish","4":"has-post-thumbnail","6":"product_cat-camiseta-reta","7":"product_tag-bizarro","8":"product_tag-camisa","9":"product_tag-camiseta","10":"product_tag-estampa","11":"product_tag-goonies","12":"product_tag-gordo","13":"product_tag-raglan","14":"product_tag-sloth","15":"product_tag-superman","16":"pa_artista-marcoscaldas","17":"pa_cor-azul-escuro","18":"pa_tamanho-2g","19":"pa_tamanho-3g","20":"pa_tamanho-4g","21":"pa_tamanho-5g","22":"pa_tamanho-g","23":"pa_tamanho-m","24":"pa_tamanho-p","25":"pa_tamanho-pp","26":"pa_tema-Cinema","27":"pa_tema-Oriental","28":"pa_tema-series","29":"product_type-variable","30":"product_visibility-outofstock","55":"first","56":"outofstock","57":"shipping-taxable","58":"purchasable","59":"product-type-variable"},"_links":{"self":[{"href":"https:\/\/asbaratas.com.br\/loja\/wp-json\/wp\/v2\/product\/3756","targetHints":{"allow":["GET"]}}],"collection":[{"href":"https:\/\/asbaratas.com.br\/loja\/wp-json\/wp\/v2\/product"}],"about":[{"href":"https:\/\/asbaratas.com.br\/loja\/wp-json\/wp\/v2\/types\/product"}],"replies":[{"embeddable":true,"href":"https:\/\/asbaratas.com.br\/loja\/wp-json\/wp\/v2\/comments?post=3756"}],"wp:featuredmedia":[{"embeddable":true,"href":"https:\/\/asbaratas.com.br\/loja\/wp-json\/wp\/v2\/media\/3757"}],"wp:attachment":[{"href":"https:\/\/asbaratas.com.br\/loja\/wp-json\/wp\/v2\/media?parent=3756"}],"wp:term":[{"taxonomy":"product_brand","embeddable":true,"href":"https:\/\/asbaratas.com.br\/loja\/wp-json\/wp\/v2\/product_brand?post=3756"},{"taxonomy":"product_cat","embeddable":true,"href":"https:\/\/asbaratas.com.br\/loja\/wp-json\/wp\/v2\/product_cat?post=3756"},{"taxonomy":"product_tag","embeddable":true,"href":"https:\/\/asbaratas.com.br\/loja\/wp-json\/wp\/v2\/product_tag?post=3756"}],"curies":[{"name":"wp","href":"https:\/\/api.w.org\/{rel}","templated":true}]}}