{"id":3747,"date":"2017-03-15T01:23:57","date_gmt":"2017-03-15T04:23:57","guid":{"rendered":"http:\/\/SHADALOO_MASC"},"modified":"2025-12-10T19:42:03","modified_gmt":"2025-12-10T22:42:03","slug":"shadaloo","status":"publish","type":"product","link":"https:\/\/asbaratas.com.br\/loja\/produto\/shadaloo\/","title":{"rendered":"SHADALOO"},"content":{"rendered":"<p>Fa\u00e7a parte do ex\u00e9rcito de Shadaloo com essa linda camiseta!<\/p>\n<p>Malha em 100% algod\u00e3o na cor vinho com estampa em silk de alta qualidade.<\/p>\n<p>A taxa de encolhimento \u00e9 em m\u00e9dia 3% variando dos m\u00e9todos de lavagem.<\/p>\n<p>DICAS PARA SUA CAMISETA DURAR MUITO:<br \/>\n\u2022 LAVE COM \u00c1GUA FRIA<br \/>\n\u2022 PASSE ELA DO AVESSO<br \/>\n\u2022 N\u00c3O COLOQUE NA M\u00c1QUINA DE SECAR<br \/>\n\u2022 N\u00c3O DEIXE DE MOLHO<br \/>\n\u2022 SEMPRE SEQUE \u00c0 SOMBRA<\/p>\n<p>Arte por\u00a0Shin Koheo<\/p>\n<p>As camisetas s\u00e3o despachadas em at\u00e9 3 dias \u00fateis.<\/p>\n","protected":false},"excerpt":{"rendered":"<p>Fa\u00e7a parte do ex\u00e9rcito de Shadaloo com essa linda camiseta! Malha em 100% algod\u00e3o na cor vinho com estampa em silk de alta qualidade. A taxa de encolhimento \u00e9 em m\u00e9dia 3% variando dos m\u00e9todos de lavagem. DICAS PARA SUA CAMISETA DURAR MUITO: \u2022 LAVE COM \u00c1GUA FRIA \u2022 PASSE ELA DO AVESSO \u2022 N\u00c3O [&#8230;]\n","protected":false},"featured_media":3748,"comment_status":"open","ping_status":"closed","template":"","meta":[],"product_brand":[],"product_cat":[83],"product_tag":[841,835,845,182,181,842,213,319,183,268,190,716,715,843,837,838,836,844,839,259,834,328,833,840,832,714,706],"class_list":{"0":"post-3747","1":"product","2":"type-product","3":"status-publish","4":"has-post-thumbnail","6":"product_cat-camiseta-reta","7":"product_tag-balrog","8":"product_tag-bison","9":"product_tag-blanka","10":"product_tag-camisa","11":"product_tag-camiseta","12":"product_tag-cammy","13":"product_tag-cinema","14":"product_tag-desenho-animado","15":"product_tag-estampa","16":"product_tag-game","17":"product_tag-hq","18":"product_tag-jogo","19":"product_tag-jogo-eletronico","20":"product_tag-ken","21":"product_tag-mister","22":"product_tag-mister-bison","23":"product_tag-mr-bison","24":"product_tag-ryu","25":"product_tag-sagat","26":"product_tag-serie-de-tv","27":"product_tag-shadaloo","28":"product_tag-shinkoheo","29":"product_tag-street-fighter","30":"product_tag-vega","31":"product_tag-video","32":"product_tag-video-game","33":"product_tag-videogame","34":"pa_artista-caio_oliveira","35":"pa_cor-vermelho","36":"pa_tamanho-2g","37":"pa_tamanho-3g","38":"pa_tamanho-4g","39":"pa_tamanho-g","40":"pa_tamanho-m","41":"pa_tamanho-p","42":"pa_tema-Cinema","43":"pa_tema-DesenhoAnimado","44":"pa_tema-Games","45":"product_type-variable","46":"product_visibility-outofstock","84":"pa_tema-Desenho Animado","87":"first","88":"outofstock","89":"shipping-taxable","90":"purchasable","91":"product-type-variable"},"_links":{"self":[{"href":"https:\/\/asbaratas.com.br\/loja\/wp-json\/wp\/v2\/product\/3747","targetHints":{"allow":["GET"]}}],"collection":[{"href":"https:\/\/asbaratas.com.br\/loja\/wp-json\/wp\/v2\/product"}],"about":[{"href":"https:\/\/asbaratas.com.br\/loja\/wp-json\/wp\/v2\/types\/product"}],"replies":[{"embeddable":true,"href":"https:\/\/asbaratas.com.br\/loja\/wp-json\/wp\/v2\/comments?post=3747"}],"wp:featuredmedia":[{"embeddable":true,"href":"https:\/\/asbaratas.com.br\/loja\/wp-json\/wp\/v2\/media\/3748"}],"wp:attachment":[{"href":"https:\/\/asbaratas.com.br\/loja\/wp-json\/wp\/v2\/media?parent=3747"}],"wp:term":[{"taxonomy":"product_brand","embeddable":true,"href":"https:\/\/asbaratas.com.br\/loja\/wp-json\/wp\/v2\/product_brand?post=3747"},{"taxonomy":"product_cat","embeddable":true,"href":"https:\/\/asbaratas.com.br\/loja\/wp-json\/wp\/v2\/product_cat?post=3747"},{"taxonomy":"product_tag","embeddable":true,"href":"https:\/\/asbaratas.com.br\/loja\/wp-json\/wp\/v2\/product_tag?post=3747"}],"curies":[{"name":"wp","href":"https:\/\/api.w.org\/{rel}","templated":true}]}}