{"id":3731,"date":"2017-03-15T01:23:49","date_gmt":"2017-03-15T04:23:49","guid":{"rendered":"http:\/\/DUCKFACE"},"modified":"2026-04-17T19:32:30","modified_gmt":"2026-04-17T22:32:30","slug":"duckface","status":"publish","type":"product","link":"https:\/\/asbaratas.com.br\/loja\/produto\/duckface\/","title":{"rendered":"SCROOGE"},"content":{"rendered":"<p>O pato mais rico e poderoso domundo finalmente tem sua homenagem em uma camiseta \u00fanica!<\/p>\n<p>Malha em 100% algod\u00e3o na cor preta\u00a0com estampa em silk de alta qualidade.<\/p>\n<p>A taxa de encolhimento \u00e9 em m\u00e9dia 3% variando dos m\u00e9todos de lavagem.<\/p>\n<p>DICAS PARA SUA CAMISETA DURAR MUITO:<br \/>\n\u2022 LAVE COM \u00c1GUA FRIA<br \/>\n\u2022 PASSE ELA DO AVESSO<br \/>\n\u2022 N\u00c3O COLOQUE NA M\u00c1QUINA DE SECAR<br \/>\n\u2022 N\u00c3O DEIXE DE MOLHO<br \/>\n\u2022 SEMPRE SEQUE \u00c0 SOMBRA<\/p>\n<p>Arte por Marcos Caldas<\/p>\n<p>As camisetas s\u00e3o despachadas em at\u00e9 3 dias \u00fateis.<\/p>\n","protected":false},"excerpt":{"rendered":"<p>O pato mais rico e poderoso domundo finalmente tem sua homenagem em uma camiseta \u00fanica! Malha em 100% algod\u00e3o na cor preta\u00a0com estampa em silk de alta qualidade. A taxa de encolhimento \u00e9 em m\u00e9dia 3% variando dos m\u00e9todos de lavagem. DICAS PARA SUA CAMISETA DURAR MUITO: \u2022 LAVE COM \u00c1GUA FRIA \u2022 PASSE ELA [&#8230;]\n","protected":false},"featured_media":12401,"comment_status":"open","ping_status":"closed","template":"","meta":[],"product_brand":[],"product_cat":[83],"product_tag":[827,828,182,181,213,830,829,183,344,825,831,823,752,826,824,328,822],"class_list":{"0":"post-3731","1":"product","2":"type-product","3":"status-publish","4":"has-post-thumbnail","6":"product_cat-camiseta-reta","7":"product_tag-al-pacino","8":"product_tag-brian-de-palma","9":"product_tag-camisa","10":"product_tag-camiseta","11":"product_tag-cinema","12":"product_tag-cocaine","13":"product_tag-donald","14":"product_tag-estampa","15":"product_tag-literatura","16":"product_tag-mcduck","17":"product_tag-money","18":"product_tag-patinhas","19":"product_tag-power","20":"product_tag-scarface","21":"product_tag-scrooge","22":"product_tag-shinkoheo","23":"product_tag-tio","24":"pa_artista-marcoscaldas","25":"pa_cor-preto","26":"pa_tamanho-2g","27":"pa_tamanho-3g","28":"pa_tamanho-4g","29":"pa_tamanho-g","30":"pa_tamanho-m","31":"pa_tamanho-p","32":"pa_tema-Cinema","33":"pa_tema-Literatura","34":"product_type-variable","35":"product_visibility-outofstock","65":"first","66":"outofstock","67":"shipping-taxable","68":"purchasable","69":"product-type-variable"},"_links":{"self":[{"href":"https:\/\/asbaratas.com.br\/loja\/wp-json\/wp\/v2\/product\/3731","targetHints":{"allow":["GET"]}}],"collection":[{"href":"https:\/\/asbaratas.com.br\/loja\/wp-json\/wp\/v2\/product"}],"about":[{"href":"https:\/\/asbaratas.com.br\/loja\/wp-json\/wp\/v2\/types\/product"}],"replies":[{"embeddable":true,"href":"https:\/\/asbaratas.com.br\/loja\/wp-json\/wp\/v2\/comments?post=3731"}],"wp:featuredmedia":[{"embeddable":true,"href":"https:\/\/asbaratas.com.br\/loja\/wp-json\/wp\/v2\/media\/12401"}],"wp:attachment":[{"href":"https:\/\/asbaratas.com.br\/loja\/wp-json\/wp\/v2\/media?parent=3731"}],"wp:term":[{"taxonomy":"product_brand","embeddable":true,"href":"https:\/\/asbaratas.com.br\/loja\/wp-json\/wp\/v2\/product_brand?post=3731"},{"taxonomy":"product_cat","embeddable":true,"href":"https:\/\/asbaratas.com.br\/loja\/wp-json\/wp\/v2\/product_cat?post=3731"},{"taxonomy":"product_tag","embeddable":true,"href":"https:\/\/asbaratas.com.br\/loja\/wp-json\/wp\/v2\/product_tag?post=3731"}],"curies":[{"name":"wp","href":"https:\/\/api.w.org\/{rel}","templated":true}]}}