{"id":3683,"date":"2017-03-15T01:23:26","date_gmt":"2017-03-15T04:23:26","guid":{"rendered":"http:\/\/SANDMAN_MASC"},"modified":"2026-04-17T19:32:29","modified_gmt":"2026-04-17T22:32:29","slug":"sandman_masc","status":"publish","type":"product","link":"https:\/\/asbaratas.com.br\/loja\/produto\/sandman_masc\/","title":{"rendered":"SANDMAN"},"content":{"rendered":"<p>Um dos principais personagens de Neil Gaiman em uma estampa sensacional!<\/p>\n<p>Malha em 100% algod\u00e3o na cor preta com estampa em silk de alta qualidade.<\/p>\n<p>A taxa de encolhimento \u00e9 em m\u00e9dia 3% variando dos m\u00e9todos de lavagem.<\/p>\n<p>DICAS PARA SUA CAMISETA DURAR MUITO:<br \/>\n\u2022 LAVE COM \u00c1GUA FRIA<br \/>\n\u2022 PASSE ELA DO AVESSO<br \/>\n\u2022 N\u00c3O COLOQUE NA M\u00c1QUINA DE SECAR<br \/>\n\u2022 N\u00c3O DEIXE DE MOLHO<br \/>\n\u2022 SEMPRE SEQUE \u00c0 SOMBRA<\/p>\n<p>Arte por Pedro Panta.<\/p>\n<p>As camisetas s\u00e3o despachadas em at\u00e9 3 dias \u00fateis.<\/p>\n","protected":false},"excerpt":{"rendered":"<p>Um dos principais personagens de Neil Gaiman em uma estampa sensacional! Malha em 100% algod\u00e3o na cor preta com estampa em silk de alta qualidade. A taxa de encolhimento \u00e9 em m\u00e9dia 3% variando dos m\u00e9todos de lavagem. DICAS PARA SUA CAMISETA DURAR MUITO: \u2022 LAVE COM \u00c1GUA FRIA \u2022 PASSE ELA DO AVESSO \u2022 [&#8230;]\n","protected":false},"featured_media":56340,"comment_status":"open","ping_status":"closed","template":"","meta":[],"product_brand":[],"product_cat":[83],"product_tag":[182,181,320,815,813,814,809,812,183,190,810,807,808,805,806,811,536,598],"class_list":{"0":"post-3683","1":"product","2":"type-product","3":"status-publish","4":"has-post-thumbnail","6":"product_cat-camiseta-reta","7":"product_tag-camisa","8":"product_tag-camiseta","9":"product_tag-dc","10":"product_tag-delirio","11":"product_tag-desejo","12":"product_tag-desespero","13":"product_tag-destino","14":"product_tag-destruicao","15":"product_tag-estampa","16":"product_tag-hq","17":"product_tag-morte","18":"product_tag-neil-gaiman","19":"product_tag-neil-gayman","20":"product_tag-pedro-pedrada","21":"product_tag-sandman","22":"product_tag-sonho","23":"product_tag-terror","24":"product_tag-vertigo","25":"pa_artista-pedrada","26":"pa_cor-preto","27":"pa_tamanho-2g","28":"pa_tamanho-3g","29":"pa_tamanho-4g","30":"pa_tamanho-5g","31":"pa_tamanho-g","32":"pa_tamanho-m","33":"pa_tamanho-p","34":"pa_tamanho-pp","35":"pa_tema-HQ","36":"product_type-variable","68":"first","69":"instock","70":"shipping-taxable","71":"purchasable","72":"product-type-variable"},"_links":{"self":[{"href":"https:\/\/asbaratas.com.br\/loja\/wp-json\/wp\/v2\/product\/3683","targetHints":{"allow":["GET"]}}],"collection":[{"href":"https:\/\/asbaratas.com.br\/loja\/wp-json\/wp\/v2\/product"}],"about":[{"href":"https:\/\/asbaratas.com.br\/loja\/wp-json\/wp\/v2\/types\/product"}],"replies":[{"embeddable":true,"href":"https:\/\/asbaratas.com.br\/loja\/wp-json\/wp\/v2\/comments?post=3683"}],"wp:featuredmedia":[{"embeddable":true,"href":"https:\/\/asbaratas.com.br\/loja\/wp-json\/wp\/v2\/media\/56340"}],"wp:attachment":[{"href":"https:\/\/asbaratas.com.br\/loja\/wp-json\/wp\/v2\/media?parent=3683"}],"wp:term":[{"taxonomy":"product_brand","embeddable":true,"href":"https:\/\/asbaratas.com.br\/loja\/wp-json\/wp\/v2\/product_brand?post=3683"},{"taxonomy":"product_cat","embeddable":true,"href":"https:\/\/asbaratas.com.br\/loja\/wp-json\/wp\/v2\/product_cat?post=3683"},{"taxonomy":"product_tag","embeddable":true,"href":"https:\/\/asbaratas.com.br\/loja\/wp-json\/wp\/v2\/product_tag?post=3683"}],"curies":[{"name":"wp","href":"https:\/\/api.w.org\/{rel}","templated":true}]}}