{"id":3666,"date":"2017-03-15T01:23:18","date_gmt":"2017-03-15T04:23:18","guid":{"rendered":"http:\/\/ROCKYOU_MASC"},"modified":"2026-04-24T09:09:59","modified_gmt":"2026-04-24T12:09:59","slug":"rockyou","status":"publish","type":"product","link":"https:\/\/asbaratas.com.br\/loja\/produto\/rockyou\/","title":{"rendered":"ROCK YOU"},"content":{"rendered":"<p>WE WILL ROCK YOU! Com essa camiseta sensacional homenageamos uma das bandas mais ic\u00f4nicas da hist\u00f3ria do rock com a presen\u00e7a de ningu\u00e9m menos que Freddie Mercury no topo do mundo. HE DID IT!!<\/p>\n<p>Malha em 100% algod\u00e3o na cor vermelho goiaba com estampa em silk de alta qualidade.<\/p>\n<p>A taxa de encolhimento \u00e9 em m\u00e9dia 3% variando dos m\u00e9todos de lavagem.<\/p>\n<p>DICAS PARA SUA CAMISETA DURAR MUITO:<br \/>\n\u2022 LAVE COM \u00c1GUA FRIA<br \/>\n\u2022 PASSE ELA DO AVESSO<br \/>\n\u2022 N\u00c3O COLOQUE NA M\u00c1QUINA DE SECAR<br \/>\n\u2022 N\u00c3O DEIXE DE MOLHO<br \/>\n\u2022 SEMPRE SEQUE \u00c0 SOMBRA<\/p>\n<p>Arte por\u00a0Shin Koheo<\/p>\n<p>As camisetas s\u00e3o despachadas em at\u00e9 3 dias \u00fateis.<\/p>\n","protected":false},"excerpt":{"rendered":"<p>WE WILL ROCK YOU! Com essa camiseta sensacional homenageamos uma das bandas mais ic\u00f4nicas da hist\u00f3ria do rock com a presen\u00e7a de ningu\u00e9m menos que Freddie Mercury no topo do mundo. HE DID IT!! Malha em 100% algod\u00e3o na cor vermelho goiaba com estampa em silk de alta qualidade. A taxa de encolhimento \u00e9 em [&#8230;]\n","protected":false},"featured_media":3667,"comment_status":"open","ping_status":"closed","template":"","meta":[],"product_brand":[],"product_cat":[83],"product_tag":[800,258,182,181,183,797,801,798,198,555,199,799,328,802,803,804],"class_list":{"0":"post-3666","1":"product","2":"type-product","3":"status-publish","4":"has-post-thumbnail","6":"product_cat-camiseta-reta","7":"product_tag-balboa","8":"product_tag-brian","9":"product_tag-camisa","10":"product_tag-camiseta","11":"product_tag-estampa","12":"product_tag-freddie","13":"product_tag-may","14":"product_tag-mercury","15":"product_tag-musica","16":"product_tag-queen","17":"product_tag-rock","18":"product_tag-rocky","19":"product_tag-shinkoheo","20":"product_tag-we","21":"product_tag-will","22":"product_tag-you","23":"pa_artista-barata","24":"pa_cor-cinza","25":"pa_tamanho-2g","26":"pa_tamanho-3g","27":"pa_tamanho-4g","28":"pa_tamanho-5g","29":"pa_tamanho-g","30":"pa_tamanho-m","31":"pa_tamanho-p","32":"pa_tamanho-pp","33":"pa_tema-Musica","34":"product_type-variable","64":"first","65":"instock","66":"shipping-taxable","67":"purchasable","68":"product-type-variable"},"_links":{"self":[{"href":"https:\/\/asbaratas.com.br\/loja\/wp-json\/wp\/v2\/product\/3666","targetHints":{"allow":["GET"]}}],"collection":[{"href":"https:\/\/asbaratas.com.br\/loja\/wp-json\/wp\/v2\/product"}],"about":[{"href":"https:\/\/asbaratas.com.br\/loja\/wp-json\/wp\/v2\/types\/product"}],"replies":[{"embeddable":true,"href":"https:\/\/asbaratas.com.br\/loja\/wp-json\/wp\/v2\/comments?post=3666"}],"wp:featuredmedia":[{"embeddable":true,"href":"https:\/\/asbaratas.com.br\/loja\/wp-json\/wp\/v2\/media\/3667"}],"wp:attachment":[{"href":"https:\/\/asbaratas.com.br\/loja\/wp-json\/wp\/v2\/media?parent=3666"}],"wp:term":[{"taxonomy":"product_brand","embeddable":true,"href":"https:\/\/asbaratas.com.br\/loja\/wp-json\/wp\/v2\/product_brand?post=3666"},{"taxonomy":"product_cat","embeddable":true,"href":"https:\/\/asbaratas.com.br\/loja\/wp-json\/wp\/v2\/product_cat?post=3666"},{"taxonomy":"product_tag","embeddable":true,"href":"https:\/\/asbaratas.com.br\/loja\/wp-json\/wp\/v2\/product_tag?post=3666"}],"curies":[{"name":"wp","href":"https:\/\/api.w.org\/{rel}","templated":true}]}}