{"id":3631,"date":"2017-03-15T01:23:00","date_gmt":"2017-03-15T04:23:00","guid":{"rendered":"http:\/\/RHCP_MASC"},"modified":"2025-12-10T19:41:52","modified_gmt":"2025-12-10T22:41:52","slug":"rhcp","status":"publish","type":"product","link":"https:\/\/asbaratas.com.br\/loja\/produto\/rhcp\/","title":{"rendered":"RED HOT TABASCO"},"content":{"rendered":"<p>O Red Hot Chili Peppers, uma das bandas mais influentes dos anos 1990, tamb\u00e9m ganharam sua camiseta aqui nas baratas!<\/p>\n<p>Malha em 100% algod\u00e3o na cor vermelha com estampa em silk de alta qualidade.<\/p>\n<p>A taxa de encolhimento \u00e9 em m\u00e9dia 3% variando dos m\u00e9todos de lavagem.<\/p>\n<p>DICAS PARA SUA CAMISETA DURAR MUITO:<br \/>\n\u2022 LAVE COM \u00c1GUA FRIA<br \/>\n\u2022 PASSE ELA DO AVESSO<br \/>\n\u2022 N\u00c3O COLOQUE NA M\u00c1QUINA DE SECAR<br \/>\n\u2022 N\u00c3O DEIXE DE MOLHO<br \/>\n\u2022 SEMPRE SEQUE \u00c0 SOMBRA<\/p>\n<p>Arte por Shin Koheo<\/p>\n<p>As camisetas s\u00e3o despachadas em at\u00e9 3 dias \u00fateis.<\/p>\n","protected":false},"excerpt":{"rendered":"<p>O Red Hot Chili Peppers, uma das bandas mais influentes dos anos 1990, tamb\u00e9m ganharam sua camiseta aqui nas baratas! Malha em 100% algod\u00e3o na cor vermelha com estampa em silk de alta qualidade. A taxa de encolhimento \u00e9 em m\u00e9dia 3% variando dos m\u00e9todos de lavagem. DICAS PARA SUA CAMISETA DURAR MUITO: \u2022 LAVE [&#8230;]\n","protected":false},"featured_media":3632,"comment_status":"open","ping_status":"closed","template":"","meta":[],"product_brand":[],"product_cat":[83],"product_tag":[780,779,785,182,181,782,784,183,781,775,444,783,198,205,778,776,199,328,777],"class_list":{"0":"post-3631","1":"product","2":"type-product","3":"status-publish","4":"has-post-thumbnail","6":"product_cat-camiseta-reta","7":"product_tag-antony-kids","8":"product_tag-antony-kiedis","9":"product_tag-banda","10":"product_tag-camisa","11":"product_tag-camiseta","12":"product_tag-chad-smith","13":"product_tag-dave-navarro","14":"product_tag-estampa","15":"product_tag-flea","16":"product_tag-funk","17":"product_tag-humor","18":"product_tag-john-frusciante","19":"product_tag-musica","20":"product_tag-parodia","21":"product_tag-pimenta","22":"product_tag-red-hot-chili-peppers","23":"product_tag-rock","24":"product_tag-shinkoheo","25":"product_tag-tabasco","26":"pa_artista-barata","27":"pa_cor-vermelho","28":"pa_tamanho-2g","29":"pa_tamanho-3g","30":"pa_tamanho-4g","31":"pa_tamanho-g","32":"pa_tamanho-m","33":"pa_tamanho-p","34":"pa_tema-Humor","35":"pa_tema-Musica","36":"pa_tema-Parodia","37":"product_type-variable","38":"product_visibility-outofstock","71":"first","72":"outofstock","73":"shipping-taxable","74":"purchasable","75":"product-type-variable"},"_links":{"self":[{"href":"https:\/\/asbaratas.com.br\/loja\/wp-json\/wp\/v2\/product\/3631","targetHints":{"allow":["GET"]}}],"collection":[{"href":"https:\/\/asbaratas.com.br\/loja\/wp-json\/wp\/v2\/product"}],"about":[{"href":"https:\/\/asbaratas.com.br\/loja\/wp-json\/wp\/v2\/types\/product"}],"replies":[{"embeddable":true,"href":"https:\/\/asbaratas.com.br\/loja\/wp-json\/wp\/v2\/comments?post=3631"}],"wp:featuredmedia":[{"embeddable":true,"href":"https:\/\/asbaratas.com.br\/loja\/wp-json\/wp\/v2\/media\/3632"}],"wp:attachment":[{"href":"https:\/\/asbaratas.com.br\/loja\/wp-json\/wp\/v2\/media?parent=3631"}],"wp:term":[{"taxonomy":"product_brand","embeddable":true,"href":"https:\/\/asbaratas.com.br\/loja\/wp-json\/wp\/v2\/product_brand?post=3631"},{"taxonomy":"product_cat","embeddable":true,"href":"https:\/\/asbaratas.com.br\/loja\/wp-json\/wp\/v2\/product_cat?post=3631"},{"taxonomy":"product_tag","embeddable":true,"href":"https:\/\/asbaratas.com.br\/loja\/wp-json\/wp\/v2\/product_tag?post=3631"}],"curies":[{"name":"wp","href":"https:\/\/api.w.org\/{rel}","templated":true}]}}