{"id":3567,"date":"2017-03-15T01:22:27","date_gmt":"2017-03-15T04:22:27","guid":{"rendered":"http:\/\/PRIMEIRA_REGRA"},"modified":"2026-04-17T19:32:21","modified_gmt":"2026-04-17T22:32:21","slug":"primeira_regra","status":"publish","type":"product","link":"https:\/\/asbaratas.com.br\/loja\/produto\/primeira_regra\/","title":{"rendered":"PRIMEIRA REGRA"},"content":{"rendered":"<p>As 10 regras do Clube da Luta eram bem claras. Nessa camiseta temos a primeira delas!<\/p>\n<p>Malha em 100% algod\u00e3o na cor\u00a0aperta\u00a0com estampa em silk de alta qualidade.<\/p>\n<p>A taxa de encolhimento \u00e9 em m\u00e9dia 3% variando dos m\u00e9todos de lavagem.<\/p>\n<p>DICAS PARA SUA CAMISETA DURAR MUITO:<br \/>\n\u2022 LAVE COM \u00c1GUA FRIA<br \/>\n\u2022 PASSE ELA DO AVESSO<br \/>\n\u2022 N\u00c3O COLOQUE NA M\u00c1QUINA DE SECAR<br \/>\n\u2022 N\u00c3O DEIXE DE MOLHO<br \/>\n\u2022 SEMPRE SEQUE \u00c0 SOMBRA<\/p>\n<p>Arte por\u00a0Shinkoheo<\/p>\n<p>As camisetas s\u00e3o despachadas em at\u00e9 3 dias \u00fateis.<\/p>\n","protected":false},"excerpt":{"rendered":"<p>As 10 regras do Clube da Luta eram bem claras. Nessa camiseta temos a primeira delas! Malha em 100% algod\u00e3o na cor\u00a0aperta\u00a0com estampa em silk de alta qualidade. A taxa de encolhimento \u00e9 em m\u00e9dia 3% variando dos m\u00e9todos de lavagem. DICAS PARA SUA CAMISETA DURAR MUITO: \u2022 LAVE COM \u00c1GUA FRIA \u2022 PASSE ELA [&#8230;]\n","protected":false},"featured_media":3568,"comment_status":"open","ping_status":"closed","template":"","meta":[],"product_brand":[],"product_cat":[83],"product_tag":[758,182,181,756,213,757,755,762,761,183,760,344,376,328,759],"class_list":{"0":"post-3567","1":"product","2":"type-product","3":"status-publish","4":"has-post-thumbnail","6":"product_cat-camiseta-reta","7":"product_tag-brad-pitt","8":"product_tag-camisa","9":"product_tag-camiseta","10":"product_tag-chuck-palahniuk","11":"product_tag-cinema","12":"product_tag-clube","13":"product_tag-clube-da-luta","14":"product_tag-david-fincher","15":"product_tag-edward-norton","16":"product_tag-estampa","17":"product_tag-fight-club","18":"product_tag-literatura","19":"product_tag-luta","20":"product_tag-shinkoheo","21":"product_tag-tyler-durden","22":"pa_artista-barata","23":"pa_cor-preto","24":"pa_tamanho-2g","25":"pa_tamanho-3g","26":"pa_tamanho-4g","27":"pa_tamanho-g","28":"pa_tamanho-m","29":"pa_tamanho-p","30":"pa_tema-Cinema","31":"pa_tema-HQ","32":"pa_tema-Literatura","33":"product_type-variable","34":"product_visibility-outofstock","63":"first","64":"outofstock","65":"shipping-taxable","66":"purchasable","67":"product-type-variable"},"_links":{"self":[{"href":"https:\/\/asbaratas.com.br\/loja\/wp-json\/wp\/v2\/product\/3567","targetHints":{"allow":["GET"]}}],"collection":[{"href":"https:\/\/asbaratas.com.br\/loja\/wp-json\/wp\/v2\/product"}],"about":[{"href":"https:\/\/asbaratas.com.br\/loja\/wp-json\/wp\/v2\/types\/product"}],"replies":[{"embeddable":true,"href":"https:\/\/asbaratas.com.br\/loja\/wp-json\/wp\/v2\/comments?post=3567"}],"wp:featuredmedia":[{"embeddable":true,"href":"https:\/\/asbaratas.com.br\/loja\/wp-json\/wp\/v2\/media\/3568"}],"wp:attachment":[{"href":"https:\/\/asbaratas.com.br\/loja\/wp-json\/wp\/v2\/media?parent=3567"}],"wp:term":[{"taxonomy":"product_brand","embeddable":true,"href":"https:\/\/asbaratas.com.br\/loja\/wp-json\/wp\/v2\/product_brand?post=3567"},{"taxonomy":"product_cat","embeddable":true,"href":"https:\/\/asbaratas.com.br\/loja\/wp-json\/wp\/v2\/product_cat?post=3567"},{"taxonomy":"product_tag","embeddable":true,"href":"https:\/\/asbaratas.com.br\/loja\/wp-json\/wp\/v2\/product_tag?post=3567"}],"curies":[{"name":"wp","href":"https:\/\/api.w.org\/{rel}","templated":true}]}}