{"id":3543,"date":"2017-03-15T01:22:16","date_gmt":"2017-03-15T04:22:16","guid":{"rendered":"http:\/\/POKEMANOS_MASC"},"modified":"2026-04-17T19:32:21","modified_gmt":"2026-04-17T22:32:21","slug":"pokemanos","status":"publish","type":"product","link":"https:\/\/asbaratas.com.br\/loja\/produto\/pokemanos\/","title":{"rendered":"POKEMANOS"},"content":{"rendered":"<p>FI-FI-FIGHT THE POWER!! Os Pokemanos vieram com tudo nessa camiseta toda desenhada em pixel art para nenhum old gamer botar defeito!<\/p>\n<p>Malha em 100% algod\u00e3o na cor creme com estampa em silk de alta qualidade.<\/p>\n<p>A taxa de encolhimento \u00e9 em m\u00e9dia 3% variando dos m\u00e9todos de lavagem.<\/p>\n<p>DICAS PARA SUA CAMISETA DURAR MUITO:<br \/>\n\u2022 LAVE COM \u00c1GUA FRIA<br \/>\n\u2022 PASSE ELA DO AVESSO<br \/>\n\u2022 N\u00c3O COLOQUE NA M\u00c1QUINA DE SECAR<br \/>\n\u2022 N\u00c3O DEIXE DE MOLHO<br \/>\n\u2022 SEMPRE SEQUE \u00c0 SOMBRA<\/p>\n<p>Arte por Paulo Crumbim<\/p>\n<p>As camisetas s\u00e3o despachadas em at\u00e9 3 dias \u00fateis.<\/p>\n","protected":false},"excerpt":{"rendered":"<p>FI-FI-FIGHT THE POWER!! Os Pokemanos vieram com tudo nessa camiseta toda desenhada em pixel art para nenhum old gamer botar defeito! Malha em 100% algod\u00e3o na cor creme com estampa em silk de alta qualidade. A taxa de encolhimento \u00e9 em m\u00e9dia 3% variando dos m\u00e9todos de lavagem. DICAS PARA SUA CAMISETA DURAR MUITO: \u2022 [&#8230;]\n","protected":false},"featured_media":3544,"comment_status":"open","ping_status":"closed","template":"","meta":[],"product_brand":[],"product_cat":[83],"product_tag":[748,182,181,750,183,751,746,674,747,754,753,745,752,749,670],"class_list":{"0":"post-3543","1":"product","2":"type-product","3":"status-publish","4":"has-post-thumbnail","6":"product_cat-camiseta-reta","7":"product_tag-bulbasauro","8":"product_tag-camisa","9":"product_tag-camiseta","10":"product_tag-enemy","11":"product_tag-estampa","12":"product_tag-fight","13":"product_tag-go","14":"product_tag-nintendo","15":"product_tag-pikachu","16":"product_tag-pokedudes","17":"product_tag-pokemanos","18":"product_tag-pokemon","19":"product_tag-power","20":"product_tag-public","21":"product_tag-raglan","22":"pa_artista-crumbim","23":"pa_cor-cinza","24":"pa_tamanho-2g","25":"pa_tamanho-3g","26":"pa_tamanho-4g","27":"pa_tamanho-g","28":"pa_tamanho-m","29":"pa_tamanho-p","30":"pa_tema-Games","31":"pa_tema-Oriental","32":"product_type-variable","33":"product_visibility-outofstock","61":"first","62":"outofstock","63":"shipping-taxable","64":"purchasable","65":"product-type-variable"},"_links":{"self":[{"href":"https:\/\/asbaratas.com.br\/loja\/wp-json\/wp\/v2\/product\/3543","targetHints":{"allow":["GET"]}}],"collection":[{"href":"https:\/\/asbaratas.com.br\/loja\/wp-json\/wp\/v2\/product"}],"about":[{"href":"https:\/\/asbaratas.com.br\/loja\/wp-json\/wp\/v2\/types\/product"}],"replies":[{"embeddable":true,"href":"https:\/\/asbaratas.com.br\/loja\/wp-json\/wp\/v2\/comments?post=3543"}],"wp:featuredmedia":[{"embeddable":true,"href":"https:\/\/asbaratas.com.br\/loja\/wp-json\/wp\/v2\/media\/3544"}],"wp:attachment":[{"href":"https:\/\/asbaratas.com.br\/loja\/wp-json\/wp\/v2\/media?parent=3543"}],"wp:term":[{"taxonomy":"product_brand","embeddable":true,"href":"https:\/\/asbaratas.com.br\/loja\/wp-json\/wp\/v2\/product_brand?post=3543"},{"taxonomy":"product_cat","embeddable":true,"href":"https:\/\/asbaratas.com.br\/loja\/wp-json\/wp\/v2\/product_cat?post=3543"},{"taxonomy":"product_tag","embeddable":true,"href":"https:\/\/asbaratas.com.br\/loja\/wp-json\/wp\/v2\/product_tag?post=3543"}],"curies":[{"name":"wp","href":"https:\/\/api.w.org\/{rel}","templated":true}]}}