{"id":3534,"date":"2017-03-15T01:22:12","date_gmt":"2017-03-15T04:22:12","guid":{"rendered":"http:\/\/PLANET_PIZZA"},"modified":"2026-04-17T19:32:21","modified_gmt":"2026-04-17T22:32:21","slug":"planet_pizza","status":"publish","type":"product","link":"https:\/\/asbaratas.com.br\/loja\/produto\/planet_pizza\/","title":{"rendered":"PLANET PIZZA"},"content":{"rendered":"<p>A pizzaria mais animada da gal\u00e1xia agora tem sua camiseta com muito pepperoni!<\/p>\n<p>Malha em 100% algod\u00e3o na cor creme com estampa em silk de alta qualidade.<\/p>\n<p>A taxa de encolhimento \u00e9 em m\u00e9dia 3% variando dos m\u00e9todos de lavagem.<\/p>\n<p>DICAS PARA SUA CAMISETA DURAR MUITO:<br \/>\n\u2022 LAVE COM \u00c1GUA FRIA<br \/>\n\u2022 PASSE ELA DO AVESSO<br \/>\n\u2022 N\u00c3O COLOQUE NA M\u00c1QUINA DE SECAR<br \/>\n\u2022 N\u00c3O DEIXE DE MOLHO<br \/>\n\u2022 SEMPRE SEQUE \u00c0 SOMBRA<\/p>\n<p>Arte por Cristina Eiko<\/p>\n<p>As camisetas s\u00e3o despachadas em at\u00e9 3 dias \u00fateis.<\/p>\n","protected":false},"excerpt":{"rendered":"<p>A pizzaria mais animada da gal\u00e1xia agora tem sua camiseta com muito pepperoni! Malha em 100% algod\u00e3o na cor creme com estampa em silk de alta qualidade. A taxa de encolhimento \u00e9 em m\u00e9dia 3% variando dos m\u00e9todos de lavagem. DICAS PARA SUA CAMISETA DURAR MUITO: \u2022 LAVE COM \u00c1GUA FRIA \u2022 PASSE ELA DO [&#8230;]\n","protected":false},"featured_media":3535,"comment_status":"open","ping_status":"closed","template":"","meta":[],"product_brand":[],"product_cat":[83],"product_tag":[241,182,181,213,183,246,254,245,244,242,240,251,250,253,249,740,741,252,248,247,243,744,743,742],"class_list":{"0":"post-3534","1":"product","2":"type-product","3":"status-publish","4":"has-post-thumbnail","6":"product_cat-camiseta-reta","7":"product_tag-academia","8":"product_tag-camisa","9":"product_tag-camiseta","10":"product_tag-cinema","11":"product_tag-estampa","12":"product_tag-estrelas","13":"product_tag-george-lucas","14":"product_tag-guerra","15":"product_tag-guerra-nas-estrelas","16":"product_tag-jedai","17":"product_tag-jedi","18":"product_tag-light","19":"product_tag-light-saber","20":"product_tag-lightsaber","21":"product_tag-luz","22":"product_tag-pizza","23":"product_tag-planet","24":"product_tag-saber","25":"product_tag-sabre","26":"product_tag-sabre-de-luz","27":"product_tag-star-wars","28":"product_tag-story","29":"product_tag-toy","30":"product_tag-yoda","31":"pa_artista-eiko","32":"pa_cor-creme","33":"pa_tamanho-2g","34":"pa_tamanho-3g","35":"pa_tamanho-4g","36":"pa_tamanho-g","37":"pa_tamanho-m","38":"pa_tamanho-p","39":"pa_tema-Cinema","40":"pa_tema-DesenhoAnimado","41":"pa_tema-HQ","42":"product_type-variable","43":"product_visibility-outofstock","78":"pa_tema-Desenho Animado","81":"first","82":"outofstock","83":"shipping-taxable","84":"purchasable","85":"product-type-variable"},"_links":{"self":[{"href":"https:\/\/asbaratas.com.br\/loja\/wp-json\/wp\/v2\/product\/3534","targetHints":{"allow":["GET"]}}],"collection":[{"href":"https:\/\/asbaratas.com.br\/loja\/wp-json\/wp\/v2\/product"}],"about":[{"href":"https:\/\/asbaratas.com.br\/loja\/wp-json\/wp\/v2\/types\/product"}],"replies":[{"embeddable":true,"href":"https:\/\/asbaratas.com.br\/loja\/wp-json\/wp\/v2\/comments?post=3534"}],"wp:featuredmedia":[{"embeddable":true,"href":"https:\/\/asbaratas.com.br\/loja\/wp-json\/wp\/v2\/media\/3535"}],"wp:attachment":[{"href":"https:\/\/asbaratas.com.br\/loja\/wp-json\/wp\/v2\/media?parent=3534"}],"wp:term":[{"taxonomy":"product_brand","embeddable":true,"href":"https:\/\/asbaratas.com.br\/loja\/wp-json\/wp\/v2\/product_brand?post=3534"},{"taxonomy":"product_cat","embeddable":true,"href":"https:\/\/asbaratas.com.br\/loja\/wp-json\/wp\/v2\/product_cat?post=3534"},{"taxonomy":"product_tag","embeddable":true,"href":"https:\/\/asbaratas.com.br\/loja\/wp-json\/wp\/v2\/product_tag?post=3534"}],"curies":[{"name":"wp","href":"https:\/\/api.w.org\/{rel}","templated":true}]}}