{"id":3468,"date":"2017-04-06T01:21:40","date_gmt":"2017-04-06T04:21:40","guid":{"rendered":"http:\/\/MAIORAL"},"modified":"2026-04-17T19:32:17","modified_gmt":"2026-04-17T22:32:17","slug":"maioral","status":"publish","type":"product","link":"https:\/\/asbaratas.com.br\/loja\/produto\/maioral\/","title":{"rendered":"O MAIORAL"},"content":{"rendered":"<p>Finalmente Lobo, o maioral, tem a sua camisa aqui nas Baratas e chega literalmente devorando suas entranhas e se divertindo com isso nessa estampa arrasadora! Respeita o homi!<\/p>\n<p>Malha em 100% algod\u00e3o na cor azul escuro com estampa em silk de alta qualidade.<\/p>\n<p>A taxa de encolhimento \u00e9 em m\u00e9dia 3% variando dos m\u00e9todos de lavagem.<\/p>\n<p>DICAS PARA SUA CAMISETA DURAR MUITO:<br \/>\n\u2022 LAVE COM \u00c1GUA FRIA<br \/>\n\u2022 PASSE ELA DO AVESSO<br \/>\n\u2022 N\u00c3O COLOQUE NA M\u00c1QUINA DE SECAR<br \/>\n\u2022 N\u00c3O DEIXE DE MOLHO<br \/>\n\u2022 SEMPRE SEQUE \u00c0 SOMBRA<\/p>\n<p>Arte por Andrei Bressan<\/p>\n<p>As camisetas s\u00e3o despachadas em at\u00e9 3 dias \u00fateis.<\/p>\n","protected":false},"excerpt":{"rendered":"<p>Finalmente Lobo, o maioral, tem a sua camisa aqui nas Baratas e chega literalmente devorando suas entranhas e se divertindo com isso nessa estampa arrasadora! Respeita o homi! Malha em 100% algod\u00e3o na cor azul escuro com estampa em silk de alta qualidade. A taxa de encolhimento \u00e9 em m\u00e9dia 3% variando dos m\u00e9todos de [&#8230;]\n","protected":false},"featured_media":4201,"comment_status":"open","ping_status":"closed","template":"","meta":[],"product_brand":[],"product_cat":[83],"product_tag":[],"class_list":{"0":"post-3468","1":"product","2":"type-product","3":"status-publish","4":"has-post-thumbnail","6":"product_cat-camiseta-reta","7":"pa_artista-bressan","8":"pa_cor-azul-escuro","9":"pa_tamanho-2g","10":"pa_tamanho-3g","11":"pa_tamanho-4g","12":"pa_tamanho-g","13":"pa_tamanho-m","14":"pa_tamanho-p","15":"pa_tema-HQ","16":"product_type-variable","17":"product_visibility-outofstock","29":"first","30":"outofstock","31":"shipping-taxable","32":"purchasable","33":"product-type-variable"},"_links":{"self":[{"href":"https:\/\/asbaratas.com.br\/loja\/wp-json\/wp\/v2\/product\/3468","targetHints":{"allow":["GET"]}}],"collection":[{"href":"https:\/\/asbaratas.com.br\/loja\/wp-json\/wp\/v2\/product"}],"about":[{"href":"https:\/\/asbaratas.com.br\/loja\/wp-json\/wp\/v2\/types\/product"}],"replies":[{"embeddable":true,"href":"https:\/\/asbaratas.com.br\/loja\/wp-json\/wp\/v2\/comments?post=3468"}],"wp:featuredmedia":[{"embeddable":true,"href":"https:\/\/asbaratas.com.br\/loja\/wp-json\/wp\/v2\/media\/4201"}],"wp:attachment":[{"href":"https:\/\/asbaratas.com.br\/loja\/wp-json\/wp\/v2\/media?parent=3468"}],"wp:term":[{"taxonomy":"product_brand","embeddable":true,"href":"https:\/\/asbaratas.com.br\/loja\/wp-json\/wp\/v2\/product_brand?post=3468"},{"taxonomy":"product_cat","embeddable":true,"href":"https:\/\/asbaratas.com.br\/loja\/wp-json\/wp\/v2\/product_cat?post=3468"},{"taxonomy":"product_tag","embeddable":true,"href":"https:\/\/asbaratas.com.br\/loja\/wp-json\/wp\/v2\/product_tag?post=3468"}],"curies":[{"name":"wp","href":"https:\/\/api.w.org\/{rel}","templated":true}]}}