{"id":3402,"date":"2017-03-15T01:21:03","date_gmt":"2017-03-15T04:21:03","guid":{"rendered":"http:\/\/moletom-xavier"},"modified":"2025-11-06T00:20:09","modified_gmt":"2025-11-06T03:20:09","slug":"moletom-xavier","status":"publish","type":"product","link":"https:\/\/asbaratas.com.br\/loja\/produto\/moletom-xavier\/","title":{"rendered":"MOLETOM XAVIER INSTITUTE"},"content":{"rendered":"<p>O agasalho dos alunos do Instituto Xavier agora pode ser seu!<\/p>\n<p>Moletom em 50% algod\u00e3o 50% poli\u00e9ster, flanelado, na cor cinza mescla com costuras refor\u00e7adas, capuz com lado interno personalizado e estampas em silk de alta qualidade.<\/p>\n<p>Arte por\u00a0Shinkoheo<\/p>\n<p>Os produtos s\u00e3o despachados em at\u00e9 3 dias \u00fateis.<\/p>\n","protected":false},"excerpt":{"rendered":"<p>O agasalho dos alunos do Instituto Xavier agora pode ser seu! Moletom em 50% algod\u00e3o 50% poli\u00e9ster, flanelado, na cor cinza mescla com costuras refor\u00e7adas, capuz com lado interno personalizado e estampas em silk de alta qualidade. Arte por\u00a0Shinkoheo Os produtos s\u00e3o despachados em at\u00e9 3 dias \u00fateis.<\/p>\n","protected":false},"featured_media":3403,"comment_status":"open","ping_status":"closed","template":"","meta":[],"product_brand":[],"product_cat":[85],"product_tag":[693,704,194,183,705,696,695,195,191,190,701,370,694,702,328,503,196,699,697,700,703,698],"class_list":{"0":"post-3402","1":"product","2":"type-product","3":"status-publish","4":"has-post-thumbnail","6":"product_cat-moletons","7":"product_tag-agasalho","8":"product_tag-ciclope","9":"product_tag-comics","10":"product_tag-estampa","11":"product_tag-fenix","12":"product_tag-flanela","13":"product_tag-flanelado","14":"product_tag-gibi","15":"product_tag-historia-em-quadrinhos","16":"product_tag-hq","17":"product_tag-instituto","18":"product_tag-marvel","19":"product_tag-moletom","20":"product_tag-mutante","21":"product_tag-shinkoheo","22":"product_tag-tempestade","23":"product_tag-wolverine","24":"product_tag-x-man","25":"product_tag-x-men","26":"product_tag-xavier","27":"product_tag-xman","28":"product_tag-xmen","29":"pa_artista-barata","30":"pa_cor-cinza","31":"pa_tamanho-2g","32":"pa_tamanho-3g","33":"pa_tamanho-g","34":"pa_tamanho-m","35":"pa_tamanho-p","36":"pa_tema-Cinema","37":"pa_tema-DesenhoAnimado","38":"pa_tema-HQ","39":"product_type-variable","40":"product_visibility-outofstock","72":"pa_tema-Desenho Animado","75":"first","76":"outofstock","77":"shipping-taxable","78":"purchasable","79":"product-type-variable"},"_links":{"self":[{"href":"https:\/\/asbaratas.com.br\/loja\/wp-json\/wp\/v2\/product\/3402","targetHints":{"allow":["GET"]}}],"collection":[{"href":"https:\/\/asbaratas.com.br\/loja\/wp-json\/wp\/v2\/product"}],"about":[{"href":"https:\/\/asbaratas.com.br\/loja\/wp-json\/wp\/v2\/types\/product"}],"replies":[{"embeddable":true,"href":"https:\/\/asbaratas.com.br\/loja\/wp-json\/wp\/v2\/comments?post=3402"}],"wp:featuredmedia":[{"embeddable":true,"href":"https:\/\/asbaratas.com.br\/loja\/wp-json\/wp\/v2\/media\/3403"}],"wp:attachment":[{"href":"https:\/\/asbaratas.com.br\/loja\/wp-json\/wp\/v2\/media?parent=3402"}],"wp:term":[{"taxonomy":"product_brand","embeddable":true,"href":"https:\/\/asbaratas.com.br\/loja\/wp-json\/wp\/v2\/product_brand?post=3402"},{"taxonomy":"product_cat","embeddable":true,"href":"https:\/\/asbaratas.com.br\/loja\/wp-json\/wp\/v2\/product_cat?post=3402"},{"taxonomy":"product_tag","embeddable":true,"href":"https:\/\/asbaratas.com.br\/loja\/wp-json\/wp\/v2\/product_tag?post=3402"}],"curies":[{"name":"wp","href":"https:\/\/api.w.org\/{rel}","templated":true}]}}