{"id":3378,"date":"2017-03-15T01:20:51","date_gmt":"2017-03-15T04:20:51","guid":{"rendered":"http:\/\/crows_moletom"},"modified":"2025-11-06T00:20:09","modified_gmt":"2025-11-06T03:20:09","slug":"crows_moletom","status":"publish","type":"product","link":"https:\/\/asbaratas.com.br\/loja\/produto\/crows_moletom\/","title":{"rendered":"MOLETOM CROWS"},"content":{"rendered":"<p>O moletom que poderia aquecer os membros da\u00a0Patrulha da Noite est\u00e1 \u00e0 sua disposi\u00e7\u00e3o aqui\u00a0nas Baratas!<\/p>\n<p>Moletom em 50% algod\u00e3o 50% poli\u00e9ster, flanelado, na cor preta com costuras refor\u00e7adas, z\u00edper de metal, capuz com lado interno personalizado e estampas em silk de alta qualidade.<\/p>\n<p>Arte por\u00a0Shinkoheo<\/p>\n<p>Os produtos\u00a0s\u00e3o despachadas em at\u00e9 3 dias \u00fateis.<\/p>\n","protected":false},"excerpt":{"rendered":"<p>O moletom que poderia aquecer os membros da\u00a0Patrulha da Noite est\u00e1 \u00e0 sua disposi\u00e7\u00e3o aqui\u00a0nas Baratas! Moletom em 50% algod\u00e3o 50% poli\u00e9ster, flanelado, na cor preta com costuras refor\u00e7adas, z\u00edper de metal, capuz com lado interno personalizado e estampas em silk de alta qualidade. Arte por\u00a0Shinkoheo Os produtos\u00a0s\u00e3o despachadas em at\u00e9 3 dias \u00fateis.<\/p>\n","protected":false},"featured_media":3379,"comment_status":"open","ping_status":"closed","template":"","meta":[],"product_brand":[],"product_cat":[85],"product_tag":[693,669,183,696,695,418,420,421,419,263,694,338,260,259,328,262,676],"class_list":{"0":"post-3378","1":"product","2":"type-product","3":"status-publish","4":"has-post-thumbnail","6":"product_cat-moletons","7":"product_tag-agasalho","8":"product_tag-cronicas-de-fogo-e-gelo","9":"product_tag-estampa","10":"product_tag-flanela","11":"product_tag-flanelado","12":"product_tag-game-of-thrones","13":"product_tag-george-r-r-martin","14":"product_tag-george-rr-martin","15":"product_tag-guerra-dos-tronos","16":"product_tag-hbo","17":"product_tag-moletom","18":"product_tag-raphael-salimena","19":"product_tag-seriado","20":"product_tag-serie-de-tv","21":"product_tag-shinkoheo","22":"product_tag-televisao","23":"product_tag-tyrion-lannister","24":"pa_artista-barata","25":"pa_cor-preto","26":"pa_tamanho-2g","27":"pa_tamanho-3g","28":"pa_tamanho-g","29":"pa_tamanho-m","30":"pa_tamanho-p","31":"pa_tema-Literatura","32":"pa_tema-series","33":"product_type-variable","34":"product_visibility-outofstock","63":"first","64":"outofstock","65":"shipping-taxable","66":"purchasable","67":"product-type-variable"},"_links":{"self":[{"href":"https:\/\/asbaratas.com.br\/loja\/wp-json\/wp\/v2\/product\/3378","targetHints":{"allow":["GET"]}}],"collection":[{"href":"https:\/\/asbaratas.com.br\/loja\/wp-json\/wp\/v2\/product"}],"about":[{"href":"https:\/\/asbaratas.com.br\/loja\/wp-json\/wp\/v2\/types\/product"}],"replies":[{"embeddable":true,"href":"https:\/\/asbaratas.com.br\/loja\/wp-json\/wp\/v2\/comments?post=3378"}],"wp:featuredmedia":[{"embeddable":true,"href":"https:\/\/asbaratas.com.br\/loja\/wp-json\/wp\/v2\/media\/3379"}],"wp:attachment":[{"href":"https:\/\/asbaratas.com.br\/loja\/wp-json\/wp\/v2\/media?parent=3378"}],"wp:term":[{"taxonomy":"product_brand","embeddable":true,"href":"https:\/\/asbaratas.com.br\/loja\/wp-json\/wp\/v2\/product_brand?post=3378"},{"taxonomy":"product_cat","embeddable":true,"href":"https:\/\/asbaratas.com.br\/loja\/wp-json\/wp\/v2\/product_cat?post=3378"},{"taxonomy":"product_tag","embeddable":true,"href":"https:\/\/asbaratas.com.br\/loja\/wp-json\/wp\/v2\/product_tag?post=3378"}],"curies":[{"name":"wp","href":"https:\/\/api.w.org\/{rel}","templated":true}]}}