{"id":3354,"date":"2019-12-17T01:20:38","date_gmt":"2019-12-17T04:20:38","guid":{"rendered":"http:\/\/MDM_FEM"},"modified":"2025-12-21T01:50:04","modified_gmt":"2025-12-21T04:50:04","slug":"mdm_fem","status":"publish","type":"product","link":"https:\/\/asbaratas.com.br\/loja\/produto\/mdm_fem\/","title":{"rendered":"MELHORES DO MUNDO"},"content":{"rendered":"<p>A equipe mais safada da internet agora em uma camiseta feita pelas Baratas!<\/p>\n<p>Malha em 100% algod\u00e3o na cor PRETA em silk em cromia de alta qualidade.<\/p>\n<p>A taxa de encolhimento \u00e9 em m\u00e9dia 3% variando dos m\u00e9todos de lavagem.<\/p>\n<p>DICAS PARA SUA CAMISETA DURAR MUITO:<br \/>\n\u2022 LAVE COM \u00c1GUA FRIA<br \/>\n\u2022 PASSE ELA DO AVESSO<br \/>\n\u2022 N\u00c3O COLOQUE NA M\u00c1QUINA DE SECAR<br \/>\n\u2022 N\u00c3O DEIXE DE MOLHO<br \/>\n\u2022 SEMPRE SEQUE \u00c0 SOMBRA<\/p>\n<p>Arte por Marcos Tavares Costa<\/p>\n<p>As camisetas s\u00e3o despachadas em at\u00e9 3 dias \u00fateis.<\/p>\n","protected":false},"excerpt":{"rendered":"<p>A equipe mais safada da internet agora em uma camiseta feita pelas Baratas! Malha em 100% algod\u00e3o na cor PRETA em silk em cromia de alta qualidade. A taxa de encolhimento \u00e9 em m\u00e9dia 3% variando dos m\u00e9todos de lavagem. DICAS PARA SUA CAMISETA DURAR MUITO: \u2022 LAVE COM \u00c1GUA FRIA \u2022 PASSE ELA DO [&#8230;]\n","protected":false},"featured_media":41872,"comment_status":"open","ping_status":"closed","template":"","meta":[],"product_brand":[],"product_cat":[72,74],"product_tag":[691,182,181,690,686,684,194,183,195,683,687,191,190,184,692,680,685,682,348,688,193,689,228,681,448],"class_list":{"0":"post-3354","1":"product","2":"type-product","3":"status-publish","4":"has-post-thumbnail","6":"product_cat-feminina","7":"product_cat-mullet","8":"product_tag-bugman","9":"product_tag-camisa","10":"product_tag-camiseta","11":"product_tag-capivara","12":"product_tag-change","13":"product_tag-comedia","14":"product_tag-comics","15":"product_tag-estampa","16":"product_tag-gibi","17":"product_tag-grupo","18":"product_tag-hell","19":"product_tag-historia-em-quadrinhos","20":"product_tag-hq","21":"product_tag-ilustracao","22":"product_tag-malandrox","23":"product_tag-marcos","24":"product_tag-mdm","25":"product_tag-melhores","26":"product_tag-mundo","27":"product_tag-nerd","28":"product_tag-quadrinhos","29":"product_tag-reverso","30":"product_tag-revista-em-quadrinhos","31":"product_tag-tavares","32":"product_tag-ultra","33":"pa_artista-mtc","34":"pa_cor-preto","35":"pa_tamanho-2g","36":"pa_tamanho-3g","37":"pa_tamanho-g","38":"pa_tamanho-m","39":"pa_tamanho-p","40":"pa_tema-HQ","41":"pa_tema-oficial","42":"pa_tema-Podcast","43":"product_type-variable","82":"first","83":"instock","84":"shipping-taxable","85":"purchasable","86":"product-type-variable"},"_links":{"self":[{"href":"https:\/\/asbaratas.com.br\/loja\/wp-json\/wp\/v2\/product\/3354","targetHints":{"allow":["GET"]}}],"collection":[{"href":"https:\/\/asbaratas.com.br\/loja\/wp-json\/wp\/v2\/product"}],"about":[{"href":"https:\/\/asbaratas.com.br\/loja\/wp-json\/wp\/v2\/types\/product"}],"replies":[{"embeddable":true,"href":"https:\/\/asbaratas.com.br\/loja\/wp-json\/wp\/v2\/comments?post=3354"}],"wp:featuredmedia":[{"embeddable":true,"href":"https:\/\/asbaratas.com.br\/loja\/wp-json\/wp\/v2\/media\/41872"}],"wp:attachment":[{"href":"https:\/\/asbaratas.com.br\/loja\/wp-json\/wp\/v2\/media?parent=3354"}],"wp:term":[{"taxonomy":"product_brand","embeddable":true,"href":"https:\/\/asbaratas.com.br\/loja\/wp-json\/wp\/v2\/product_brand?post=3354"},{"taxonomy":"product_cat","embeddable":true,"href":"https:\/\/asbaratas.com.br\/loja\/wp-json\/wp\/v2\/product_cat?post=3354"},{"taxonomy":"product_tag","embeddable":true,"href":"https:\/\/asbaratas.com.br\/loja\/wp-json\/wp\/v2\/product_tag?post=3354"}],"curies":[{"name":"wp","href":"https:\/\/api.w.org\/{rel}","templated":true}]}}