{"id":3344,"date":"2019-12-17T01:20:33","date_gmt":"2019-12-17T04:20:33","guid":{"rendered":"http:\/\/MDM_MASC"},"modified":"2026-04-17T19:32:10","modified_gmt":"2026-04-17T22:32:10","slug":"mdm_masc","status":"publish","type":"product","link":"https:\/\/asbaratas.com.br\/loja\/produto\/mdm_masc\/","title":{"rendered":"MELHORES DO MUNDO"},"content":{"rendered":"<p>A equipe mais safada da internet agora em uma camiseta feita pelas Baratas!<\/p>\n<p>Malha em 100% algod\u00e3o na cor azul com estampa em silk em cromia de alta qualidade.<\/p>\n<p>A taxa de encolhimento \u00e9 em m\u00e9dia 3% variando dos m\u00e9todos de lavagem.<\/p>\n<p>DICAS PARA SUA CAMISETA DURAR MUITO:<br \/>\n\u2022 LAVE COM \u00c1GUA FRIA<br \/>\n\u2022 PASSE ELA DO AVESSO<br \/>\n\u2022 N\u00c3O COLOQUE NA M\u00c1QUINA DE SECAR<br \/>\n\u2022 N\u00c3O DEIXE DE MOLHO<br \/>\n\u2022 SEMPRE SEQUE \u00c0 SOMBRA<\/p>\n<p>Arte por Marcos Tavares Costa<\/p>\n<p>As camisetas s\u00e3o despachadas em at\u00e9 3 dias \u00fateis.<\/p>\n","protected":false},"excerpt":{"rendered":"<p>A equipe mais safada da internet agora em uma camiseta feita pelas Baratas! Malha em 100% algod\u00e3o na cor azul com estampa em silk em cromia de alta qualidade. A taxa de encolhimento \u00e9 em m\u00e9dia 3% variando dos m\u00e9todos de lavagem. DICAS PARA SUA CAMISETA DURAR MUITO: \u2022 LAVE COM \u00c1GUA FRIA \u2022 PASSE [&#8230;]\n","protected":false},"featured_media":41873,"comment_status":"open","ping_status":"closed","template":"","meta":[],"product_brand":[],"product_cat":[83],"product_tag":[691,182,181,690,686,684,194,183,195,683,687,191,190,184,692,680,685,682,348,688,193,689,228,681,448],"class_list":{"0":"post-3344","1":"product","2":"type-product","3":"status-publish","4":"has-post-thumbnail","6":"product_cat-camiseta-reta","7":"product_tag-bugman","8":"product_tag-camisa","9":"product_tag-camiseta","10":"product_tag-capivara","11":"product_tag-change","12":"product_tag-comedia","13":"product_tag-comics","14":"product_tag-estampa","15":"product_tag-gibi","16":"product_tag-grupo","17":"product_tag-hell","18":"product_tag-historia-em-quadrinhos","19":"product_tag-hq","20":"product_tag-ilustracao","21":"product_tag-malandrox","22":"product_tag-marcos","23":"product_tag-mdm","24":"product_tag-melhores","25":"product_tag-mundo","26":"product_tag-nerd","27":"product_tag-quadrinhos","28":"product_tag-reverso","29":"product_tag-revista-em-quadrinhos","30":"product_tag-tavares","31":"product_tag-ultra","32":"pa_artista-mtc","33":"pa_cor-preto","34":"pa_tamanho-2g","35":"pa_tamanho-3g","36":"pa_tamanho-4g","37":"pa_tamanho-5g","38":"pa_tamanho-g","39":"pa_tamanho-m","40":"pa_tamanho-p","41":"pa_tamanho-pp","42":"pa_tema-HQ","43":"pa_tema-Humor","44":"pa_tema-Mashup","45":"pa_tema-oficial","46":"pa_tema-Podcast","47":"product_type-variable","48":"product_visibility-outofstock","91":"first","92":"outofstock","93":"shipping-taxable","94":"purchasable","95":"product-type-variable"},"_links":{"self":[{"href":"https:\/\/asbaratas.com.br\/loja\/wp-json\/wp\/v2\/product\/3344","targetHints":{"allow":["GET"]}}],"collection":[{"href":"https:\/\/asbaratas.com.br\/loja\/wp-json\/wp\/v2\/product"}],"about":[{"href":"https:\/\/asbaratas.com.br\/loja\/wp-json\/wp\/v2\/types\/product"}],"replies":[{"embeddable":true,"href":"https:\/\/asbaratas.com.br\/loja\/wp-json\/wp\/v2\/comments?post=3344"}],"wp:featuredmedia":[{"embeddable":true,"href":"https:\/\/asbaratas.com.br\/loja\/wp-json\/wp\/v2\/media\/41873"}],"wp:attachment":[{"href":"https:\/\/asbaratas.com.br\/loja\/wp-json\/wp\/v2\/media?parent=3344"}],"wp:term":[{"taxonomy":"product_brand","embeddable":true,"href":"https:\/\/asbaratas.com.br\/loja\/wp-json\/wp\/v2\/product_brand?post=3344"},{"taxonomy":"product_cat","embeddable":true,"href":"https:\/\/asbaratas.com.br\/loja\/wp-json\/wp\/v2\/product_cat?post=3344"},{"taxonomy":"product_tag","embeddable":true,"href":"https:\/\/asbaratas.com.br\/loja\/wp-json\/wp\/v2\/product_tag?post=3344"}],"curies":[{"name":"wp","href":"https:\/\/api.w.org\/{rel}","templated":true}]}}