{"id":3306,"date":"2017-03-15T01:20:09","date_gmt":"2017-03-15T04:20:09","guid":{"rendered":"http:\/\/LION_IMP_MASC"},"modified":"2026-04-17T19:32:04","modified_gmt":"2026-04-17T22:32:04","slug":"lion_imp","status":"publish","type":"product","link":"https:\/\/asbaratas.com.br\/loja\/produto\/lion_imp\/","title":{"rendered":"LION IMP"},"content":{"rendered":"<p>Tyrion Lannister \u00e9 apresentado ao mundo, porque todo Le\u00e3o e um rei!<\/p>\n<p>Malha em 100% algod\u00e3o na cor na cor vinho com estampa em silk de alta qualidade.<\/p>\n<p>A taxa de encolhimento \u00e9 em m\u00e9dia 3% variando dos m\u00e9todos de lavagem.<\/p>\n<p>DICAS PARA SUA CAMISETA DURAR MUITO:<br \/>\n\u2022 LAVE COM \u00c1GUA FRIA<br \/>\n\u2022 PASSE ELA DO AVESSO<br \/>\n\u2022 N\u00c3O COLOQUE NA M\u00c1QUINA DE SECAR<br \/>\n\u2022 N\u00c3O DEIXE DE MOLHO<br \/>\n\u2022 SEMPRE SEQUE \u00c0 SOMBRA<\/p>\n<p>Arte por Raphael Salimena<\/p>\n<p>As camisetas s\u00e3o despachadas em at\u00e9 3 dias \u00fateis.<\/p>\n","protected":false},"excerpt":{"rendered":"<p>Tyrion Lannister \u00e9 apresentado ao mundo, porque todo Le\u00e3o e um rei! Malha em 100% algod\u00e3o na cor na cor vinho com estampa em silk de alta qualidade. A taxa de encolhimento \u00e9 em m\u00e9dia 3% variando dos m\u00e9todos de lavagem. DICAS PARA SUA CAMISETA DURAR MUITO: \u2022 LAVE COM \u00c1GUA FRIA \u2022 PASSE ELA [&#8230;]\n","protected":false},"featured_media":32191,"comment_status":"open","ping_status":"closed","template":"","meta":[],"product_brand":[],"product_cat":[83],"product_tag":[182,181,669,678,183,418,420,421,419,263,423,424,679,338,677,260,259,262,676],"class_list":{"0":"post-3306","1":"product","2":"type-product","3":"status-publish","4":"has-post-thumbnail","6":"product_cat-camiseta-reta","7":"product_tag-camisa","8":"product_tag-camiseta","9":"product_tag-cronicas-de-fogo-e-gelo","10":"product_tag-disney","11":"product_tag-estampa","12":"product_tag-game-of-thrones","13":"product_tag-george-r-r-martin","14":"product_tag-george-rr-martin","15":"product_tag-guerra-dos-tronos","16":"product_tag-hbo","17":"product_tag-lannister","18":"product_tag-lannisters","19":"product_tag-peter-dinklag","20":"product_tag-raphael-salimena","21":"product_tag-rei-leao","22":"product_tag-seriado","23":"product_tag-serie-de-tv","24":"product_tag-televisao","25":"product_tag-tyrion-lannister","26":"pa_artista-salimena","27":"pa_cor-vinho","28":"pa_tamanho-2g","29":"pa_tamanho-3g","30":"pa_tamanho-4g","31":"pa_tamanho-g","32":"pa_tamanho-m","33":"pa_tamanho-p","34":"pa_tema-Humor","35":"pa_tema-Literatura","36":"pa_tema-Mashup","37":"pa_tema-series","38":"product_type-variable","39":"product_visibility-outofstock","73":"first","74":"outofstock","75":"shipping-taxable","76":"purchasable","77":"product-type-variable"},"_links":{"self":[{"href":"https:\/\/asbaratas.com.br\/loja\/wp-json\/wp\/v2\/product\/3306","targetHints":{"allow":["GET"]}}],"collection":[{"href":"https:\/\/asbaratas.com.br\/loja\/wp-json\/wp\/v2\/product"}],"about":[{"href":"https:\/\/asbaratas.com.br\/loja\/wp-json\/wp\/v2\/types\/product"}],"replies":[{"embeddable":true,"href":"https:\/\/asbaratas.com.br\/loja\/wp-json\/wp\/v2\/comments?post=3306"}],"wp:featuredmedia":[{"embeddable":true,"href":"https:\/\/asbaratas.com.br\/loja\/wp-json\/wp\/v2\/media\/32191"}],"wp:attachment":[{"href":"https:\/\/asbaratas.com.br\/loja\/wp-json\/wp\/v2\/media?parent=3306"}],"wp:term":[{"taxonomy":"product_brand","embeddable":true,"href":"https:\/\/asbaratas.com.br\/loja\/wp-json\/wp\/v2\/product_brand?post=3306"},{"taxonomy":"product_cat","embeddable":true,"href":"https:\/\/asbaratas.com.br\/loja\/wp-json\/wp\/v2\/product_cat?post=3306"},{"taxonomy":"product_tag","embeddable":true,"href":"https:\/\/asbaratas.com.br\/loja\/wp-json\/wp\/v2\/product_tag?post=3306"}],"curies":[{"name":"wp","href":"https:\/\/api.w.org\/{rel}","templated":true}]}}