{"id":3269,"date":"2017-03-15T01:19:45","date_gmt":"2017-03-15T04:19:45","guid":{"rendered":"http:\/\/LANNISTER_GOLD_MASC"},"modified":"2026-04-17T19:32:03","modified_gmt":"2026-04-17T22:32:03","slug":"lannister_gold","status":"publish","type":"product","link":"https:\/\/asbaratas.com.br\/loja\/produto\/lannister_gold\/","title":{"rendered":"LANNISTER GOLD"},"content":{"rendered":"<p>A casa Lannister se orgulha de sempre pagar suas d\u00edvidas e tamb\u00e9m de ter uma camiseta maravilhosa aqui nas Baratas!<\/p>\n<p>Malha em 100% algod\u00e3o na cor vinho com estampa em silk de alta qualidade.<\/p>\n<p>A taxa de encolhimento \u00e9 em m\u00e9dia 3% variando dos m\u00e9todos de lavagem.<\/p>\n<p>DICAS PARA SUA CAMISETA DURAR MUITO:<br \/>\n\u2022 LAVE COM \u00c1GUA FRIA<br \/>\n\u2022 PASSE ELA DO AVESSO<br \/>\n\u2022 N\u00c3O COLOQUE NA M\u00c1QUINA DE SECAR<br \/>\n\u2022 N\u00c3O DEIXE DE MOLHO<br \/>\n\u2022 SEMPRE SEQUE \u00c0 SOMBRA<\/p>\n<p>Arte por\u00a0Shinkoheo<\/p>\n<p>As camisetas s\u00e3o despachadas em at\u00e9 3 dias \u00fateis.<\/p>\n","protected":false},"excerpt":{"rendered":"<p>A casa Lannister se orgulha de sempre pagar suas d\u00edvidas e tamb\u00e9m de ter uma camiseta maravilhosa aqui nas Baratas! Malha em 100% algod\u00e3o na cor vinho com estampa em silk de alta qualidade. A taxa de encolhimento \u00e9 em m\u00e9dia 3% variando dos m\u00e9todos de lavagem. DICAS PARA SUA CAMISETA DURAR MUITO: \u2022 LAVE [&#8230;]\n","protected":false},"featured_media":3270,"comment_status":"open","ping_status":"closed","template":"","meta":[],"product_brand":[],"product_cat":[83],"product_tag":[182,181,669,183,418,420,421,419,263,423,424,260,259,328,262],"class_list":{"0":"post-3269","1":"product","2":"type-product","3":"status-publish","4":"has-post-thumbnail","6":"product_cat-camiseta-reta","7":"product_tag-camisa","8":"product_tag-camiseta","9":"product_tag-cronicas-de-fogo-e-gelo","10":"product_tag-estampa","11":"product_tag-game-of-thrones","12":"product_tag-george-r-r-martin","13":"product_tag-george-rr-martin","14":"product_tag-guerra-dos-tronos","15":"product_tag-hbo","16":"product_tag-lannister","17":"product_tag-lannisters","18":"product_tag-seriado","19":"product_tag-serie-de-tv","20":"product_tag-shinkoheo","21":"product_tag-televisao","22":"pa_artista-barata","23":"pa_cor-vinho","24":"pa_tamanho-2g","25":"pa_tamanho-3g","26":"pa_tamanho-4g","27":"pa_tamanho-g","28":"pa_tamanho-m","29":"pa_tamanho-p","30":"pa_tema-Literatura","31":"pa_tema-series","32":"product_type-variable","33":"product_visibility-outofstock","61":"first","62":"outofstock","63":"shipping-taxable","64":"purchasable","65":"product-type-variable"},"_links":{"self":[{"href":"https:\/\/asbaratas.com.br\/loja\/wp-json\/wp\/v2\/product\/3269","targetHints":{"allow":["GET"]}}],"collection":[{"href":"https:\/\/asbaratas.com.br\/loja\/wp-json\/wp\/v2\/product"}],"about":[{"href":"https:\/\/asbaratas.com.br\/loja\/wp-json\/wp\/v2\/types\/product"}],"replies":[{"embeddable":true,"href":"https:\/\/asbaratas.com.br\/loja\/wp-json\/wp\/v2\/comments?post=3269"}],"wp:featuredmedia":[{"embeddable":true,"href":"https:\/\/asbaratas.com.br\/loja\/wp-json\/wp\/v2\/media\/3270"}],"wp:attachment":[{"href":"https:\/\/asbaratas.com.br\/loja\/wp-json\/wp\/v2\/media?parent=3269"}],"wp:term":[{"taxonomy":"product_brand","embeddable":true,"href":"https:\/\/asbaratas.com.br\/loja\/wp-json\/wp\/v2\/product_brand?post=3269"},{"taxonomy":"product_cat","embeddable":true,"href":"https:\/\/asbaratas.com.br\/loja\/wp-json\/wp\/v2\/product_cat?post=3269"},{"taxonomy":"product_tag","embeddable":true,"href":"https:\/\/asbaratas.com.br\/loja\/wp-json\/wp\/v2\/product_tag?post=3269"}],"curies":[{"name":"wp","href":"https:\/\/api.w.org\/{rel}","templated":true}]}}