{"id":3260,"date":"2017-03-15T01:19:40","date_gmt":"2017-03-15T04:19:40","guid":{"rendered":"http:\/\/KRANG"},"modified":"2026-04-17T19:32:02","modified_gmt":"2026-04-17T22:32:02","slug":"krang","status":"publish","type":"product","link":"https:\/\/asbaratas.com.br\/loja\/produto\/krang\/","title":{"rendered":"KRANG"},"content":{"rendered":"<p>Diretamente da dimens\u00e3o X para sua camiseta o inimigo n\u00famero 1 das tartarugas estampa sua barriga nessa arte sensacional!<\/p>\n<p>Malha em 100% algod\u00e3o na corcinza com estampa em silk de alta qualidade.<\/p>\n<p>A taxa de encolhimento \u00e9 em m\u00e9dia 3% variando dos m\u00e9todos de lavagem.<\/p>\n<p>DICAS PARA SUA CAMISETA DURAR MUITO:<br \/>\n\u2022 LAVE COM \u00c1GUA FRIA<br \/>\n\u2022 PASSE ELA DO AVESSO<br \/>\n\u2022 N\u00c3O COLOQUE NA M\u00c1QUINA DE SECAR<br \/>\n\u2022 N\u00c3O DEIXE DE MOLHO<br \/>\n\u2022 SEMPRE SEQUE \u00c0 SOMBRA<\/p>\n<p>Arte por Juscelino Neco<\/p>\n<p>As camisetas s\u00e3o despachadas em at\u00e9 3 dias \u00fateis.<\/p>\n","protected":false},"excerpt":{"rendered":"<p>Diretamente da dimens\u00e3o X para sua camiseta o inimigo n\u00famero 1 das tartarugas estampa sua barriga nessa arte sensacional! Malha em 100% algod\u00e3o na corcinza com estampa em silk de alta qualidade. A taxa de encolhimento \u00e9 em m\u00e9dia 3% variando dos m\u00e9todos de lavagem. DICAS PARA SUA CAMISETA DURAR MUITO: \u2022 LAVE COM \u00c1GUA [&#8230;]\n","protected":false},"featured_media":3261,"comment_status":"open","ping_status":"closed","template":"","meta":[],"product_brand":[],"product_cat":[83],"product_tag":[665,182,181,666,183,184,664,387,660,659,668,667,388,662,342,661,663],"class_list":{"0":"post-3260","1":"product","2":"type-product","3":"status-publish","4":"has-post-thumbnail","6":"product_cat-camiseta-reta","7":"product_tag-alien","8":"product_tag-camisa","9":"product_tag-camiseta","10":"product_tag-donatelo","11":"product_tag-estampa","12":"product_tag-ilustracao","13":"product_tag-inimigo","14":"product_tag-juscelino","15":"product_tag-kraang","16":"product_tag-krang","17":"product_tag-leonardo","18":"product_tag-michelangelo","19":"product_tag-neco","20":"product_tag-ninjas","21":"product_tag-rafael","22":"product_tag-tartarugas","23":"product_tag-tmnt","24":"pa_artista-neco","25":"pa_cor-cinza","26":"pa_tamanho-2g","27":"pa_tamanho-3g","28":"pa_tamanho-4g","29":"pa_tamanho-g","30":"pa_tamanho-m","31":"pa_tamanho-p","32":"pa_tema-Cinema","33":"pa_tema-DesenhoAnimado","34":"pa_tema-HQ","35":"product_type-variable","36":"product_visibility-outofstock","64":"pa_tema-Desenho Animado","67":"first","68":"outofstock","69":"shipping-taxable","70":"purchasable","71":"product-type-variable"},"_links":{"self":[{"href":"https:\/\/asbaratas.com.br\/loja\/wp-json\/wp\/v2\/product\/3260","targetHints":{"allow":["GET"]}}],"collection":[{"href":"https:\/\/asbaratas.com.br\/loja\/wp-json\/wp\/v2\/product"}],"about":[{"href":"https:\/\/asbaratas.com.br\/loja\/wp-json\/wp\/v2\/types\/product"}],"replies":[{"embeddable":true,"href":"https:\/\/asbaratas.com.br\/loja\/wp-json\/wp\/v2\/comments?post=3260"}],"wp:featuredmedia":[{"embeddable":true,"href":"https:\/\/asbaratas.com.br\/loja\/wp-json\/wp\/v2\/media\/3261"}],"wp:attachment":[{"href":"https:\/\/asbaratas.com.br\/loja\/wp-json\/wp\/v2\/media?parent=3260"}],"wp:term":[{"taxonomy":"product_brand","embeddable":true,"href":"https:\/\/asbaratas.com.br\/loja\/wp-json\/wp\/v2\/product_brand?post=3260"},{"taxonomy":"product_cat","embeddable":true,"href":"https:\/\/asbaratas.com.br\/loja\/wp-json\/wp\/v2\/product_cat?post=3260"},{"taxonomy":"product_tag","embeddable":true,"href":"https:\/\/asbaratas.com.br\/loja\/wp-json\/wp\/v2\/product_tag?post=3260"}],"curies":[{"name":"wp","href":"https:\/\/api.w.org\/{rel}","templated":true}]}}