{"id":31594,"date":"2019-05-23T09:42:55","date_gmt":"2019-05-23T12:42:55","guid":{"rendered":"https:\/\/asbaratas.com.br\/loja\/?post_type=product&#038;p=31594"},"modified":"2026-04-17T19:32:15","modified_gmt":"2026-04-17T22:32:15","slug":"morte_crens","status":"publish","type":"product","link":"https:\/\/asbaratas.com.br\/loja\/produto\/morte_crens\/","title":{"rendered":"MORTE CRENS"},"content":{"rendered":"<p>A s\u00e9rie quadrinhos Morte Crens tem sua primeira camiseta aqui!<\/p>\n<p>Malha em 100% algod\u00e3o na cor preta com estampa em silk de alta qualidade.<\/p>\n<p>A taxa de encolhimento \u00e9 em m\u00e9dia 3% variando dos m\u00e9todos de lavagem.<\/p>\n<p>DICAS PARA SUA CAMISETA DURAR MUITO:<br \/>\n\u2022 LAVE COM \u00c1GUA FRIA<br \/>\n\u2022 PASSE ELA DO AVESSO<br \/>\n\u2022 N\u00c3O COLOQUE NA M\u00c1QUINA DE SECAR<br \/>\n\u2022 N\u00c3O DEIXE DE MOLHO<br \/>\n\u2022 SEMPRE SEQUE \u00c0 SOMBRA<\/p>\n<p>Arte por Gustavo Borges<\/p>\n<p>As camisetas s\u00e3o despachadas em at\u00e9 3 dias \u00fateis.<\/p>\n","protected":false},"excerpt":{"rendered":"<p>A s\u00e9rie quadrinhos Morte Crens tem sua primeira camiseta aqui! Malha em 100% algod\u00e3o na cor preta com estampa em silk de alta qualidade. A taxa de encolhimento \u00e9 em m\u00e9dia 3% variando dos m\u00e9todos de lavagem. DICAS PARA SUA CAMISETA DURAR MUITO: \u2022 LAVE COM \u00c1GUA FRIA \u2022 PASSE ELA DO AVESSO \u2022 N\u00c3O [&#8230;]\n","protected":false},"featured_media":32441,"comment_status":"open","ping_status":"closed","template":"","meta":[],"product_brand":[],"product_cat":[83],"product_tag":[1166,1347,1346,810,1345,1348,193],"class_list":{"0":"post-31594","1":"product","2":"type-product","3":"status-publish","4":"has-post-thumbnail","6":"product_cat-camiseta-reta","7":"product_tag-borges","8":"product_tag-crens","9":"product_tag-gustavo","10":"product_tag-morte","11":"product_tag-nacional","12":"product_tag-petalas","13":"product_tag-quadrinhos","14":"pa_artista-gustavo-borges","15":"pa_cor-preto","16":"pa_tamanho-2g","17":"pa_tamanho-3g","18":"pa_tamanho-4g","19":"pa_tamanho-g","20":"pa_tamanho-m","21":"pa_tamanho-p","22":"pa_tema-HQ","23":"pa_tema-oficial","24":"product_type-variable","25":"product_visibility-outofstock","45":"first","46":"outofstock","47":"shipping-taxable","48":"purchasable","49":"product-type-variable"},"_links":{"self":[{"href":"https:\/\/asbaratas.com.br\/loja\/wp-json\/wp\/v2\/product\/31594","targetHints":{"allow":["GET"]}}],"collection":[{"href":"https:\/\/asbaratas.com.br\/loja\/wp-json\/wp\/v2\/product"}],"about":[{"href":"https:\/\/asbaratas.com.br\/loja\/wp-json\/wp\/v2\/types\/product"}],"replies":[{"embeddable":true,"href":"https:\/\/asbaratas.com.br\/loja\/wp-json\/wp\/v2\/comments?post=31594"}],"wp:featuredmedia":[{"embeddable":true,"href":"https:\/\/asbaratas.com.br\/loja\/wp-json\/wp\/v2\/media\/32441"}],"wp:attachment":[{"href":"https:\/\/asbaratas.com.br\/loja\/wp-json\/wp\/v2\/media?parent=31594"}],"wp:term":[{"taxonomy":"product_brand","embeddable":true,"href":"https:\/\/asbaratas.com.br\/loja\/wp-json\/wp\/v2\/product_brand?post=31594"},{"taxonomy":"product_cat","embeddable":true,"href":"https:\/\/asbaratas.com.br\/loja\/wp-json\/wp\/v2\/product_cat?post=31594"},{"taxonomy":"product_tag","embeddable":true,"href":"https:\/\/asbaratas.com.br\/loja\/wp-json\/wp\/v2\/product_tag?post=31594"}],"curies":[{"name":"wp","href":"https:\/\/api.w.org\/{rel}","templated":true}]}}