{"id":31566,"date":"2019-05-23T09:37:23","date_gmt":"2019-05-23T12:37:23","guid":{"rendered":"https:\/\/asbaratas.com.br\/loja\/?post_type=product&#038;p=31566"},"modified":"2026-04-17T19:32:19","modified_gmt":"2026-04-17T22:32:19","slug":"pipoca","status":"publish","type":"product","link":"https:\/\/asbaratas.com.br\/loja\/produto\/pipoca\/","title":{"rendered":"PIPOCA E NANQUIM"},"content":{"rendered":"<p>A galera do Pipoca e Nanquim tem sua camiseta com da saga da etora contando com a arte retumbante de Thobias Daneluz!<\/p>\n<p>Malha em 100% algod\u00e3o na cor preto com estampa em silk em cromia de alta qualidade.<\/p>\n<p>A taxa de encolhimento \u00e9 em m\u00e9dia 3% variando dos m\u00e9todos de lavagem.<\/p>\n<p>DICAS PARA SUA CAMISETA DURAR MUITO:<br \/>\n\u2022 LAVE COM \u00c1GUA FRIA<br \/>\n\u2022 PASSE ELA DO AVESSO<br \/>\n\u2022 N\u00c3O COLOQUE NA M\u00c1QUINA DE SECAR<br \/>\n\u2022 N\u00c3O DEIXE DE MOLHO<br \/>\n\u2022 SEMPRE SEQUE \u00c0 SOMBRA<\/p>\n<p>Arte por Thobias Daneluz<\/p>\n<p>As camisetas s\u00e3o despachadas em at\u00e9 3 dias \u00fateis.<\/p>\n","protected":false},"excerpt":{"rendered":"<p>A galera do Pipoca e Nanquim tem sua camiseta com da saga da etora contando com a arte retumbante de Thobias Daneluz! Malha em 100% algod\u00e3o na cor preto com estampa em silk em cromia de alta qualidade. A taxa de encolhimento \u00e9 em m\u00e9dia 3% variando dos m\u00e9todos de lavagem. DICAS PARA SUA CAMISETA [&#8230;]\n","protected":false},"featured_media":32182,"comment_status":"open","ping_status":"closed","template":"","meta":[],"product_brand":[],"product_cat":[83],"product_tag":[1109,182,181,194,1106,183,195,683,191,190,184,1101,688,1100,193,228,1181,1105],"class_list":{"0":"post-31566","1":"product","2":"type-product","3":"status-publish","4":"has-post-thumbnail","6":"product_cat-camiseta-reta","7":"product_tag-alexandre","8":"product_tag-camisa","9":"product_tag-camiseta","10":"product_tag-comics","11":"product_tag-daniel","12":"product_tag-estampa","13":"product_tag-gibi","14":"product_tag-grupo","15":"product_tag-historia-em-quadrinhos","16":"product_tag-hq","17":"product_tag-ilustracao","18":"product_tag-nanquim","19":"product_tag-nerd","20":"product_tag-pipoca","21":"product_tag-quadrinhos","22":"product_tag-revista-em-quadrinhos","23":"product_tag-universo","24":"product_tag-zago","25":"pa_artista-pn","26":"pa_artista-thobias","27":"pa_cor-preto","28":"pa_tamanho-2g","29":"pa_tamanho-3g","30":"pa_tamanho-4g","31":"pa_tamanho-5g","32":"pa_tamanho-g","33":"pa_tamanho-m","34":"pa_tamanho-p","35":"pa_tema-Cinema","36":"pa_tema-HQ","37":"pa_tema-Humor","38":"pa_tema-oficial","39":"pa_tema-Podcast","40":"product_type-variable","41":"product_visibility-outofstock","77":"first","78":"outofstock","79":"shipping-taxable","80":"purchasable","81":"product-type-variable"},"_links":{"self":[{"href":"https:\/\/asbaratas.com.br\/loja\/wp-json\/wp\/v2\/product\/31566","targetHints":{"allow":["GET"]}}],"collection":[{"href":"https:\/\/asbaratas.com.br\/loja\/wp-json\/wp\/v2\/product"}],"about":[{"href":"https:\/\/asbaratas.com.br\/loja\/wp-json\/wp\/v2\/types\/product"}],"replies":[{"embeddable":true,"href":"https:\/\/asbaratas.com.br\/loja\/wp-json\/wp\/v2\/comments?post=31566"}],"wp:featuredmedia":[{"embeddable":true,"href":"https:\/\/asbaratas.com.br\/loja\/wp-json\/wp\/v2\/media\/32182"}],"wp:attachment":[{"href":"https:\/\/asbaratas.com.br\/loja\/wp-json\/wp\/v2\/media?parent=31566"}],"wp:term":[{"taxonomy":"product_brand","embeddable":true,"href":"https:\/\/asbaratas.com.br\/loja\/wp-json\/wp\/v2\/product_brand?post=31566"},{"taxonomy":"product_cat","embeddable":true,"href":"https:\/\/asbaratas.com.br\/loja\/wp-json\/wp\/v2\/product_cat?post=31566"},{"taxonomy":"product_tag","embeddable":true,"href":"https:\/\/asbaratas.com.br\/loja\/wp-json\/wp\/v2\/product_tag?post=31566"}],"curies":[{"name":"wp","href":"https:\/\/api.w.org\/{rel}","templated":true}]}}