{"id":31551,"date":"2019-05-23T09:35:19","date_gmt":"2019-05-23T12:35:19","guid":{"rendered":"https:\/\/asbaratas.com.br\/loja\/?post_type=product&#038;p=31551"},"modified":"2026-04-17T19:32:13","modified_gmt":"2026-04-17T22:32:13","slug":"meteoro","status":"publish","type":"product","link":"https:\/\/asbaratas.com.br\/loja\/produto\/meteoro\/","title":{"rendered":"METEORO"},"content":{"rendered":"<p>Nessa estampa vemos a mulher mais s\u00e1bia, do canal Meteoro Brasil e, ao fundo, uma transforma\u00e7\u00e3o da qual ningu\u00e9m poder\u00e1 escapar. A camiseta pode ser sua, mas s\u00f3 se voc\u00ea quiser.<\/p>\n<p>Malha em na nossa malha ver\u00e3o na cor azul com estampa em silk de alta qualidade.<\/p>\n<p>A taxa de encolhimento \u00e9 em m\u00e9dia 3% variando dos m\u00e9todos de lavagem.<\/p>\n<p>DICAS PARA SUA CAMISETA DURAR MUITO:<br \/>\n\u2022 LAVE COM \u00c1GUA FRIA<br \/>\n\u2022 PASSE ELA DO AVESSO<br \/>\n\u2022 N\u00c3O COLOQUE NA M\u00c1QUINA DE SECAR<br \/>\n\u2022 N\u00c3O DEIXE DE MOLHO<br \/>\n\u2022 SEMPRE SEQUE \u00c0 SOMBRA<\/p>\n<p>As camisetas s\u00e3o despachadas em at\u00e9 3 dias \u00fateis.<\/p>\n","protected":false},"excerpt":{"rendered":"<p>Nessa estampa vemos a mulher mais s\u00e1bia, do canal Meteoro Brasil e, ao fundo, uma transforma\u00e7\u00e3o da qual ningu\u00e9m poder\u00e1 escapar. A camiseta pode ser sua, mas s\u00f3 se voc\u00ea quiser. Malha em na nossa malha ver\u00e3o na cor azul com estampa em silk de alta qualidade. A taxa de encolhimento \u00e9 em m\u00e9dia 3% [&#8230;]\n","protected":false},"featured_media":31652,"comment_status":"open","ping_status":"closed","template":"","meta":[],"product_brand":[],"product_cat":[83],"product_tag":[182,181,1323,1632,1633,213,1571,183,1326,1322,426,1325,1324],"class_list":{"0":"post-31551","1":"product","2":"type-product","3":"status-publish","4":"has-post-thumbnail","6":"product_cat-camiseta-reta","7":"product_tag-camisa","8":"product_tag-camiseta","9":"product_tag-canal","10":"product_tag-canhota","11":"product_tag-canhoto","12":"product_tag-cinema","13":"product_tag-esquerda","14":"product_tag-estampa","15":"product_tag-kaol","16":"product_tag-meteoro","17":"product_tag-mulher","18":"product_tag-sabia","19":"product_tag-youtube","20":"pa_artista-kaol-porfirio","21":"pa_cor-azul-escuro","22":"pa_malha-verao","23":"pa_tamanho-2g","24":"pa_tamanho-3g","25":"pa_tamanho-4g","26":"pa_tamanho-5g","27":"pa_tamanho-g","28":"pa_tamanho-m","29":"pa_tamanho-p","30":"pa_tamanho-pp","31":"pa_tema-arte","32":"pa_tema-Literatura","33":"pa_tema-oficial","34":"pa_tema-Podcast","35":"product_type-variable","36":"product_visibility-outofstock","67":"first","68":"outofstock","69":"shipping-taxable","70":"purchasable","71":"product-type-variable"},"_links":{"self":[{"href":"https:\/\/asbaratas.com.br\/loja\/wp-json\/wp\/v2\/product\/31551","targetHints":{"allow":["GET"]}}],"collection":[{"href":"https:\/\/asbaratas.com.br\/loja\/wp-json\/wp\/v2\/product"}],"about":[{"href":"https:\/\/asbaratas.com.br\/loja\/wp-json\/wp\/v2\/types\/product"}],"replies":[{"embeddable":true,"href":"https:\/\/asbaratas.com.br\/loja\/wp-json\/wp\/v2\/comments?post=31551"}],"wp:featuredmedia":[{"embeddable":true,"href":"https:\/\/asbaratas.com.br\/loja\/wp-json\/wp\/v2\/media\/31652"}],"wp:attachment":[{"href":"https:\/\/asbaratas.com.br\/loja\/wp-json\/wp\/v2\/media?parent=31551"}],"wp:term":[{"taxonomy":"product_brand","embeddable":true,"href":"https:\/\/asbaratas.com.br\/loja\/wp-json\/wp\/v2\/product_brand?post=31551"},{"taxonomy":"product_cat","embeddable":true,"href":"https:\/\/asbaratas.com.br\/loja\/wp-json\/wp\/v2\/product_cat?post=31551"},{"taxonomy":"product_tag","embeddable":true,"href":"https:\/\/asbaratas.com.br\/loja\/wp-json\/wp\/v2\/product_tag?post=31551"}],"curies":[{"name":"wp","href":"https:\/\/api.w.org\/{rel}","templated":true}]}}