{"id":31545,"date":"2019-05-23T09:34:26","date_gmt":"2019-05-23T12:34:26","guid":{"rendered":"https:\/\/asbaratas.com.br\/loja\/?post_type=product&#038;p=31545"},"modified":"2025-12-20T01:42:01","modified_gmt":"2025-12-20T04:42:01","slug":"hot-rod-spidey","status":"publish","type":"product","link":"https:\/\/asbaratas.com.br\/loja\/produto\/hot-rod-spidey\/","title":{"rendered":"HOT ROD SPIDEY"},"content":{"rendered":"<p>Um bug envenenado por m\u00faltiplos universos aracn\u00eddeos gerou essa camiseta doidona cheia de refer\u00eancias pra quem manja dos submundos do cabe\u00e7a de teia!<\/p>\n<p>Malha em 50% algod\u00e3o 50% poli\u00e9ster na cor mescla escuro com estampa em silk de alta qualidade.<\/p>\n<p>A taxa de encolhimento \u00e9 em m\u00e9dia 3% variando dos m\u00e9todos de lavagem.<\/p>\n<p>DICAS PARA SUA CAMISETA DURAR MUITO:<br \/>\n\u2022 LAVE COM \u00c1GUA FRIA<br \/>\n\u2022 PASSE ELA DO AVESSO<br \/>\n\u2022 N\u00c3O COLOQUE NA M\u00c1QUINA DE SECAR<br \/>\n\u2022 N\u00c3O DEIXE DE MOLHO<br \/>\n\u2022 SEMPRE SEQUE \u00c0 SOMBRA<\/p>\n<p>Arte por\u00a0Leopoldo<\/p>\n<p>As camisetas s\u00e3o despachadas em at\u00e9 3 dias \u00fateis.<\/p>\n","protected":false},"excerpt":{"rendered":"<p>Um bug envenenado por m\u00faltiplos universos aracn\u00eddeos gerou essa camiseta doidona cheia de refer\u00eancias pra quem manja dos submundos do cabe\u00e7a de teia! Malha em 50% algod\u00e3o 50% poli\u00e9ster na cor mescla escuro com estampa em silk de alta qualidade. A taxa de encolhimento \u00e9 em m\u00e9dia 3% variando dos m\u00e9todos de lavagem. DICAS PARA [&#8230;]\n","protected":false},"featured_media":31655,"comment_status":"open","ping_status":"closed","template":"","meta":[],"product_brand":[],"product_cat":[72,74],"product_tag":[221,620,182,181,213,319,183,567,326,619,621,618,190,369,378,377,379,375,376,374,370,380,616,617,615,1327,566,259,327,622],"class_list":{"0":"post-31545","1":"product","2":"type-product","3":"status-publish","4":"has-post-thumbnail","6":"product_cat-feminina","7":"product_cat-mullet","8":"product_tag-animacao","9":"product_tag-arana","10":"product_tag-camisa","11":"product_tag-camiseta","12":"product_tag-cinema","13":"product_tag-desenho-animado","14":"product_tag-estampa","15":"product_tag-fink","16":"product_tag-heroi","17":"product_tag-hombre","18":"product_tag-hombre-arana","19":"product_tag-homem-aranha","20":"product_tag-hq","21":"product_tag-leopoldo","22":"product_tag-libre","23":"product_tag-livre","24":"product_tag-lucha","25":"product_tag-lucha-libre","26":"product_tag-luta","27":"product_tag-luta-livre","28":"product_tag-marvel","29":"product_tag-mexico","30":"product_tag-parker","31":"product_tag-peter","32":"product_tag-peter-parker","33":"product_tag-porco","34":"product_tag-rat","35":"product_tag-serie-de-tv","36":"product_tag-super-heroi","37":"product_tag-vingad","38":"pa_artista-leopoldo","39":"pa_cor-cinza","40":"pa_malha-mescla","41":"pa_tamanho-2g","42":"pa_tamanho-3g","43":"pa_tamanho-g","44":"pa_tamanho-m","45":"pa_tamanho-p","46":"pa_tema-HQ","47":"pa_tema-Mashup","48":"pa_tema-Parodia","49":"product_type-variable","94":"first","95":"instock","96":"shipping-taxable","97":"purchasable","98":"product-type-variable"},"_links":{"self":[{"href":"https:\/\/asbaratas.com.br\/loja\/wp-json\/wp\/v2\/product\/31545","targetHints":{"allow":["GET"]}}],"collection":[{"href":"https:\/\/asbaratas.com.br\/loja\/wp-json\/wp\/v2\/product"}],"about":[{"href":"https:\/\/asbaratas.com.br\/loja\/wp-json\/wp\/v2\/types\/product"}],"replies":[{"embeddable":true,"href":"https:\/\/asbaratas.com.br\/loja\/wp-json\/wp\/v2\/comments?post=31545"}],"wp:featuredmedia":[{"embeddable":true,"href":"https:\/\/asbaratas.com.br\/loja\/wp-json\/wp\/v2\/media\/31655"}],"wp:attachment":[{"href":"https:\/\/asbaratas.com.br\/loja\/wp-json\/wp\/v2\/media?parent=31545"}],"wp:term":[{"taxonomy":"product_brand","embeddable":true,"href":"https:\/\/asbaratas.com.br\/loja\/wp-json\/wp\/v2\/product_brand?post=31545"},{"taxonomy":"product_cat","embeddable":true,"href":"https:\/\/asbaratas.com.br\/loja\/wp-json\/wp\/v2\/product_cat?post=31545"},{"taxonomy":"product_tag","embeddable":true,"href":"https:\/\/asbaratas.com.br\/loja\/wp-json\/wp\/v2\/product_tag?post=31545"}],"curies":[{"name":"wp","href":"https:\/\/api.w.org\/{rel}","templated":true}]}}