{"id":30909,"date":"2019-04-16T12:38:11","date_gmt":"2019-04-16T15:38:11","guid":{"rendered":"https:\/\/asbaratas.com.br\/loja\/?post_type=product&#038;p=30909"},"modified":"2025-12-20T01:42:03","modified_gmt":"2025-12-20T04:42:03","slug":"marvellous","status":"publish","type":"product","link":"https:\/\/asbaratas.com.br\/loja\/produto\/marvellous\/","title":{"rendered":"MARVELLOUS"},"content":{"rendered":"<p>A camiseta definitiva para as mulheres, pois n\u00e3o importa seu peso, altura ou idade, todas s\u00e3o marvellous!<\/p>\n<p>Uma homenagem d&#8217;As Baratas a todas as nossas lindas clientes!<\/p>\n<p>Camiseta feita com nossa malha 100% algod\u00e3o, na cor azul e estampa com silk de alta qualidade.<\/p>\n<p>A taxa de encolhimento \u00e9 em m\u00e9dia 3% variando dos m\u00e9todos de lavagem.<\/p>\n<p>DICAS PARA SUA CAMISETA DURAR MUITO:<br \/>\n\u2022 LAVE COM \u00c1GUA FRIA<br \/>\n\u2022 PASSE ELA DO AVESSO<br \/>\n\u2022 N\u00c3O COLOQUE NA M\u00c1QUINA DE SECAR<br \/>\n\u2022 N\u00c3O DEIXE DE MOLHO<br \/>\n\u2022 SEMPRE SEQUE \u00c0 SOMBRA<\/p>\n<p>Arte por PriWi<br \/>\nConhe\u00e7a seu trabalho:\u00a0<a href=\"http:\/\/www.priwi.net\/\" target=\"_blank\" rel=\"noopener noreferrer\">http:\/\/www.priwi.net\/<\/a><\/p>\n<p>As camisetas s\u00e3o despachadas em at\u00e9 3 dias \u00fateis.<\/p>\n","protected":false},"excerpt":{"rendered":"<p>A camiseta definitiva para as mulheres, pois n\u00e3o importa seu peso, altura ou idade, todas s\u00e3o marvellous! Uma homenagem d&#8217;As Baratas a todas as nossas lindas clientes! Camiseta feita com nossa malha 100% algod\u00e3o, na cor azul e estampa com silk de alta qualidade. A taxa de encolhimento \u00e9 em m\u00e9dia 3% variando dos m\u00e9todos [&#8230;]\n","protected":false},"featured_media":31645,"comment_status":"open","ping_status":"closed","template":"","meta":[],"product_brand":[],"product_cat":[72,74],"product_tag":[924,182,181,1321,194,320,183,195,191,190,923,370,1320,1242,925,851,850,921],"class_list":{"0":"post-30909","1":"product","2":"type-product","3":"status-publish","4":"has-post-thumbnail","6":"product_cat-feminina","7":"product_cat-mullet","8":"product_tag-babylook","9":"product_tag-camisa","10":"product_tag-camiseta","11":"product_tag-capita","12":"product_tag-comics","13":"product_tag-dc","14":"product_tag-estampa","15":"product_tag-gibi","16":"product_tag-historia-em-quadrinhos","17":"product_tag-hq","18":"product_tag-malha-verao","19":"product_tag-marvel","20":"product_tag-marvellous","21":"product_tag-politic","22":"product_tag-priwi","23":"product_tag-super-homem","24":"product_tag-superman","25":"product_tag-wonder-woman","26":"pa_artista-priwi","27":"pa_cor-azul","28":"pa_tamanho-2g","29":"pa_tamanho-3g","30":"pa_tamanho-g","31":"pa_tamanho-m","32":"pa_tamanho-p","33":"pa_tamanho-pp","34":"pa_tema-Cinema","35":"pa_tema-HQ","36":"pa_tema-Humor","37":"pa_tema-Parodia","38":"product_type-variable","39":"product_visibility-outofstock","73":"first","74":"outofstock","75":"shipping-taxable","76":"purchasable","77":"product-type-variable"},"_links":{"self":[{"href":"https:\/\/asbaratas.com.br\/loja\/wp-json\/wp\/v2\/product\/30909","targetHints":{"allow":["GET"]}}],"collection":[{"href":"https:\/\/asbaratas.com.br\/loja\/wp-json\/wp\/v2\/product"}],"about":[{"href":"https:\/\/asbaratas.com.br\/loja\/wp-json\/wp\/v2\/types\/product"}],"replies":[{"embeddable":true,"href":"https:\/\/asbaratas.com.br\/loja\/wp-json\/wp\/v2\/comments?post=30909"}],"wp:featuredmedia":[{"embeddable":true,"href":"https:\/\/asbaratas.com.br\/loja\/wp-json\/wp\/v2\/media\/31645"}],"wp:attachment":[{"href":"https:\/\/asbaratas.com.br\/loja\/wp-json\/wp\/v2\/media?parent=30909"}],"wp:term":[{"taxonomy":"product_brand","embeddable":true,"href":"https:\/\/asbaratas.com.br\/loja\/wp-json\/wp\/v2\/product_brand?post=30909"},{"taxonomy":"product_cat","embeddable":true,"href":"https:\/\/asbaratas.com.br\/loja\/wp-json\/wp\/v2\/product_cat?post=30909"},{"taxonomy":"product_tag","embeddable":true,"href":"https:\/\/asbaratas.com.br\/loja\/wp-json\/wp\/v2\/product_tag?post=30909"}],"curies":[{"name":"wp","href":"https:\/\/api.w.org\/{rel}","templated":true}]}}