{"id":3072,"date":"2017-03-15T01:17:43","date_gmt":"2017-03-15T04:17:43","guid":{"rendered":"http:\/\/HOMBRE_ARANA_MASC"},"modified":"2026-04-17T19:31:49","modified_gmt":"2026-04-17T22:31:49","slug":"hombre_arana","status":"publish","type":"product","link":"https:\/\/asbaratas.com.br\/loja\/produto\/hombre_arana\/","title":{"rendered":"HOMBRE ARA\u00d1A"},"content":{"rendered":"<p>Como seria o Homem Aranha lutando luta livre no M\u00e9xico? Assim, como est\u00e1 nessa camiseta da s\u00e9rie Her\u00f3is Luchadores!<\/p>\n<p>Malha em 100% algod\u00e3o na cor vermelho goiaba com estampa em silk de alta qualidade.<\/p>\n<p>A taxa de encolhimento \u00e9 em m\u00e9dia 3% variando dos m\u00e9todos de lavagem.<\/p>\n<p>DICAS PARA SUA CAMISETA DURAR MUITO:<br \/>\n\u2022 LAVE COM \u00c1GUA FRIA<br \/>\n\u2022 PASSE ELA DO AVESSO<br \/>\n\u2022 N\u00c3O COLOQUE NA M\u00c1QUINA DE SECAR<br \/>\n\u2022 N\u00c3O DEIXE DE MOLHO<br \/>\n\u2022 SEMPRE SEQUE \u00c0 SOMBRA<\/p>\n<p>Arte por\u00a0Leopoldo<\/p>\n<p>As camisetas s\u00e3o despachadas em at\u00e9 3 dias \u00fateis.<\/p>\n","protected":false},"excerpt":{"rendered":"<p>Como seria o Homem Aranha lutando luta livre no M\u00e9xico? Assim, como est\u00e1 nessa camiseta da s\u00e9rie Her\u00f3is Luchadores! Malha em 100% algod\u00e3o na cor vermelho goiaba com estampa em silk de alta qualidade. A taxa de encolhimento \u00e9 em m\u00e9dia 3% variando dos m\u00e9todos de lavagem. DICAS PARA SUA CAMISETA DURAR MUITO: \u2022 LAVE [&#8230;]\n","protected":false},"featured_media":3073,"comment_status":"open","ping_status":"closed","template":"","meta":[],"product_brand":[],"product_cat":[83],"product_tag":[221,620,182,181,213,319,183,326,619,621,618,190,369,378,377,379,375,376,374,370,380,616,617,615,259,327,622],"class_list":{"0":"post-3072","1":"product","2":"type-product","3":"status-publish","4":"has-post-thumbnail","6":"product_cat-camiseta-reta","7":"product_tag-animacao","8":"product_tag-arana","9":"product_tag-camisa","10":"product_tag-camiseta","11":"product_tag-cinema","12":"product_tag-desenho-animado","13":"product_tag-estampa","14":"product_tag-heroi","15":"product_tag-hombre","16":"product_tag-hombre-arana","17":"product_tag-homem-aranha","18":"product_tag-hq","19":"product_tag-leopoldo","20":"product_tag-libre","21":"product_tag-livre","22":"product_tag-lucha","23":"product_tag-lucha-libre","24":"product_tag-luta","25":"product_tag-luta-livre","26":"product_tag-marvel","27":"product_tag-mexico","28":"product_tag-parker","29":"product_tag-peter","30":"product_tag-peter-parker","31":"product_tag-serie-de-tv","32":"product_tag-super-heroi","33":"product_tag-vingad","34":"pa_artista-leopoldo","35":"pa_cor-goiaba","36":"pa_tamanho-2g","37":"pa_tamanho-3g","38":"pa_tamanho-4g","39":"pa_tamanho-5g","40":"pa_tamanho-g","41":"pa_tamanho-m","42":"pa_tamanho-p","43":"pa_tema-Cinema","44":"pa_tema-DesenhoAnimado","45":"pa_tema-HQ","46":"product_type-variable","85":"pa_tema-Desenho Animado","88":"first","89":"instock","90":"shipping-taxable","91":"purchasable","92":"product-type-variable"},"_links":{"self":[{"href":"https:\/\/asbaratas.com.br\/loja\/wp-json\/wp\/v2\/product\/3072","targetHints":{"allow":["GET"]}}],"collection":[{"href":"https:\/\/asbaratas.com.br\/loja\/wp-json\/wp\/v2\/product"}],"about":[{"href":"https:\/\/asbaratas.com.br\/loja\/wp-json\/wp\/v2\/types\/product"}],"replies":[{"embeddable":true,"href":"https:\/\/asbaratas.com.br\/loja\/wp-json\/wp\/v2\/comments?post=3072"}],"wp:featuredmedia":[{"embeddable":true,"href":"https:\/\/asbaratas.com.br\/loja\/wp-json\/wp\/v2\/media\/3073"}],"wp:attachment":[{"href":"https:\/\/asbaratas.com.br\/loja\/wp-json\/wp\/v2\/media?parent=3072"}],"wp:term":[{"taxonomy":"product_brand","embeddable":true,"href":"https:\/\/asbaratas.com.br\/loja\/wp-json\/wp\/v2\/product_brand?post=3072"},{"taxonomy":"product_cat","embeddable":true,"href":"https:\/\/asbaratas.com.br\/loja\/wp-json\/wp\/v2\/product_cat?post=3072"},{"taxonomy":"product_tag","embeddable":true,"href":"https:\/\/asbaratas.com.br\/loja\/wp-json\/wp\/v2\/product_tag?post=3072"}],"curies":[{"name":"wp","href":"https:\/\/api.w.org\/{rel}","templated":true}]}}