{"id":3048,"date":"2017-03-15T01:17:29","date_gmt":"2017-03-15T04:17:29","guid":{"rendered":"http:\/\/HELLBLAZER_MASC"},"modified":"2026-04-17T19:31:48","modified_gmt":"2026-04-17T22:31:48","slug":"hellblazer","status":"publish","type":"product","link":"https:\/\/asbaratas.com.br\/loja\/produto\/hellblazer\/","title":{"rendered":"HELLBASTARD"},"content":{"rendered":"<p>Jo\u00e3o Constantine chegando para enfrentar mais um dem\u00f4nio!<\/p>\n<p>Malha em 100% algod\u00e3o na cor preta com estampa em silk de alta qualidade com tinta fluorescente.<\/p>\n<p>A taxa de encolhimento \u00e9 em m\u00e9dia 3% variando dos m\u00e9todos de lavagem.<\/p>\n<p>DICAS PARA SUA CAMISETA DURAR MUITO:<br \/>\n\u2022 LAVE COM \u00c1GUA FRIA<br \/>\n\u2022 PASSE ELA DO AVESSO<br \/>\n\u2022 N\u00c3O COLOQUE NA M\u00c1QUINA DE SECAR<br \/>\n\u2022 N\u00c3O DEIXE DE MOLHO<br \/>\n\u2022 SEMPRE SEQUE \u00c0 SOMBRA<\/p>\n<p>Arte por\u00a0Shinkoheo<\/p>\n<p>As camisetas s\u00e3o despachadas em at\u00e9 3 dias \u00fateis.<\/p>\n","protected":false},"excerpt":{"rendered":"<p>Jo\u00e3o Constantine chegando para enfrentar mais um dem\u00f4nio! Malha em 100% algod\u00e3o na cor preta com estampa em silk de alta qualidade com tinta fluorescente. A taxa de encolhimento \u00e9 em m\u00e9dia 3% variando dos m\u00e9todos de lavagem. DICAS PARA SUA CAMISETA DURAR MUITO: \u2022 LAVE COM \u00c1GUA FRIA \u2022 PASSE ELA DO AVESSO \u2022 [&#8230;]\n","protected":false},"featured_media":97240,"comment_status":"open","ping_status":"closed","template":"","meta":[],"product_brand":[],"product_cat":[83],"product_tag":[182,181,213,604,320,183,602,599,190,600,603,601,328,536,598],"class_list":{"0":"post-3048","1":"product","2":"type-product","3":"status-publish","4":"has-post-thumbnail","6":"product_cat-camiseta-reta","7":"product_tag-camisa","8":"product_tag-camiseta","9":"product_tag-cinema","10":"product_tag-constantine","11":"product_tag-dc","12":"product_tag-estampa","13":"product_tag-exorcista","14":"product_tag-hellblazer","15":"product_tag-hq","16":"product_tag-jamie-delano","17":"product_tag-john-constantine","18":"product_tag-o-exorcista","19":"product_tag-shinkoheo","20":"product_tag-terror","21":"product_tag-vertigo","22":"pa_artista-barata","23":"pa_cor-preto","24":"pa_tamanho-2g","25":"pa_tamanho-3g","26":"pa_tamanho-4g","27":"pa_tamanho-5g","28":"pa_tamanho-g","29":"pa_tamanho-m","30":"pa_tamanho-p","31":"pa_tema-Cinema","32":"pa_tema-HQ","33":"pa_tema-Mashup","34":"product_type-variable","64":"first","65":"instock","66":"shipping-taxable","67":"purchasable","68":"product-type-variable"},"_links":{"self":[{"href":"https:\/\/asbaratas.com.br\/loja\/wp-json\/wp\/v2\/product\/3048","targetHints":{"allow":["GET"]}}],"collection":[{"href":"https:\/\/asbaratas.com.br\/loja\/wp-json\/wp\/v2\/product"}],"about":[{"href":"https:\/\/asbaratas.com.br\/loja\/wp-json\/wp\/v2\/types\/product"}],"replies":[{"embeddable":true,"href":"https:\/\/asbaratas.com.br\/loja\/wp-json\/wp\/v2\/comments?post=3048"}],"wp:featuredmedia":[{"embeddable":true,"href":"https:\/\/asbaratas.com.br\/loja\/wp-json\/wp\/v2\/media\/97240"}],"wp:attachment":[{"href":"https:\/\/asbaratas.com.br\/loja\/wp-json\/wp\/v2\/media?parent=3048"}],"wp:term":[{"taxonomy":"product_brand","embeddable":true,"href":"https:\/\/asbaratas.com.br\/loja\/wp-json\/wp\/v2\/product_brand?post=3048"},{"taxonomy":"product_cat","embeddable":true,"href":"https:\/\/asbaratas.com.br\/loja\/wp-json\/wp\/v2\/product_cat?post=3048"},{"taxonomy":"product_tag","embeddable":true,"href":"https:\/\/asbaratas.com.br\/loja\/wp-json\/wp\/v2\/product_tag?post=3048"}],"curies":[{"name":"wp","href":"https:\/\/api.w.org\/{rel}","templated":true}]}}