{"id":2928,"date":"2017-03-15T01:16:12","date_gmt":"2017-03-15T04:16:12","guid":{"rendered":"http:\/\/GIMMEFUE"},"modified":"2026-04-17T19:31:44","modified_gmt":"2026-04-17T22:31:44","slug":"gimmefue","status":"publish","type":"product","link":"https:\/\/asbaratas.com.br\/loja\/produto\/gimmefue\/","title":{"rendered":"GIMME FUE!"},"content":{"rendered":"<p>A camiseta para o f\u00e3 de Metallica que n\u00e3o entende o que o James fala no in\u00edcio da m\u00fasica &#8220;Fuel&#8221;!<\/p>\n<p>Malha em 100% algod\u00e3o na cor cinza chumbo com estampa em silk de alta qualidade.<\/p>\n<p>A taxa de encolhimento \u00e9 em m\u00e9dia 3% variando dos m\u00e9todos de lavagem.<\/p>\n<p>DICAS PARA SUA CAMISETA DURAR MUITO:<br \/>\n\u2022 LAVE COM \u00c1GUA FRIA<br \/>\n\u2022 PASSE ELA DO AVESSO<br \/>\n\u2022 N\u00c3O COLOQUE NA M\u00c1QUINA DE SECAR<br \/>\n\u2022 N\u00c3O DEIXE DE MOLHO<br \/>\n\u2022 SEMPRE SEQUE \u00c0 SOMBRA<\/p>\n<p>Arte por\u00a0Shinkoheo<\/p>\n<p>As camisetas s\u00e3o despachadas em at\u00e9 3 dias \u00fateis.<\/p>\n","protected":false},"excerpt":{"rendered":"<p>A camiseta para o f\u00e3 de Metallica que n\u00e3o entende o que o James fala no in\u00edcio da m\u00fasica &#8220;Fuel&#8221;! Malha em 100% algod\u00e3o na cor cinza chumbo com estampa em silk de alta qualidade. A taxa de encolhimento \u00e9 em m\u00e9dia 3% variando dos m\u00e9todos de lavagem. DICAS PARA SUA CAMISETA DURAR MUITO: \u2022 [&#8230;]\n","protected":false},"featured_media":2929,"comment_status":"open","ping_status":"closed","template":"","meta":[],"product_brand":[],"product_cat":[83],"product_tag":[182,181,183,575,568,574,573,571,570,569,200,201,198,572,199,328],"class_list":{"0":"post-2928","1":"product","2":"type-product","3":"status-publish","4":"has-post-thumbnail","6":"product_cat-camiseta-reta","7":"product_tag-camisa","8":"product_tag-camiseta","9":"product_tag-estampa","10":"product_tag-fue","11":"product_tag-fuel","12":"product_tag-gimme","13":"product_tag-heavy-metal","14":"product_tag-hetfield","15":"product_tag-james","16":"product_tag-james-hetfield","17":"product_tag-metal","18":"product_tag-metallica","19":"product_tag-musica","20":"product_tag-reload","21":"product_tag-rock","22":"product_tag-shinkoheo","23":"pa_artista-barata","24":"pa_cor-preto","25":"pa_tamanho-2g","26":"pa_tamanho-3g","27":"pa_tamanho-4g","28":"pa_tamanho-g","29":"pa_tamanho-m","30":"pa_tamanho-p","31":"pa_tema-Humor","32":"pa_tema-Musica","33":"product_type-variable","34":"product_visibility-outofstock","63":"first","64":"outofstock","65":"shipping-taxable","66":"purchasable","67":"product-type-variable"},"_links":{"self":[{"href":"https:\/\/asbaratas.com.br\/loja\/wp-json\/wp\/v2\/product\/2928","targetHints":{"allow":["GET"]}}],"collection":[{"href":"https:\/\/asbaratas.com.br\/loja\/wp-json\/wp\/v2\/product"}],"about":[{"href":"https:\/\/asbaratas.com.br\/loja\/wp-json\/wp\/v2\/types\/product"}],"replies":[{"embeddable":true,"href":"https:\/\/asbaratas.com.br\/loja\/wp-json\/wp\/v2\/comments?post=2928"}],"wp:featuredmedia":[{"embeddable":true,"href":"https:\/\/asbaratas.com.br\/loja\/wp-json\/wp\/v2\/media\/2929"}],"wp:attachment":[{"href":"https:\/\/asbaratas.com.br\/loja\/wp-json\/wp\/v2\/media?parent=2928"}],"wp:term":[{"taxonomy":"product_brand","embeddable":true,"href":"https:\/\/asbaratas.com.br\/loja\/wp-json\/wp\/v2\/product_brand?post=2928"},{"taxonomy":"product_cat","embeddable":true,"href":"https:\/\/asbaratas.com.br\/loja\/wp-json\/wp\/v2\/product_cat?post=2928"},{"taxonomy":"product_tag","embeddable":true,"href":"https:\/\/asbaratas.com.br\/loja\/wp-json\/wp\/v2\/product_tag?post=2928"}],"curies":[{"name":"wp","href":"https:\/\/api.w.org\/{rel}","templated":true}]}}