{"id":28598,"date":"2019-01-04T15:18:05","date_gmt":"2019-01-04T17:18:05","guid":{"rendered":"https:\/\/asbaratas.com.br\/loja\/?post_type=product&#038;p=28598"},"modified":"2026-05-02T18:14:01","modified_gmt":"2026-05-02T21:14:01","slug":"ramone","status":"publish","type":"product","link":"https:\/\/asbaratas.com.br\/loja\/produto\/ramone\/","title":{"rendered":"SPIDER RAMONE"},"content":{"rendered":"<p>Joey Ramone sempre ser\u00e1 aquele Ramone mais nerd e querido tal qual um her\u00f3i aracn\u00eddeo&#8230;<\/p>\n<p>Malha em 100% algod\u00e3o na cor preta com estampa em silk de alta qualidade.<\/p>\n<p>A taxa de encolhimento \u00e9 em m\u00e9dia 3% variando dos m\u00e9todos de lavagem.<\/p>\n<p>DICAS PARA SUA CAMISETA DURAR MUITO:<br \/>\n\u2022 LAVE COM \u00c1GUA FRIA<br \/>\n\u2022 PASSE ELA DO AVESSO<br \/>\n\u2022 N\u00c3O COLOQUE NA M\u00c1QUINA DE SECAR<br \/>\n\u2022 N\u00c3O DEIXE DE MOLHO<br \/>\n\u2022 SEMPRE SEQUE \u00c0 SOMBRA<\/p>\n<p>Arte por Loud!<\/p>\n<p>As camisetas s\u00e3o despachadas em at\u00e9 3 dias \u00fateis.<\/p>\n","protected":false},"excerpt":{"rendered":"<p>Joey Ramone sempre ser\u00e1 aquele Ramone mais nerd e querido tal qual um her\u00f3i aracn\u00eddeo&#8230; Malha em 100% algod\u00e3o na cor preta com estampa em silk de alta qualidade. A taxa de encolhimento \u00e9 em m\u00e9dia 3% variando dos m\u00e9todos de lavagem. DICAS PARA SUA CAMISETA DURAR MUITO: \u2022 LAVE COM \u00c1GUA FRIA \u2022 PASSE [&#8230;]\n","protected":false},"featured_media":28689,"comment_status":"open","ping_status":"closed","template":"","meta":[],"product_brand":[],"product_cat":[83],"product_tag":[184,1274,1273,1272,1267,1271,1205,654,1269,437,1139,1270,1268],"class_list":{"0":"post-28598","1":"product","2":"type-product","3":"status-publish","4":"has-post-thumbnail","6":"product_cat-camiseta-reta","7":"product_tag-ilustracao","8":"product_tag-jo","9":"product_tag-joey","10":"product_tag-johnny","11":"product_tag-loud","12":"product_tag-mashuo","13":"product_tag-mashup","14":"product_tag-movie","15":"product_tag-ramone","16":"product_tag-ramones","17":"product_tag-spider","18":"product_tag-spiderman","19":"product_tag-wagner","20":"pa_artista-loud","21":"pa_cor-preto","22":"pa_tamanho-2g","23":"pa_tamanho-3g","24":"pa_tamanho-4g","25":"pa_tamanho-5g","26":"pa_tamanho-g","27":"pa_tamanho-m","28":"pa_tamanho-p","29":"pa_tamanho-pp","30":"pa_tema-arte","31":"pa_tema-HQ","32":"pa_tema-Humor","33":"pa_tema-Mashup","34":"pa_tema-Musica","35":"pa_tema-Parodia","36":"product_type-variable","68":"first","69":"instock","70":"shipping-taxable","71":"purchasable","72":"product-type-variable","73":"has-default-attributes"},"_links":{"self":[{"href":"https:\/\/asbaratas.com.br\/loja\/wp-json\/wp\/v2\/product\/28598","targetHints":{"allow":["GET"]}}],"collection":[{"href":"https:\/\/asbaratas.com.br\/loja\/wp-json\/wp\/v2\/product"}],"about":[{"href":"https:\/\/asbaratas.com.br\/loja\/wp-json\/wp\/v2\/types\/product"}],"replies":[{"embeddable":true,"href":"https:\/\/asbaratas.com.br\/loja\/wp-json\/wp\/v2\/comments?post=28598"}],"wp:featuredmedia":[{"embeddable":true,"href":"https:\/\/asbaratas.com.br\/loja\/wp-json\/wp\/v2\/media\/28689"}],"wp:attachment":[{"href":"https:\/\/asbaratas.com.br\/loja\/wp-json\/wp\/v2\/media?parent=28598"}],"wp:term":[{"taxonomy":"product_brand","embeddable":true,"href":"https:\/\/asbaratas.com.br\/loja\/wp-json\/wp\/v2\/product_brand?post=28598"},{"taxonomy":"product_cat","embeddable":true,"href":"https:\/\/asbaratas.com.br\/loja\/wp-json\/wp\/v2\/product_cat?post=28598"},{"taxonomy":"product_tag","embeddable":true,"href":"https:\/\/asbaratas.com.br\/loja\/wp-json\/wp\/v2\/product_tag?post=28598"}],"curies":[{"name":"wp","href":"https:\/\/api.w.org\/{rel}","templated":true}]}}