{"id":28568,"date":"2019-01-04T15:06:46","date_gmt":"2019-01-04T17:06:46","guid":{"rendered":"https:\/\/asbaratas.com.br\/loja\/?post_type=product&#038;p=28568"},"modified":"2026-05-12T13:02:50","modified_gmt":"2026-05-12T16:02:50","slug":"stan","status":"publish","type":"product","link":"https:\/\/asbaratas.com.br\/loja\/produto\/stan\/","title":{"rendered":"STAN BELIEVERS"},"content":{"rendered":"<p>Nossa homenagem ao grande mestre e seus parceiros que deram origem a todo um universo maravilhoso!<\/p>\n<p>Malha em 100% algod\u00e3o na cor preta com estampa em silk de alta qualidade.<\/p>\n<p>A taxa de encolhimento \u00e9 em m\u00e9dia 3% variando dos m\u00e9todos de lavagem.<\/p>\n<p>DICAS PARA SUA CAMISETA DURAR MUITO:<br \/>\n\u2022 LAVE COM \u00c1GUA FRIA<br \/>\n\u2022 PASSE ELA DO AVESSO<br \/>\n\u2022 N\u00c3O COLOQUE NA M\u00c1QUINA DE SECAR<br \/>\n\u2022 N\u00c3O DEIXE DE MOLHO<br \/>\n\u2022 SEMPRE SEQUE \u00c0 SOMBRA<\/p>\n<p>Arte por\u00a0Caio Oliveira<\/p>\n<p>As camisetas s\u00e3o despachadas em at\u00e9 3 dias \u00fateis.<\/p>\n","protected":false},"excerpt":{"rendered":"<p>Nossa homenagem ao grande mestre e seus parceiros que deram origem a todo um universo maravilhoso! Malha em 100% algod\u00e3o na cor preta com estampa em silk de alta qualidade. A taxa de encolhimento \u00e9 em m\u00e9dia 3% variando dos m\u00e9todos de lavagem. DICAS PARA SUA CAMISETA DURAR MUITO: \u2022 LAVE COM \u00c1GUA FRIA \u2022 [&#8230;]\n","protected":false},"featured_media":28683,"comment_status":"open","ping_status":"closed","template":"","meta":[],"product_brand":[],"product_cat":[83],"product_tag":[1265,226,225,182,181,194,1264,183,195,191,190,184,1036,1038,935,1039,1037,1263,234,233,227,193,228,1266,1262,239],"class_list":{"0":"post-28568","1":"product","2":"type-product","3":"status-publish","4":"has-post-thumbnail","6":"product_cat-camiseta-reta","7":"product_tag-buscema","8":"product_tag-caio","9":"product_tag-caio-oliveira","10":"product_tag-camisa","11":"product_tag-camiseta","12":"product_tag-comics","13":"product_tag-ditko","14":"product_tag-estampa","15":"product_tag-gibi","16":"product_tag-historia-em-quadrinhos","17":"product_tag-hq","18":"product_tag-ilustracao","19":"product_tag-jack","20":"product_tag-jack-kirby","21":"product_tag-king","22":"product_tag-king-kirby","23":"product_tag-kirby","24":"product_tag-lee","25":"product_tag-mago","26":"product_tag-moore","27":"product_tag-oliveira","28":"product_tag-quadrinhos","29":"product_tag-revista-em-quadrinhos","30":"product_tag-romita","31":"product_tag-stan","32":"product_tag-watchmen","33":"pa_artista-caio_oliveira","34":"pa_cor-preto","35":"pa_malha-algodao","36":"pa_tamanho-2g","37":"pa_tamanho-3g","38":"pa_tamanho-4g","39":"pa_tamanho-5g","40":"pa_tamanho-g","41":"pa_tamanho-m","42":"pa_tamanho-p","43":"pa_tamanho-pp","44":"pa_tema-Cinema","45":"pa_tema-HQ","46":"pa_tema-Humor","47":"pa_tema-Mashup","48":"pa_tema-Parodia","49":"product_type-variable","94":"first","95":"instock","96":"shipping-taxable","97":"purchasable","98":"product-type-variable"},"_links":{"self":[{"href":"https:\/\/asbaratas.com.br\/loja\/wp-json\/wp\/v2\/product\/28568","targetHints":{"allow":["GET"]}}],"collection":[{"href":"https:\/\/asbaratas.com.br\/loja\/wp-json\/wp\/v2\/product"}],"about":[{"href":"https:\/\/asbaratas.com.br\/loja\/wp-json\/wp\/v2\/types\/product"}],"replies":[{"embeddable":true,"href":"https:\/\/asbaratas.com.br\/loja\/wp-json\/wp\/v2\/comments?post=28568"}],"wp:featuredmedia":[{"embeddable":true,"href":"https:\/\/asbaratas.com.br\/loja\/wp-json\/wp\/v2\/media\/28683"}],"wp:attachment":[{"href":"https:\/\/asbaratas.com.br\/loja\/wp-json\/wp\/v2\/media?parent=28568"}],"wp:term":[{"taxonomy":"product_brand","embeddable":true,"href":"https:\/\/asbaratas.com.br\/loja\/wp-json\/wp\/v2\/product_brand?post=28568"},{"taxonomy":"product_cat","embeddable":true,"href":"https:\/\/asbaratas.com.br\/loja\/wp-json\/wp\/v2\/product_cat?post=28568"},{"taxonomy":"product_tag","embeddable":true,"href":"https:\/\/asbaratas.com.br\/loja\/wp-json\/wp\/v2\/product_tag?post=28568"}],"curies":[{"name":"wp","href":"https:\/\/api.w.org\/{rel}","templated":true}]}}