{"id":2850,"date":"2017-03-15T01:15:29","date_gmt":"2017-03-15T04:15:29","guid":{"rendered":"http:\/\/FRANKCITY_MASC"},"modified":"2026-04-17T19:31:40","modified_gmt":"2026-04-17T22:31:40","slug":"frankcity","status":"publish","type":"product","link":"https:\/\/asbaratas.com.br\/loja\/produto\/frankcity\/","title":{"rendered":"FRANK CITY"},"content":{"rendered":"<p>Curte Frank Miller? Ent\u00e3o n\u00e3o perca tempo e garanta j\u00e1 essa camiseta com todos os personagens\u00a0ic\u00f4nicos do mestre!<\/p>\n<p>Malha em 100% algod\u00e3o na cor preta com estampa em silk de alta qualidade.<\/p>\n<p>A taxa de encolhimento \u00e9 em m\u00e9dia 3% variando dos m\u00e9todos de lavagem.<\/p>\n<p>DICAS PARA SUA CAMISETA DURAR MUITO:<br \/>\n\u2022 LAVE COM \u00c1GUA FRIA<br \/>\n\u2022 PASSE ELA DO AVESSO<br \/>\n\u2022 N\u00c3O COLOQUE NA M\u00c1QUINA DE SECAR<br \/>\n\u2022 N\u00c3O DEIXE DE MOLHO<br \/>\n\u2022 SEMPRE SEQUE \u00c0 SOMBRA<\/p>\n<p>Arte por\u00a0Caio Oliveira<\/p>\n<p>As camisetas s\u00e3o despachadas em at\u00e9 3 dias \u00fateis.<\/p>\n","protected":false},"excerpt":{"rendered":"<p>Curte Frank Miller? Ent\u00e3o n\u00e3o perca tempo e garanta j\u00e1 essa camiseta com todos os personagens\u00a0ic\u00f4nicos do mestre! Malha em 100% algod\u00e3o na cor preta com estampa em silk de alta qualidade. A taxa de encolhimento \u00e9 em m\u00e9dia 3% variando dos m\u00e9todos de lavagem. DICAS PARA SUA CAMISETA DURAR MUITO: \u2022 LAVE COM \u00c1GUA [&#8230;]\n","protected":false},"featured_media":2851,"comment_status":"open","ping_status":"closed","template":"","meta":[],"product_brand":[],"product_cat":[83],"product_tag":[539,301,225,182,181,315,336,303,545,488,487,183,484,483,540,184,537,542,485,544,538,541,543,486,316],"class_list":{"0":"post-2850","1":"product","2":"type-product","3":"status-publish","4":"has-post-thumbnail","6":"product_cat-camiseta-reta","7":"product_tag-539","8":"product_tag-batman","9":"product_tag-caio-oliveira","10":"product_tag-camisa","11":"product_tag-camiseta","12":"product_tag-cavaleiro","13":"product_tag-cavaleiro-das-trevas","14":"product_tag-city","15":"product_tag-crossover","16":"product_tag-demolidor","17":"product_tag-elektra","18":"product_tag-estampa","19":"product_tag-frank","20":"product_tag-frank-miller","21":"product_tag-hard-boiled","22":"product_tag-ilustracao","23":"product_tag-leonidas","24":"product_tag-marv","25":"product_tag-miller","26":"product_tag-nancy","27":"product_tag-robocop","28":"product_tag-ronin","29":"product_tag-sin","30":"product_tag-sin-city","31":"product_tag-trevas","32":"product_shipping_class-camisetas","33":"pa_artista-caio_oliveira","34":"pa_cor-preto","35":"pa_tamanho-2g","36":"pa_tamanho-3g","37":"pa_tamanho-4g","38":"pa_tamanho-5g","39":"pa_tamanho-g","40":"pa_tamanho-m","41":"pa_tamanho-p","42":"pa_tamanho-pp","43":"pa_tema-Cinema","44":"pa_tema-Games","45":"pa_tema-HQ","46":"pa_tema-Mashup","47":"product_type-variable","48":"product_visibility-outofstock","50":"product_tag-300","91":"first","92":"outofstock","93":"shipping-taxable","94":"purchasable","95":"product-type-variable"},"_links":{"self":[{"href":"https:\/\/asbaratas.com.br\/loja\/wp-json\/wp\/v2\/product\/2850","targetHints":{"allow":["GET"]}}],"collection":[{"href":"https:\/\/asbaratas.com.br\/loja\/wp-json\/wp\/v2\/product"}],"about":[{"href":"https:\/\/asbaratas.com.br\/loja\/wp-json\/wp\/v2\/types\/product"}],"replies":[{"embeddable":true,"href":"https:\/\/asbaratas.com.br\/loja\/wp-json\/wp\/v2\/comments?post=2850"}],"wp:featuredmedia":[{"embeddable":true,"href":"https:\/\/asbaratas.com.br\/loja\/wp-json\/wp\/v2\/media\/2851"}],"wp:attachment":[{"href":"https:\/\/asbaratas.com.br\/loja\/wp-json\/wp\/v2\/media?parent=2850"}],"wp:term":[{"taxonomy":"product_brand","embeddable":true,"href":"https:\/\/asbaratas.com.br\/loja\/wp-json\/wp\/v2\/product_brand?post=2850"},{"taxonomy":"product_cat","embeddable":true,"href":"https:\/\/asbaratas.com.br\/loja\/wp-json\/wp\/v2\/product_cat?post=2850"},{"taxonomy":"product_tag","embeddable":true,"href":"https:\/\/asbaratas.com.br\/loja\/wp-json\/wp\/v2\/product_tag?post=2850"}],"curies":[{"name":"wp","href":"https:\/\/api.w.org\/{rel}","templated":true}]}}