{"id":2828,"date":"2017-03-15T01:15:15","date_gmt":"2017-03-15T04:15:15","guid":{"rendered":"http:\/\/ELVIRA_MASC"},"modified":"2026-04-17T19:31:38","modified_gmt":"2026-04-17T22:31:38","slug":"elvira","status":"publish","type":"product","link":"https:\/\/asbaratas.com.br\/loja\/produto\/elvira\/","title":{"rendered":"ELVIRA"},"content":{"rendered":"<p>Tricks or Tits? Elvira, a rainha das trevas, ganhou sua camiseta aqui nas Baratas, garanta j\u00e1 a sua!<\/p>\n<p>Malha em 100% algod\u00e3o na cor preta com estampa em silk de alta qualidade.<\/p>\n<p>A taxa de encolhimento \u00e9 em m\u00e9dia 3% variando dos m\u00e9todos de lavagem.<\/p>\n<p>DICAS PARA SUA CAMISETA DURAR MUITO:<br \/>\n\u2022 LAVE COM \u00c1GUA FRIA<br \/>\n\u2022 PASSE ELA DO AVESSO<br \/>\n\u2022 N\u00c3O COLOQUE NA M\u00c1QUINA DE SECAR<br \/>\n\u2022 N\u00c3O DEIXE DE MOLHO<br \/>\n\u2022 SEMPRE SEQUE \u00c0 SOMBRA<\/p>\n<p>Arte por\u00a0Paulo Rocker.<br \/>\nConhe\u00e7a seu trabalho em http:\/\/paulorocker.deviantart.com<\/p>\n<p>As camisetas s\u00e3o despachadas em at\u00e9 3 dias \u00fateis.<\/p>\n","protected":false},"excerpt":{"rendered":"<p>Tricks or Tits? Elvira, a rainha das trevas, ganhou sua camiseta aqui nas Baratas, garanta j\u00e1 a sua! Malha em 100% algod\u00e3o na cor preta com estampa em silk de alta qualidade. A taxa de encolhimento \u00e9 em m\u00e9dia 3% variando dos m\u00e9todos de lavagem. DICAS PARA SUA CAMISETA DURAR MUITO: \u2022 LAVE COM \u00c1GUA [&#8230;]\n","protected":false},"featured_media":2829,"comment_status":"open","ping_status":"closed","template":"","meta":[],"product_brand":[],"product_cat":[83],"product_tag":[182,181,532,528,213,524,183,212,534,527,285,533,525,526,451,530,529,531,536,535,316],"class_list":{"0":"post-2828","1":"product","2":"type-product","3":"status-publish","4":"has-post-thumbnail","6":"product_cat-camiseta-reta","7":"product_tag-camisa","8":"product_tag-camiseta","9":"product_tag-cassandra","10":"product_tag-cassandra-peterson","11":"product_tag-cinema","12":"product_tag-elvira","13":"product_tag-estampa","14":"product_tag-filme","15":"product_tag-james-signorelli","16":"product_tag-mistress-of-the-dark","17":"product_tag-paulo-rocker","18":"product_tag-peterson","19":"product_tag-rainha","20":"product_tag-rainha-das-trevas","21":"product_tag-sbt","22":"product_tag-sessao","23":"product_tag-sessao-da-tarde","24":"product_tag-tarde","25":"product_tag-terror","26":"product_tag-tits","27":"product_tag-trevas","28":"pa_artista-paulorocker","29":"pa_cor-preto","30":"pa_tamanho-2g","31":"pa_tamanho-3g","32":"pa_tamanho-4g","33":"pa_tamanho-5g","34":"pa_tamanho-g","35":"pa_tamanho-m","36":"pa_tamanho-p","37":"pa_tamanho-pp","38":"pa_tema-Cinema","39":"product_type-variable","74":"first","75":"instock","76":"shipping-taxable","77":"purchasable","78":"product-type-variable","79":"has-default-attributes"},"_links":{"self":[{"href":"https:\/\/asbaratas.com.br\/loja\/wp-json\/wp\/v2\/product\/2828","targetHints":{"allow":["GET"]}}],"collection":[{"href":"https:\/\/asbaratas.com.br\/loja\/wp-json\/wp\/v2\/product"}],"about":[{"href":"https:\/\/asbaratas.com.br\/loja\/wp-json\/wp\/v2\/types\/product"}],"replies":[{"embeddable":true,"href":"https:\/\/asbaratas.com.br\/loja\/wp-json\/wp\/v2\/comments?post=2828"}],"wp:featuredmedia":[{"embeddable":true,"href":"https:\/\/asbaratas.com.br\/loja\/wp-json\/wp\/v2\/media\/2829"}],"wp:attachment":[{"href":"https:\/\/asbaratas.com.br\/loja\/wp-json\/wp\/v2\/media?parent=2828"}],"wp:term":[{"taxonomy":"product_brand","embeddable":true,"href":"https:\/\/asbaratas.com.br\/loja\/wp-json\/wp\/v2\/product_brand?post=2828"},{"taxonomy":"product_cat","embeddable":true,"href":"https:\/\/asbaratas.com.br\/loja\/wp-json\/wp\/v2\/product_cat?post=2828"},{"taxonomy":"product_tag","embeddable":true,"href":"https:\/\/asbaratas.com.br\/loja\/wp-json\/wp\/v2\/product_tag?post=2828"}],"curies":[{"name":"wp","href":"https:\/\/api.w.org\/{rel}","templated":true}]}}