{"id":2819,"date":"2017-03-15T01:15:09","date_gmt":"2017-03-15T04:15:09","guid":{"rendered":"http:\/\/CAMISETA%20-%20PUNIDOR"},"modified":"2026-04-17T19:31:38","modified_gmt":"2026-04-17T22:31:38","slug":"camiseta-punidor","status":"publish","type":"product","link":"https:\/\/asbaratas.com.br\/loja\/produto\/camiseta-punidor\/","title":{"rendered":"EL PUNIDOR"},"content":{"rendered":"<p>O Caveir\u00e3o do maior anti her\u00f3i de todos os tempos ganha sua vers\u00e3o dia de los muertos! Afinal ele colaborou muito com esse dia&#8230;<\/p>\n<p>Malha em 100% algod\u00e3o na cor preta estampa em silk de alta qualidade.<\/p>\n<p>A taxa de encolhimento \u00e9 em m\u00e9dia 3% variando dos m\u00e9todos de lavagem.<\/p>\n<p>DICAS PARA SUA CAMISETA DURAR MUITO:<br \/>\n\u2022 LAVE COM \u00c1GUA FRIA<br \/>\n\u2022 PASSE ELA DO AVESSO<br \/>\n\u2022 N\u00c3O COLOQUE NA M\u00c1QUINA DE SECAR<br \/>\n\u2022 N\u00c3O DEIXE DE MOLHO<br \/>\n\u2022 SEMPRE SEQUE \u00c0 SOMBRA<\/p>\n<p>Arte por Rafa Louzada<\/p>\n<p>As camisetas s\u00e3o despachadas em at\u00e9 3 dias \u00fateis.<\/p>\n","protected":false},"excerpt":{"rendered":"<p>O Caveir\u00e3o do maior anti her\u00f3i de todos os tempos ganha sua vers\u00e3o dia de los muertos! Afinal ele colaborou muito com esse dia&#8230; Malha em 100% algod\u00e3o na cor preta estampa em silk de alta qualidade. A taxa de encolhimento \u00e9 em m\u00e9dia 3% variando dos m\u00e9todos de lavagem. DICAS PARA SUA CAMISETA DURAR [&#8230;]\n","protected":false},"featured_media":56334,"comment_status":"open","ping_status":"closed","template":"","meta":[],"product_brand":[],"product_cat":[83],"product_tag":[182,181,520,488,183,184,519,522,188,521,380,523,518,517,187],"class_list":{"0":"post-2819","1":"product","2":"type-product","3":"status-publish","4":"has-post-thumbnail","6":"product_cat-camiseta-reta","7":"product_tag-camisa","8":"product_tag-camiseta","9":"product_tag-caveira","10":"product_tag-demolidor","11":"product_tag-estampa","12":"product_tag-ilustracao","13":"product_tag-justiceiro","14":"product_tag-los","15":"product_tag-lousada","16":"product_tag-mexicana","17":"product_tag-mexico","18":"product_tag-muertos","19":"product_tag-punidor","20":"product_tag-punisher","21":"product_tag-rafa","22":"pa_artista-rafa","23":"pa_cor-preto","24":"pa_tamanho-2g","25":"pa_tamanho-3g","26":"pa_tamanho-4g","27":"pa_tamanho-5g","28":"pa_tamanho-g","29":"pa_tamanho-m","30":"pa_tamanho-p","31":"pa_tamanho-pp","32":"pa_tema-Cinema","33":"pa_tema-HQ","34":"pa_tema-Parodia","35":"pa_tema-series","36":"pa_tema-Televisao","37":"product_type-variable","38":"product_visibility-outofstock","71":"first","72":"outofstock","73":"shipping-taxable","74":"purchasable","75":"product-type-variable"},"_links":{"self":[{"href":"https:\/\/asbaratas.com.br\/loja\/wp-json\/wp\/v2\/product\/2819","targetHints":{"allow":["GET"]}}],"collection":[{"href":"https:\/\/asbaratas.com.br\/loja\/wp-json\/wp\/v2\/product"}],"about":[{"href":"https:\/\/asbaratas.com.br\/loja\/wp-json\/wp\/v2\/types\/product"}],"replies":[{"embeddable":true,"href":"https:\/\/asbaratas.com.br\/loja\/wp-json\/wp\/v2\/comments?post=2819"}],"wp:featuredmedia":[{"embeddable":true,"href":"https:\/\/asbaratas.com.br\/loja\/wp-json\/wp\/v2\/media\/56334"}],"wp:attachment":[{"href":"https:\/\/asbaratas.com.br\/loja\/wp-json\/wp\/v2\/media?parent=2819"}],"wp:term":[{"taxonomy":"product_brand","embeddable":true,"href":"https:\/\/asbaratas.com.br\/loja\/wp-json\/wp\/v2\/product_brand?post=2819"},{"taxonomy":"product_cat","embeddable":true,"href":"https:\/\/asbaratas.com.br\/loja\/wp-json\/wp\/v2\/product_cat?post=2819"},{"taxonomy":"product_tag","embeddable":true,"href":"https:\/\/asbaratas.com.br\/loja\/wp-json\/wp\/v2\/product_tag?post=2819"}],"curies":[{"name":"wp","href":"https:\/\/api.w.org\/{rel}","templated":true}]}}