{"id":2755,"date":"2017-03-15T01:14:36","date_gmt":"2017-03-15T04:14:36","guid":{"rendered":"http:\/\/DESTROY_MASC"},"modified":"2026-05-11T19:46:24","modified_gmt":"2026-05-11T22:46:24","slug":"destroy","status":"publish","type":"product","link":"https:\/\/asbaratas.com.br\/loja\/produto\/destroy\/","title":{"rendered":"DESTROY"},"content":{"rendered":"<p>Apronte seu moicano para destruir tudo com a ver\u00e3o punk da mutante mais querida da luta contra o sistema!<\/p>\n<p>Malha em 100% algod\u00e3o na cor azul escuro com estampa em silk de alta qualidade com tinta fluorescente!<\/p>\n<p>A taxa de encolhimento \u00e9 em m\u00e9dia 3% variando dos m\u00e9todos de lavagem.<\/p>\n<p>DICAS PARA SUA CAMISETA DURAR MUITO:<br \/>\n\u2022 LAVE COM \u00c1GUA FRIA<br \/>\n\u2022 PASSE ELA DO AVESSO<br \/>\n\u2022 N\u00c3O COLOQUE NA M\u00c1QUINA DE SECAR<br \/>\n\u2022 N\u00c3O DEIXE DE MOLHO<br \/>\n\u2022 SEMPRE SEQUE \u00c0 SOMBRA<\/p>\n<p>Arte por Abel<\/p>\n<p>As camisetas s\u00e3o despachadas em at\u00e9 3 dias \u00fateis.<\/p>\n","protected":false},"excerpt":{"rendered":"<p>Apronte seu moicano para destruir tudo com a ver\u00e3o punk da mutante mais querida da luta contra o sistema! Malha em 100% algod\u00e3o na cor azul escuro com estampa em silk de alta qualidade com tinta fluorescente! A taxa de encolhimento \u00e9 em m\u00e9dia 3% variando dos m\u00e9todos de lavagem. DICAS PARA SUA CAMISETA DURAR [&#8230;]\n","protected":false},"featured_media":2756,"comment_status":"open","ping_status":"closed","template":"","meta":[],"product_brand":[],"product_cat":[83],"product_tag":[512,1240,182,194,505,510,183,507,195,191,190,184,506,198,511,502,205,509,1242,436,193,192,199,508,504,503],"class_list":{"0":"post-2755","1":"product","2":"type-product","3":"status-publish","4":"has-post-thumbnail","6":"product_cat-camiseta-reta","7":"product_tag-amiseta","8":"product_tag-antifa","9":"product_tag-camisa","10":"product_tag-comics","11":"product_tag-dead","12":"product_tag-einsturzende","13":"product_tag-estampa","14":"product_tag-exploited","15":"product_tag-gibi","16":"product_tag-historia-em-quadrinhos","17":"product_tag-hq","18":"product_tag-ilustracao","19":"product_tag-kenndys","20":"product_tag-musica","21":"product_tag-neubauten","22":"product_tag-ororo","23":"product_tag-parodia","24":"product_tag-pistols","25":"product_tag-politic","26":"product_tag-punk","27":"product_tag-quadrinhos","28":"product_tag-revista","29":"product_tag-rock","30":"product_tag-sex","31":"product_tag-storm","32":"product_tag-tempestade","33":"pa_artista-abel","34":"pa_cor-azul-escuro","35":"pa_tamanho-2g","36":"pa_tamanho-3g","37":"pa_tamanho-4g","38":"pa_tamanho-5g","39":"pa_tamanho-g","40":"pa_tamanho-m","41":"pa_tamanho-p","42":"pa_tamanho-pp","43":"pa_tema-Cinema","44":"pa_tema-DesenhoAnimado","45":"pa_tema-HQ","46":"pa_tema-Mashup","47":"product_type-variable","86":"pa_tema-Desenho Animado","90":"first","91":"instock","92":"shipping-taxable","93":"purchasable","94":"product-type-variable"},"_links":{"self":[{"href":"https:\/\/asbaratas.com.br\/loja\/wp-json\/wp\/v2\/product\/2755","targetHints":{"allow":["GET"]}}],"collection":[{"href":"https:\/\/asbaratas.com.br\/loja\/wp-json\/wp\/v2\/product"}],"about":[{"href":"https:\/\/asbaratas.com.br\/loja\/wp-json\/wp\/v2\/types\/product"}],"replies":[{"embeddable":true,"href":"https:\/\/asbaratas.com.br\/loja\/wp-json\/wp\/v2\/comments?post=2755"}],"wp:featuredmedia":[{"embeddable":true,"href":"https:\/\/asbaratas.com.br\/loja\/wp-json\/wp\/v2\/media\/2756"}],"wp:attachment":[{"href":"https:\/\/asbaratas.com.br\/loja\/wp-json\/wp\/v2\/media?parent=2755"}],"wp:term":[{"taxonomy":"product_brand","embeddable":true,"href":"https:\/\/asbaratas.com.br\/loja\/wp-json\/wp\/v2\/product_brand?post=2755"},{"taxonomy":"product_cat","embeddable":true,"href":"https:\/\/asbaratas.com.br\/loja\/wp-json\/wp\/v2\/product_cat?post=2755"},{"taxonomy":"product_tag","embeddable":true,"href":"https:\/\/asbaratas.com.br\/loja\/wp-json\/wp\/v2\/product_tag?post=2755"}],"curies":[{"name":"wp","href":"https:\/\/api.w.org\/{rel}","templated":true}]}}