{"id":2714,"date":"2017-03-15T01:14:15","date_gmt":"2017-03-15T04:14:15","guid":{"rendered":"http:\/\/DARTH_GRANDFATHER-MASC"},"modified":"2026-04-17T19:31:33","modified_gmt":"2026-04-17T22:31:33","slug":"darth_grandfather","status":"publish","type":"product","link":"https:\/\/asbaratas.com.br\/loja\/produto\/darth_grandfather\/","title":{"rendered":"DARTH GRANDFATHER"},"content":{"rendered":"<p>Recriamos uma realidade alternativa com uma das cenas mais ic\u00f4nicas do cinema, mas dessa vez todo mundo sai feliz\u00e3o!<\/p>\n<p>Composi\u00e7\u00e3o 100% algod\u00e3o na cor preto e estampa com silk de alta qualidade.<\/p>\n<p>A taxa de encolhimento \u00e9 em m\u00e9dia 3% variando dos m\u00e9todos de lavagem.<\/p>\n<p>DICAS PARA SUA CAMISETA DURAR MUITO:<br \/>\n\u2022 LAVE COM \u00c1GUA FRIA<br \/>\n\u2022 PASSE ELA DO AVESSO<br \/>\n\u2022 N\u00c3O COLOQUE NA M\u00c1QUINA DE SECAR<br \/>\n\u2022 N\u00c3O DEIXE DE MOLHO<br \/>\n\u2022 SEMPRE SEQUE \u00c0 SOMBRA<\/p>\n<p>Arte por Guilherme Bandeira<\/p>\n<p>As camisetas s\u00e3o despachadas em at\u00e9 3 dias \u00fateis.<\/p>\n","protected":false},"excerpt":{"rendered":"<p>Recriamos uma realidade alternativa com uma das cenas mais ic\u00f4nicas do cinema, mas dessa vez todo mundo sai feliz\u00e3o! Composi\u00e7\u00e3o 100% algod\u00e3o na cor preto e estampa com silk de alta qualidade. A taxa de encolhimento \u00e9 em m\u00e9dia 3% variando dos m\u00e9todos de lavagem. DICAS PARA SUA CAMISETA DURAR MUITO: \u2022 LAVE COM \u00c1GUA [&#8230;]\n","protected":false},"featured_media":2715,"comment_status":"open","ping_status":"closed","template":"","meta":[],"product_brand":[],"product_cat":[83],"product_tag":[182,181,213,500,499,491,490,183,246,212,496,271,254,245,244,184,494,493,497,498,495,501,243,492],"class_list":{"0":"post-2714","1":"product","2":"type-product","3":"status-publish","4":"has-post-thumbnail","6":"product_cat-camiseta-reta","7":"product_tag-camisa","8":"product_tag-camiseta","9":"product_tag-cinema","10":"product_tag-dark","11":"product_tag-dark-side","12":"product_tag-darth","13":"product_tag-darth-vader","14":"product_tag-estampa","15":"product_tag-estrelas","16":"product_tag-filme","17":"product_tag-forca","18":"product_tag-george","19":"product_tag-george-lucas","20":"product_tag-guerra","21":"product_tag-guerra-nas-estrelas","22":"product_tag-ilustracao","23":"product_tag-lado","24":"product_tag-lado-negro","25":"product_tag-lado-negro-da-forca","26":"product_tag-lucas","27":"product_tag-negro","28":"product_tag-side","29":"product_tag-star-wars","30":"product_tag-vader","31":"pa_artista-gui_bandeira","32":"pa_cor-preto","33":"pa_tamanho-2g","34":"pa_tamanho-3g","35":"pa_tamanho-4g","36":"pa_tamanho-g","37":"pa_tamanho-m","38":"pa_tamanho-p","39":"pa_tema-Cinema","40":"product_type-variable","41":"product_visibility-outofstock","77":"first","78":"outofstock","79":"shipping-taxable","80":"purchasable","81":"product-type-variable"},"_links":{"self":[{"href":"https:\/\/asbaratas.com.br\/loja\/wp-json\/wp\/v2\/product\/2714","targetHints":{"allow":["GET"]}}],"collection":[{"href":"https:\/\/asbaratas.com.br\/loja\/wp-json\/wp\/v2\/product"}],"about":[{"href":"https:\/\/asbaratas.com.br\/loja\/wp-json\/wp\/v2\/types\/product"}],"replies":[{"embeddable":true,"href":"https:\/\/asbaratas.com.br\/loja\/wp-json\/wp\/v2\/comments?post=2714"}],"wp:featuredmedia":[{"embeddable":true,"href":"https:\/\/asbaratas.com.br\/loja\/wp-json\/wp\/v2\/media\/2715"}],"wp:attachment":[{"href":"https:\/\/asbaratas.com.br\/loja\/wp-json\/wp\/v2\/media?parent=2714"}],"wp:term":[{"taxonomy":"product_brand","embeddable":true,"href":"https:\/\/asbaratas.com.br\/loja\/wp-json\/wp\/v2\/product_brand?post=2714"},{"taxonomy":"product_cat","embeddable":true,"href":"https:\/\/asbaratas.com.br\/loja\/wp-json\/wp\/v2\/product_cat?post=2714"},{"taxonomy":"product_tag","embeddable":true,"href":"https:\/\/asbaratas.com.br\/loja\/wp-json\/wp\/v2\/product_tag?post=2714"}],"curies":[{"name":"wp","href":"https:\/\/api.w.org\/{rel}","templated":true}]}}