{"id":2663,"date":"2017-03-15T01:13:48","date_gmt":"2017-03-15T04:13:48","guid":{"rendered":"http:\/\/DAENERYS_M"},"modified":"2026-04-17T19:31:31","modified_gmt":"2026-04-17T22:31:31","slug":"daenerys","status":"publish","type":"product","link":"https:\/\/asbaratas.com.br\/loja\/produto\/daenerys\/","title":{"rendered":"DAENERYS"},"content":{"rendered":"<p>Daenerys Targaryen, a m\u00e3e dos drag\u00f5es, tem uma camiseta bem bacana aqui nas Baratas!<\/p>\n<p>Malha em 100% algod\u00e3o na cor cinza prata com estampa em silk de alta qualidade.<\/p>\n<p>A taxa de encolhimento \u00e9 em m\u00e9dia 3% variando dos m\u00e9todos de lavagem.<\/p>\n<p>DICAS PARA SUA CAMISETA DURAR MUITO:<br \/>\n\u2022 LAVE COM \u00c1GUA FRIA<br \/>\n\u2022 PASSE ELA DO AVESSO<br \/>\n\u2022 N\u00c3O COLOQUE NA M\u00c1QUINA DE SECAR<br \/>\n\u2022 N\u00c3O DEIXE DE MOLHO<br \/>\n\u2022 SEMPRE SEQUE \u00c0 SOMBRA<\/p>\n<p>Arte por\u00a0Rodney Buchemi<\/p>\n<p>As camisetas s\u00e3o despachadas em at\u00e9 3 dias \u00fateis.<\/p>\n","protected":false},"excerpt":{"rendered":"<p>Daenerys Targaryen, a m\u00e3e dos drag\u00f5es, tem uma camiseta bem bacana aqui nas Baratas! Malha em 100% algod\u00e3o na cor cinza prata com estampa em silk de alta qualidade. A taxa de encolhimento \u00e9 em m\u00e9dia 3% variando dos m\u00e9todos de lavagem. DICAS PARA SUA CAMISETA DURAR MUITO: \u2022 LAVE COM \u00c1GUA FRIA \u2022 PASSE [&#8230;]\n","protected":false},"featured_media":2664,"comment_status":"open","ping_status":"closed","template":"","meta":[],"product_brand":[],"product_cat":[83],"product_tag":[475,476,182,181,482,477,478,481,480,183,268,418,245,419,263,184,474,473,260,261,259,479,262,269,270],"class_list":{"0":"post-2663","1":"product","2":"type-product","3":"status-publish","4":"has-post-thumbnail","6":"product_cat-camiseta-reta","7":"product_tag-buchemi","8":"product_tag-buscemi","9":"product_tag-camisa","10":"product_tag-camiseta","11":"product_tag-clarke","12":"product_tag-daenerys","13":"product_tag-dany","14":"product_tag-emilia","15":"product_tag-emilia-clarke","16":"product_tag-estampa","17":"product_tag-game","18":"product_tag-game-of-thrones","19":"product_tag-guerra","20":"product_tag-guerra-dos-tronos","21":"product_tag-hbo","22":"product_tag-ilustracao","23":"product_tag-rodney","24":"product_tag-rodney-buchemi","25":"product_tag-seriado","26":"product_tag-serie","27":"product_tag-serie-de-tv","28":"product_tag-targaryen","29":"product_tag-televisao","30":"product_tag-thrones","31":"product_tag-tronos","32":"pa_artista-buchemi","33":"pa_cor-cinza","34":"pa_tamanho-2g","35":"pa_tamanho-3g","36":"pa_tamanho-4g","37":"pa_tamanho-g","38":"pa_tamanho-m","39":"pa_tamanho-p","40":"pa_tema-Literatura","41":"pa_tema-series","42":"product_type-variable","43":"product_visibility-outofstock","81":"first","82":"outofstock","83":"shipping-taxable","84":"purchasable","85":"product-type-variable"},"_links":{"self":[{"href":"https:\/\/asbaratas.com.br\/loja\/wp-json\/wp\/v2\/product\/2663","targetHints":{"allow":["GET"]}}],"collection":[{"href":"https:\/\/asbaratas.com.br\/loja\/wp-json\/wp\/v2\/product"}],"about":[{"href":"https:\/\/asbaratas.com.br\/loja\/wp-json\/wp\/v2\/types\/product"}],"replies":[{"embeddable":true,"href":"https:\/\/asbaratas.com.br\/loja\/wp-json\/wp\/v2\/comments?post=2663"}],"wp:featuredmedia":[{"embeddable":true,"href":"https:\/\/asbaratas.com.br\/loja\/wp-json\/wp\/v2\/media\/2664"}],"wp:attachment":[{"href":"https:\/\/asbaratas.com.br\/loja\/wp-json\/wp\/v2\/media?parent=2663"}],"wp:term":[{"taxonomy":"product_brand","embeddable":true,"href":"https:\/\/asbaratas.com.br\/loja\/wp-json\/wp\/v2\/product_brand?post=2663"},{"taxonomy":"product_cat","embeddable":true,"href":"https:\/\/asbaratas.com.br\/loja\/wp-json\/wp\/v2\/product_cat?post=2663"},{"taxonomy":"product_tag","embeddable":true,"href":"https:\/\/asbaratas.com.br\/loja\/wp-json\/wp\/v2\/product_tag?post=2663"}],"curies":[{"name":"wp","href":"https:\/\/api.w.org\/{rel}","templated":true}]}}