{"id":2646,"date":"2017-03-15T01:13:40","date_gmt":"2017-03-15T04:13:40","guid":{"rendered":"http:\/\/CTHULHU_MASC"},"modified":"2026-04-17T19:31:31","modified_gmt":"2026-04-17T22:31:31","slug":"cthulhu","status":"publish","type":"product","link":"https:\/\/asbaratas.com.br\/loja\/produto\/cthulhu\/","title":{"rendered":"CTHULHU"},"content":{"rendered":"<p>Assuma seu lado maligno usando a camiseta dos cultistas! Aliste-se nas for\u00e7as das trevas e ajude &#8220;O Despertar de Cthulhu&#8221;, como nas hist\u00f3rias em quadrinhos.<br \/>\nProduto oficial, licenciado pela Editora Draco.<\/p>\n<p>Malha em 100% algod\u00e3o na cor preta com estampa em silk de alta qualidade.<\/p>\n<p>A taxa de encolhimento \u00e9 em m\u00e9dia 3% variando dos m\u00e9todos de lavagem.<\/p>\n<p>DICAS PARA SUA CAMISETA DURAR MUITO:<br \/>\n\u2022 LAVE COM \u00c1GUA FRIA<br \/>\n\u2022 PASSE ELA DO AVESSO<br \/>\n\u2022 N\u00c3O COLOQUE NA M\u00c1QUINA DE SECAR<br \/>\n\u2022 N\u00c3O DEIXE DE MOLHO<br \/>\n\u2022 SEMPRE SEQUE \u00c0 SOMBRA<\/p>\n<p>Arte por Jo\u00e3o Pirolla<\/p>\n<p>As camisetas s\u00e3o despachadas em at\u00e9 3 dias \u00fateis.<\/p>\n","protected":false},"excerpt":{"rendered":"<p>Assuma seu lado maligno usando a camiseta dos cultistas! Aliste-se nas for\u00e7as das trevas e ajude &#8220;O Despertar de Cthulhu&#8221;, como nas hist\u00f3rias em quadrinhos. Produto oficial, licenciado pela Editora Draco. Malha em 100% algod\u00e3o na cor preta com estampa em silk de alta qualidade. A taxa de encolhimento \u00e9 em m\u00e9dia 3% variando dos [&#8230;]\n","protected":false},"featured_media":2647,"comment_status":"open","ping_status":"closed","template":"","meta":[],"product_brand":[],"product_cat":[83],"product_tag":[182,181,392,391,389,390,470,471,183,472,400,399,190,184,467,398,401,201,402,403,397,468,469,339],"class_list":{"0":"post-2646","1":"product","2":"type-product","3":"status-publish","4":"has-post-thumbnail","6":"product_cat-camiseta-reta","7":"product_tag-camisa","8":"product_tag-camiseta","9":"product_tag-chtulu","10":"product_tag-chutulu","11":"product_tag-cthulhu","12":"product_tag-cutulu","13":"product_tag-draco","14":"product_tag-editora","15":"product_tag-estampa","16":"product_tag-fernandes","17":"product_tag-howard-phillips-lovecraft","18":"product_tag-hp-lovecraft","19":"product_tag-hq","20":"product_tag-ilustracao","21":"product_tag-joao","22":"product_tag-lenda","23":"product_tag-lovecraft","24":"product_tag-metallica","25":"product_tag-mito","26":"product_tag-mitos","27":"product_tag-olhos-famintos","28":"product_tag-pirolla","29":"product_tag-quadrinho","30":"product_tag-raphael","31":"pa_artista-joaopirolla","32":"pa_cor-preto","33":"pa_tamanho-2g","34":"pa_tamanho-3g","35":"pa_tamanho-4g","36":"pa_tamanho-5g","37":"pa_tamanho-g","38":"pa_tamanho-m","39":"pa_tamanho-p","40":"pa_tema-HQ","41":"pa_tema-Literatura","42":"product_type-variable","43":"product_visibility-outofstock","81":"first","82":"outofstock","83":"shipping-taxable","84":"purchasable","85":"product-type-variable","86":"has-default-attributes"},"_links":{"self":[{"href":"https:\/\/asbaratas.com.br\/loja\/wp-json\/wp\/v2\/product\/2646","targetHints":{"allow":["GET"]}}],"collection":[{"href":"https:\/\/asbaratas.com.br\/loja\/wp-json\/wp\/v2\/product"}],"about":[{"href":"https:\/\/asbaratas.com.br\/loja\/wp-json\/wp\/v2\/types\/product"}],"replies":[{"embeddable":true,"href":"https:\/\/asbaratas.com.br\/loja\/wp-json\/wp\/v2\/comments?post=2646"}],"wp:featuredmedia":[{"embeddable":true,"href":"https:\/\/asbaratas.com.br\/loja\/wp-json\/wp\/v2\/media\/2647"}],"wp:attachment":[{"href":"https:\/\/asbaratas.com.br\/loja\/wp-json\/wp\/v2\/media?parent=2646"}],"wp:term":[{"taxonomy":"product_brand","embeddable":true,"href":"https:\/\/asbaratas.com.br\/loja\/wp-json\/wp\/v2\/product_brand?post=2646"},{"taxonomy":"product_cat","embeddable":true,"href":"https:\/\/asbaratas.com.br\/loja\/wp-json\/wp\/v2\/product_cat?post=2646"},{"taxonomy":"product_tag","embeddable":true,"href":"https:\/\/asbaratas.com.br\/loja\/wp-json\/wp\/v2\/product_tag?post=2646"}],"curies":[{"name":"wp","href":"https:\/\/api.w.org\/{rel}","templated":true}]}}