{"id":2631,"date":"2017-03-15T01:13:32","date_gmt":"2017-03-15T04:13:32","guid":{"rendered":"http:\/\/CROWS_MASC"},"modified":"2026-04-17T19:31:31","modified_gmt":"2026-04-17T22:31:31","slug":"crows","status":"publish","type":"product","link":"https:\/\/asbaratas.com.br\/loja\/produto\/crows\/","title":{"rendered":"CROWS"},"content":{"rendered":"<p>Ao entrar para a Patrulha da Noite, o soldado diz no juramento que ser\u00e1 a espada na escurid\u00e3o. Essa frase \u00e9 t\u00e3o boa que mereceu uma camiseta aqui nas Baratas!<\/p>\n<p>Malha em 100% algod\u00e3o na cor preta com estampa em silk de alta qualidade.<\/p>\n<p>A taxa de encolhimento \u00e9 em m\u00e9dia 3% variando dos m\u00e9todos de lavagem.<\/p>\n<p>DICAS PARA SUA CAMISETA DURAR MUITO:<br \/>\n\u2022 LAVE COM \u00c1GUA FRIA<br \/>\n\u2022 PASSE ELA DO AVESSO<br \/>\n\u2022 N\u00c3O COLOQUE NA M\u00c1QUINA DE SECAR<br \/>\n\u2022 N\u00c3O DEIXE DE MOLHO<br \/>\n\u2022 SEMPRE SEQUE \u00c0 SOMBRA<\/p>\n<p>Arte por\u00a0Shinkoheo<\/p>\n<p>As camisetas s\u00e3o despachadas em at\u00e9 3 dias \u00fateis.<\/p>\n","protected":false},"excerpt":{"rendered":"<p>Ao entrar para a Patrulha da Noite, o soldado diz no juramento que ser\u00e1 a espada na escurid\u00e3o. Essa frase \u00e9 t\u00e3o boa que mereceu uma camiseta aqui nas Baratas! Malha em 100% algod\u00e3o na cor preta com estampa em silk de alta qualidade. A taxa de encolhimento \u00e9 em m\u00e9dia 3% variando dos m\u00e9todos [&#8230;]\n","protected":false},"featured_media":2632,"comment_status":"open","ping_status":"closed","template":"","meta":[],"product_brand":[],"product_cat":[83],"product_tag":[182,181,464,465,463,462,460,183,466,268,271,245,263,184,458,454,453,457,456,452,272,260,261,259,461,262,269,270,459,455],"class_list":{"0":"post-2631","1":"product","2":"type-product","3":"status-publish","4":"has-post-thumbnail","6":"product_cat-camiseta-reta","7":"product_tag-camisa","8":"product_tag-camiseta","9":"product_tag-corvo","10":"product_tag-crow","11":"product_tag-darkness","12":"product_tag-escuridao","13":"product_tag-espada","14":"product_tag-estampa","15":"product_tag-g","16":"product_tag-game","17":"product_tag-george","18":"product_tag-guerra","19":"product_tag-hbo","20":"product_tag-ilustracao","21":"product_tag-muralha","22":"product_tag-night","23":"product_tag-night-watch","24":"product_tag-noite","25":"product_tag-patrulha","26":"product_tag-patrulha-da-noite","27":"product_tag-rr","28":"product_tag-seriado","29":"product_tag-serie","30":"product_tag-serie-de-tv","31":"product_tag-sword","32":"product_tag-televisao","33":"product_tag-thrones","34":"product_tag-tronos","35":"product_tag-wall","36":"product_tag-watch","37":"pa_artista-barata","38":"pa_cor-preto","39":"pa_tamanho-2g","40":"pa_tamanho-3g","41":"pa_tamanho-4g","42":"pa_tamanho-g","43":"pa_tamanho-m","44":"pa_tamanho-p","45":"pa_tema-Literatura","46":"pa_tema-series","47":"product_type-variable","48":"product_visibility-outofstock","91":"first","92":"outofstock","93":"shipping-taxable","94":"purchasable","95":"product-type-variable"},"_links":{"self":[{"href":"https:\/\/asbaratas.com.br\/loja\/wp-json\/wp\/v2\/product\/2631","targetHints":{"allow":["GET"]}}],"collection":[{"href":"https:\/\/asbaratas.com.br\/loja\/wp-json\/wp\/v2\/product"}],"about":[{"href":"https:\/\/asbaratas.com.br\/loja\/wp-json\/wp\/v2\/types\/product"}],"replies":[{"embeddable":true,"href":"https:\/\/asbaratas.com.br\/loja\/wp-json\/wp\/v2\/comments?post=2631"}],"wp:featuredmedia":[{"embeddable":true,"href":"https:\/\/asbaratas.com.br\/loja\/wp-json\/wp\/v2\/media\/2632"}],"wp:attachment":[{"href":"https:\/\/asbaratas.com.br\/loja\/wp-json\/wp\/v2\/media?parent=2631"}],"wp:term":[{"taxonomy":"product_brand","embeddable":true,"href":"https:\/\/asbaratas.com.br\/loja\/wp-json\/wp\/v2\/product_brand?post=2631"},{"taxonomy":"product_cat","embeddable":true,"href":"https:\/\/asbaratas.com.br\/loja\/wp-json\/wp\/v2\/product_cat?post=2631"},{"taxonomy":"product_tag","embeddable":true,"href":"https:\/\/asbaratas.com.br\/loja\/wp-json\/wp\/v2\/product_tag?post=2631"}],"curies":[{"name":"wp","href":"https:\/\/api.w.org\/{rel}","templated":true}]}}