{"id":25826,"date":"2018-11-21T17:52:41","date_gmt":"2018-11-21T19:52:41","guid":{"rendered":"https:\/\/asbaratas.com.br\/loja\/?post_type=product&#038;p=25826"},"modified":"2026-04-17T19:32:15","modified_gmt":"2026-04-17T22:32:15","slug":"morcego","status":"publish","type":"product","link":"https:\/\/asbaratas.com.br\/loja\/produto\/morcego\/","title":{"rendered":"MORCEGO"},"content":{"rendered":"<p>Quem nunca quis ter um morcego estampado no peito?<\/p>\n<p>Camiseta feita com nossa malha 100% algod\u00e3o na cor preta e estampa com silk de alta qualidade.<\/p>\n<p>A taxa de encolhimento \u00e9 em m\u00e9dia 3% variando dos m\u00e9todos de lavagem.<\/p>\n<p>DICAS PARA SUA CAMISETA DURAR MUITO:<br \/>\n\u2022 LAVE COM \u00c1GUA FRIA<br \/>\n\u2022 PASSE ELA DO AVESSO<br \/>\n\u2022 N\u00c3O COLOQUE NA M\u00c1QUINA DE SECAR<br \/>\n\u2022 N\u00c3O DEIXE DE MOLHO<br \/>\n\u2022 SEMPRE SEQUE \u00c0 SOMBRA<\/p>\n<p>Arte por Douglas Docelino<\/p>\n<p>As camisetas s\u00e3o despachadas em at\u00e9 3 dias \u00fateis.<\/p>\n","protected":false},"excerpt":{"rendered":"<p>Quem nunca quis ter um morcego estampado no peito? Camiseta feita com nossa malha 100% algod\u00e3o na cor preta e estampa com silk de alta qualidade. A taxa de encolhimento \u00e9 em m\u00e9dia 3% variando dos m\u00e9todos de lavagem. DICAS PARA SUA CAMISETA DURAR MUITO: \u2022 LAVE COM \u00c1GUA FRIA \u2022 PASSE ELA DO AVESSO [&#8230;]\n","protected":false},"featured_media":25834,"comment_status":"open","ping_status":"closed","template":"","meta":[],"product_brand":[],"product_cat":[83],"product_tag":[221,323,301,182,181,213,320,319,183,326,321,190,325,322,259,324,327],"class_list":{"0":"post-25826","1":"product","2":"type-product","3":"status-publish","4":"has-post-thumbnail","6":"product_cat-camiseta-reta","7":"product_tag-animacao","8":"product_tag-bat","9":"product_tag-batman","10":"product_tag-camisa","11":"product_tag-camiseta","12":"product_tag-cinema","13":"product_tag-dc","14":"product_tag-desenho-animado","15":"product_tag-estampa","16":"product_tag-heroi","17":"product_tag-homem-morcego","18":"product_tag-hq","19":"product_tag-logo","20":"product_tag-morcego","21":"product_tag-serie-de-tv","22":"product_tag-simbolo","23":"product_tag-super-heroi","24":"pa_artista-docelino","25":"pa_cor-preto","26":"pa_tamanho-2g","27":"pa_tamanho-3g","28":"pa_tamanho-4g","29":"pa_tamanho-g","30":"pa_tamanho-m","31":"pa_tamanho-p","32":"pa_tema-Cinema","33":"pa_tema-DesenhoAnimado","34":"pa_tema-Games","35":"pa_tema-HQ","36":"pa_tema-Humor","37":"pa_tema-Parodia","38":"product_type-variable","39":"product_visibility-outofstock","67":"pa_tema-Desenho Animado","73":"first","74":"outofstock","75":"shipping-taxable","76":"purchasable","77":"product-type-variable"},"_links":{"self":[{"href":"https:\/\/asbaratas.com.br\/loja\/wp-json\/wp\/v2\/product\/25826","targetHints":{"allow":["GET"]}}],"collection":[{"href":"https:\/\/asbaratas.com.br\/loja\/wp-json\/wp\/v2\/product"}],"about":[{"href":"https:\/\/asbaratas.com.br\/loja\/wp-json\/wp\/v2\/types\/product"}],"replies":[{"embeddable":true,"href":"https:\/\/asbaratas.com.br\/loja\/wp-json\/wp\/v2\/comments?post=25826"}],"wp:featuredmedia":[{"embeddable":true,"href":"https:\/\/asbaratas.com.br\/loja\/wp-json\/wp\/v2\/media\/25834"}],"wp:attachment":[{"href":"https:\/\/asbaratas.com.br\/loja\/wp-json\/wp\/v2\/media?parent=25826"}],"wp:term":[{"taxonomy":"product_brand","embeddable":true,"href":"https:\/\/asbaratas.com.br\/loja\/wp-json\/wp\/v2\/product_brand?post=25826"},{"taxonomy":"product_cat","embeddable":true,"href":"https:\/\/asbaratas.com.br\/loja\/wp-json\/wp\/v2\/product_cat?post=25826"},{"taxonomy":"product_tag","embeddable":true,"href":"https:\/\/asbaratas.com.br\/loja\/wp-json\/wp\/v2\/product_tag?post=25826"}],"curies":[{"name":"wp","href":"https:\/\/api.w.org\/{rel}","templated":true}]}}