{"id":25682,"date":"2018-11-18T23:23:51","date_gmt":"2018-11-19T01:23:51","guid":{"rendered":"https:\/\/asbaratas.com.br\/loja\/?post_type=product&#038;p=25682"},"modified":"2025-12-10T19:40:51","modified_gmt":"2025-12-10T22:40:51","slug":"hope","status":"publish","type":"product","link":"https:\/\/asbaratas.com.br\/loja\/produto\/hope\/","title":{"rendered":"HOPE"},"content":{"rendered":"<p>Em tempos dif\u00edceis os rebeldes s\u00e3o construidos de esperan\u00e7a!<\/p>\n<p>Malha em na nossa malha ver\u00e3o na cor azul com estampa em silk de alta qualidade.<\/p>\n<p>A taxa de encolhimento \u00e9 em m\u00e9dia 3% variando dos m\u00e9todos de lavagem.<\/p>\n<p>DICAS PARA SUA CAMISETA DURAR MUITO:<br \/>\n\u2022 LAVE COM \u00c1GUA FRIA<br \/>\n\u2022 PASSE ELA DO AVESSO<br \/>\n\u2022 N\u00c3O COLOQUE NA M\u00c1QUINA DE SECAR<br \/>\n\u2022 N\u00c3O DEIXE DE MOLHO<br \/>\n\u2022 SEMPRE SEQUE \u00c0 SOMBRA<\/p>\n<p>Arte por\u00a0Shinkoheo<\/p>\n<p>As camisetas s\u00e3o despachadas em at\u00e9 3 dias \u00fateis.<\/p>\n","protected":false},"excerpt":{"rendered":"<p>Em tempos dif\u00edceis os rebeldes s\u00e3o construidos de esperan\u00e7a! Malha em na nossa malha ver\u00e3o na cor azul com estampa em silk de alta qualidade. A taxa de encolhimento \u00e9 em m\u00e9dia 3% variando dos m\u00e9todos de lavagem. DICAS PARA SUA CAMISETA DURAR MUITO: \u2022 LAVE COM \u00c1GUA FRIA \u2022 PASSE ELA DO AVESSO \u2022 [&#8230;]\n","protected":false},"featured_media":25678,"comment_status":"open","ping_status":"closed","template":"","meta":[],"product_brand":[],"product_cat":[83],"product_tag":[182,181,213,183,246,254,245,244,242,240,251,250,253,774,769,249,1242,768,767,773,252,248,247,328,770,243,772,771],"class_list":{"0":"post-25682","1":"product","2":"type-product","3":"status-publish","4":"has-post-thumbnail","6":"product_cat-camiseta-reta","7":"product_tag-camisa","8":"product_tag-camiseta","9":"product_tag-cinema","10":"product_tag-estampa","11":"product_tag-estrelas","12":"product_tag-george-lucas","13":"product_tag-guerra","14":"product_tag-guerra-nas-estrelas","15":"product_tag-jedai","16":"product_tag-jedi","17":"product_tag-light","18":"product_tag-light-saber","19":"product_tag-lightsaber","20":"product_tag-lucas-f","21":"product_tag-luke","22":"product_tag-luz","23":"product_tag-politic","24":"product_tag-raiders","25":"product_tag-rebeldes","26":"product_tag-rebels","27":"product_tag-saber","28":"product_tag-sabre","29":"product_tag-sabre-de-luz","30":"product_tag-shinkoheo","31":"product_tag-skywalker","32":"product_tag-star-wars","33":"product_tag-x-wing","34":"product_tag-xwing","35":"pa_artista-barata","36":"pa_cor-azul-escuro","37":"pa_tamanho-2g","38":"pa_tamanho-3g","39":"pa_tamanho-4g","40":"pa_tamanho-g","41":"pa_tamanho-m","42":"pa_tamanho-p","43":"pa_tema-Cinema","44":"pa_tema-DesenhoAnimado","45":"pa_tema-Games","46":"pa_tema-Mashup","47":"pa_tema-Parodia","48":"product_type-variable","49":"product_visibility-outofstock","88":"pa_tema-Desenho Animado","93":"first","94":"outofstock","95":"shipping-taxable","96":"purchasable","97":"product-type-variable"},"_links":{"self":[{"href":"https:\/\/asbaratas.com.br\/loja\/wp-json\/wp\/v2\/product\/25682","targetHints":{"allow":["GET"]}}],"collection":[{"href":"https:\/\/asbaratas.com.br\/loja\/wp-json\/wp\/v2\/product"}],"about":[{"href":"https:\/\/asbaratas.com.br\/loja\/wp-json\/wp\/v2\/types\/product"}],"replies":[{"embeddable":true,"href":"https:\/\/asbaratas.com.br\/loja\/wp-json\/wp\/v2\/comments?post=25682"}],"wp:featuredmedia":[{"embeddable":true,"href":"https:\/\/asbaratas.com.br\/loja\/wp-json\/wp\/v2\/media\/25678"}],"wp:attachment":[{"href":"https:\/\/asbaratas.com.br\/loja\/wp-json\/wp\/v2\/media?parent=25682"}],"wp:term":[{"taxonomy":"product_brand","embeddable":true,"href":"https:\/\/asbaratas.com.br\/loja\/wp-json\/wp\/v2\/product_brand?post=25682"},{"taxonomy":"product_cat","embeddable":true,"href":"https:\/\/asbaratas.com.br\/loja\/wp-json\/wp\/v2\/product_cat?post=25682"},{"taxonomy":"product_tag","embeddable":true,"href":"https:\/\/asbaratas.com.br\/loja\/wp-json\/wp\/v2\/product_tag?post=25682"}],"curies":[{"name":"wp","href":"https:\/\/api.w.org\/{rel}","templated":true}]}}