{"id":2528,"date":"2017-03-15T01:12:27","date_gmt":"2017-03-15T04:12:27","guid":{"rendered":"http:\/\/CALLVACATION_MASC"},"modified":"2025-12-10T19:40:15","modified_gmt":"2025-12-10T22:40:15","slug":"callvacation","status":"publish","type":"product","link":"https:\/\/asbaratas.com.br\/loja\/produto\/callvacation\/","title":{"rendered":"CALL OF VACATION"},"content":{"rendered":"<p>Chamaram o Cthulhu, mas ele estava de f\u00e9rias, e n\u00f3s registramos o momento em uma camiseta!<\/p>\n<p>Camiseta feita com nossa malha tradicional. Composi\u00e7\u00e3o 100% algod\u00e3o na cor verde \u00e1gua e estampa com silk de alta qualidade.<\/p>\n<p>A taxa de encolhimento \u00e9 em m\u00e9dia 3% variando dos m\u00e9todos de lavagem.<\/p>\n<p>DICAS PARA SUA CAMISETA DURAR MUITO:<br \/>\n\u2022 LAVE COM \u00c1GUA FRIA<br \/>\n\u2022 PASSE ELA DO AVESSO<br \/>\n\u2022 N\u00c3O COLOQUE NA M\u00c1QUINA DE SECAR<br \/>\n\u2022 N\u00c3O DEIXE DE MOLHO<br \/>\n\u2022 SEMPRE SEQUE \u00c0 SOMBRA<\/p>\n<p>Arte por\u00a0Juscelino Neco<\/p>\n<p>As camisetas s\u00e3o despachadas em at\u00e9 3 dias \u00fateis.<\/p>\n","protected":false},"excerpt":{"rendered":"<p>Chamaram o Cthulhu, mas ele estava de f\u00e9rias, e n\u00f3s registramos o momento em uma camiseta! Camiseta feita com nossa malha tradicional. Composi\u00e7\u00e3o 100% algod\u00e3o na cor verde \u00e1gua e estampa com silk de alta qualidade. A taxa de encolhimento \u00e9 em m\u00e9dia 3% variando dos m\u00e9todos de lavagem. DICAS PARA SUA CAMISETA DURAR MUITO: [&#8230;]\n","protected":false},"featured_media":82424,"comment_status":"open","ping_status":"closed","template":"","meta":[],"product_brand":[],"product_cat":[83],"product_tag":[395,182,181,392,391,389,390,183,394,396,400,399,184,387,386,398,401,201,402,403,388,397,393],"class_list":{"0":"post-2528","1":"product","2":"type-product","3":"status-publish","4":"has-post-thumbnail","6":"product_cat-camiseta-reta","7":"product_tag-call-of-cthulhu","8":"product_tag-camisa","9":"product_tag-camiseta","10":"product_tag-chtulu","11":"product_tag-chutulu","12":"product_tag-cthulhu","13":"product_tag-cutulu","14":"product_tag-estampa","15":"product_tag-ferias","16":"product_tag-freakazoid","17":"product_tag-howard-phillips-lovecraft","18":"product_tag-hp-lovecraft","19":"product_tag-ilustracao","20":"product_tag-juscelino","21":"product_tag-juscelino-neco","22":"product_tag-lenda","23":"product_tag-lovecraft","24":"product_tag-metallica","25":"product_tag-mito","26":"product_tag-mitos","27":"product_tag-neco","28":"product_tag-olhos-famintos","29":"product_tag-praia","30":"pa_artista-neco","31":"pa_cor-verde","32":"pa_tamanho-2g","33":"pa_tamanho-3g","34":"pa_tamanho-4g","35":"pa_tamanho-5g","36":"pa_tamanho-g","37":"pa_tamanho-m","38":"pa_tamanho-p","39":"pa_tamanho-pp","40":"pa_tema-Humor","41":"pa_tema-Parodia","42":"product_type-variable","80":"first","81":"instock","82":"shipping-taxable","83":"purchasable","84":"product-type-variable","85":"has-default-attributes"},"_links":{"self":[{"href":"https:\/\/asbaratas.com.br\/loja\/wp-json\/wp\/v2\/product\/2528","targetHints":{"allow":["GET"]}}],"collection":[{"href":"https:\/\/asbaratas.com.br\/loja\/wp-json\/wp\/v2\/product"}],"about":[{"href":"https:\/\/asbaratas.com.br\/loja\/wp-json\/wp\/v2\/types\/product"}],"replies":[{"embeddable":true,"href":"https:\/\/asbaratas.com.br\/loja\/wp-json\/wp\/v2\/comments?post=2528"}],"wp:featuredmedia":[{"embeddable":true,"href":"https:\/\/asbaratas.com.br\/loja\/wp-json\/wp\/v2\/media\/82424"}],"wp:attachment":[{"href":"https:\/\/asbaratas.com.br\/loja\/wp-json\/wp\/v2\/media?parent=2528"}],"wp:term":[{"taxonomy":"product_brand","embeddable":true,"href":"https:\/\/asbaratas.com.br\/loja\/wp-json\/wp\/v2\/product_brand?post=2528"},{"taxonomy":"product_cat","embeddable":true,"href":"https:\/\/asbaratas.com.br\/loja\/wp-json\/wp\/v2\/product_cat?post=2528"},{"taxonomy":"product_tag","embeddable":true,"href":"https:\/\/asbaratas.com.br\/loja\/wp-json\/wp\/v2\/product_tag?post=2528"}],"curies":[{"name":"wp","href":"https:\/\/api.w.org\/{rel}","templated":true}]}}