{"id":2482,"date":"2017-03-15T01:11:58","date_gmt":"2017-03-15T04:11:58","guid":{"rendered":"http:\/\/cabronamericaM"},"modified":"2026-04-17T19:31:26","modified_gmt":"2026-04-17T22:31:26","slug":"cabronamericam","status":"publish","type":"product","link":"https:\/\/asbaratas.com.br\/loja\/produto\/cabronamericam\/","title":{"rendered":"CABR\u00d3N AMERICA"},"content":{"rendered":"<p>Como seria o Capit\u00e3o Am\u00e9rica lutando luta livre no M\u00e9xico? Assim, como est\u00e1 nessa camiseta da s\u00e9rie Her\u00f3is Luchadores!<\/p>\n<p>Malha em 100% algod\u00e3o na cor azul com estampa em silk de alta qualidade.<\/p>\n<p>A taxa de encolhimento \u00e9 em m\u00e9dia 3% variando dos m\u00e9todos de lavagem.<\/p>\n<p>DICAS PARA SUA CAMISETA DURAR MUITO:<br \/>\n\u2022 LAVE COM \u00c1GUA FRIA<br \/>\n\u2022 PASSE ELA DO AVESSO<br \/>\n\u2022 N\u00c3O COLOQUE NA M\u00c1QUINA DE SECAR<br \/>\n\u2022 N\u00c3O DEIXE DE MOLHO<br \/>\n\u2022 SEMPRE SEQUE \u00c0 SOMBRA<\/p>\n<p>Arte por\u00a0Leopoldo<\/p>\n<p>As camisetas s\u00e3o despachadas em at\u00e9 3 dias \u00fateis.<\/p>\n","protected":false},"excerpt":{"rendered":"<p>Como seria o Capit\u00e3o Am\u00e9rica lutando luta livre no M\u00e9xico? Assim, como est\u00e1 nessa camiseta da s\u00e9rie Her\u00f3is Luchadores! Malha em 100% algod\u00e3o na cor azul com estampa em silk de alta qualidade. A taxa de encolhimento \u00e9 em m\u00e9dia 3% variando dos m\u00e9todos de lavagem. DICAS PARA SUA CAMISETA DURAR MUITO: \u2022 LAVE COM [&#8230;]\n","protected":false},"featured_media":2483,"comment_status":"open","ping_status":"closed","template":"","meta":[],"product_brand":[],"product_cat":[83],"product_tag":[385,383,221,384,182,181,382,381,213,319,183,326,190,369,378,377,379,375,376,374,370,380,373,259,372,371,327],"class_list":{"0":"post-2482","1":"product","2":"type-product","3":"status-publish","4":"has-post-thumbnail","6":"product_cat-camiseta-reta","7":"product_tag-americ","8":"product_tag-america","9":"product_tag-animacao","10":"product_tag-cabron","11":"product_tag-camisa","12":"product_tag-camiseta","13":"product_tag-capitao","14":"product_tag-capitao-america","15":"product_tag-cinema","16":"product_tag-desenho-animado","17":"product_tag-estampa","18":"product_tag-heroi","19":"product_tag-hq","20":"product_tag-leopoldo","21":"product_tag-libre","22":"product_tag-livre","23":"product_tag-lucha","24":"product_tag-lucha-libre","25":"product_tag-luta","26":"product_tag-luta-livre","27":"product_tag-marvel","28":"product_tag-mexico","29":"product_tag-rogers","30":"product_tag-serie-de-tv","31":"product_tag-steve","32":"product_tag-steve-rogers","33":"product_tag-super-heroi","34":"pa_artista-leopoldo","35":"pa_cor-azul","36":"pa_tamanho-2g","37":"pa_tamanho-3g","38":"pa_tamanho-4g","39":"pa_tamanho-g","40":"pa_tamanho-m","41":"pa_tamanho-p","42":"pa_tema-Cinema","43":"pa_tema-DesenhoAnimado","44":"pa_tema-HQ","45":"product_type-variable","46":"product_visibility-outofstock","84":"pa_tema-Desenho Animado","87":"first","88":"outofstock","89":"shipping-taxable","90":"purchasable","91":"product-type-variable"},"_links":{"self":[{"href":"https:\/\/asbaratas.com.br\/loja\/wp-json\/wp\/v2\/product\/2482","targetHints":{"allow":["GET"]}}],"collection":[{"href":"https:\/\/asbaratas.com.br\/loja\/wp-json\/wp\/v2\/product"}],"about":[{"href":"https:\/\/asbaratas.com.br\/loja\/wp-json\/wp\/v2\/types\/product"}],"replies":[{"embeddable":true,"href":"https:\/\/asbaratas.com.br\/loja\/wp-json\/wp\/v2\/comments?post=2482"}],"wp:featuredmedia":[{"embeddable":true,"href":"https:\/\/asbaratas.com.br\/loja\/wp-json\/wp\/v2\/media\/2483"}],"wp:attachment":[{"href":"https:\/\/asbaratas.com.br\/loja\/wp-json\/wp\/v2\/media?parent=2482"}],"wp:term":[{"taxonomy":"product_brand","embeddable":true,"href":"https:\/\/asbaratas.com.br\/loja\/wp-json\/wp\/v2\/product_brand?post=2482"},{"taxonomy":"product_cat","embeddable":true,"href":"https:\/\/asbaratas.com.br\/loja\/wp-json\/wp\/v2\/product_cat?post=2482"},{"taxonomy":"product_tag","embeddable":true,"href":"https:\/\/asbaratas.com.br\/loja\/wp-json\/wp\/v2\/product_tag?post=2482"}],"curies":[{"name":"wp","href":"https:\/\/api.w.org\/{rel}","templated":true}]}}