{"id":2358,"date":"2017-03-15T01:10:46","date_gmt":"2017-03-15T04:10:46","guid":{"rendered":"http:\/\/REGATA_BANE"},"modified":"2025-12-10T19:40:03","modified_gmt":"2025-12-10T22:40:03","slug":"regata_bane","status":"publish","type":"product","link":"https:\/\/asbaratas.com.br\/loja\/produto\/regata_bane\/","title":{"rendered":"BANE\u00b4S GYM"},"content":{"rendered":"<p>Entre na academia do Bane e quebre tudo!<\/p>\n<p>Malha em 100% algod\u00e3o na cor preta com delhes em vermelho e estampa em silk de alta qualidade.<\/p>\n<p>A taxa de encolhimento \u00e9 em m\u00e9dia 3% variando dos m\u00e9todos de lavagem.<\/p>\n<p>DICAS PARA SUA CAMISETA DURAR MUITO:<br \/>\n\u2022 LAVE COM \u00c1GUA FRIA<br \/>\n\u2022 PASSE ELA DO AVESSO<br \/>\n\u2022 N\u00c3O COLOQUE NA M\u00c1QUINA DE SECAR<br \/>\n\u2022 N\u00c3O DEIXE DE MOLHO<br \/>\n\u2022 SEMPRE SEQUE \u00c0 SOMBRA<\/p>\n<p>Arte por Alex Megliore<\/p>\n<p>As camisetas s\u00e3o despachadas em at\u00e9 3 dias \u00fateis.<\/p>\n","protected":false},"excerpt":{"rendered":"<p>Entre na academia do Bane e quebre tudo! Malha em 100% algod\u00e3o na cor preta com delhes em vermelho e estampa em silk de alta qualidade. A taxa de encolhimento \u00e9 em m\u00e9dia 3% variando dos m\u00e9todos de lavagem. DICAS PARA SUA CAMISETA DURAR MUITO: \u2022 LAVE COM \u00c1GUA FRIA \u2022 PASSE ELA DO AVESSO [&#8230;]\n","protected":false},"featured_media":2359,"comment_status":"open","ping_status":"closed","template":"","meta":[],"product_brand":[],"product_cat":[83],"product_tag":[241,317,301,308,310,182,181,315,314,312,303,183,304,306,307,309,313,311,318,302,305,316],"class_list":{"0":"post-2358","1":"product","2":"type-product","3":"status-publish","4":"has-post-thumbnail","6":"product_cat-camiseta-reta","7":"product_tag-academia","8":"product_tag-bane","9":"product_tag-batman","10":"product_tag-bob","11":"product_tag-bob-kane","12":"product_tag-camisa","13":"product_tag-camiseta","14":"product_tag-cavaleiro","15":"product_tag-christopher","16":"product_tag-christopher-nolan","17":"product_tag-city","18":"product_tag-estampa","19":"product_tag-gotham","20":"product_tag-gotham-city","21":"product_tag-gotham-city-rogues","22":"product_tag-kane","23":"product_tag-nolan","24":"product_tag-o-cavaleiro-das-trevas","25":"product_tag-regata","26":"product_tag-robin","27":"product_tag-rogues","28":"product_tag-trevas","29":"pa_artista-alexmegliore","30":"pa_cor-preto","31":"pa_tamanho-p","32":"pa_tamanho-m","33":"pa_tamanho-g","34":"pa_tamanho-2g","35":"pa_tema-Cinema","36":"pa_tema-HQ","37":"product_type-variable","38":"product_visibility-outofstock","71":"first","72":"outofstock","73":"shipping-taxable","74":"purchasable","75":"product-type-variable"},"_links":{"self":[{"href":"https:\/\/asbaratas.com.br\/loja\/wp-json\/wp\/v2\/product\/2358","targetHints":{"allow":["GET"]}}],"collection":[{"href":"https:\/\/asbaratas.com.br\/loja\/wp-json\/wp\/v2\/product"}],"about":[{"href":"https:\/\/asbaratas.com.br\/loja\/wp-json\/wp\/v2\/types\/product"}],"replies":[{"embeddable":true,"href":"https:\/\/asbaratas.com.br\/loja\/wp-json\/wp\/v2\/comments?post=2358"}],"wp:featuredmedia":[{"embeddable":true,"href":"https:\/\/asbaratas.com.br\/loja\/wp-json\/wp\/v2\/media\/2359"}],"wp:attachment":[{"href":"https:\/\/asbaratas.com.br\/loja\/wp-json\/wp\/v2\/media?parent=2358"}],"wp:term":[{"taxonomy":"product_brand","embeddable":true,"href":"https:\/\/asbaratas.com.br\/loja\/wp-json\/wp\/v2\/product_brand?post=2358"},{"taxonomy":"product_cat","embeddable":true,"href":"https:\/\/asbaratas.com.br\/loja\/wp-json\/wp\/v2\/product_cat?post=2358"},{"taxonomy":"product_tag","embeddable":true,"href":"https:\/\/asbaratas.com.br\/loja\/wp-json\/wp\/v2\/product_tag?post=2358"}],"curies":[{"name":"wp","href":"https:\/\/api.w.org\/{rel}","templated":true}]}}