{"id":2341,"date":"2017-03-15T01:10:36","date_gmt":"2017-03-15T04:10:36","guid":{"rendered":"http:\/\/BTTF_MASC"},"modified":"2025-12-10T19:40:03","modified_gmt":"2025-12-10T22:40:03","slug":"bttf","status":"publish","type":"product","link":"https:\/\/asbaratas.com.br\/loja\/produto\/bttf\/","title":{"rendered":"BACK TO THE FUTURE"},"content":{"rendered":"<p>BT\/TF \u00e9 o filme mais rock&#8217;n roll da trilogia, nada mais justo do que um mashup chocante com uma das bandas mais cheias de energia de todos os tempos!!<\/p>\n<p>Camiseta feita com nossa malha ver\u00e3o, que \u00e9 mais leve para o dia-a-dia e tem um caimento um pouco mais leve. Composi\u00e7\u00e3o 50% algod\u00e3o e 50% poli\u00e9ster, na cor preto mescla e estampa com silk de alta qualidade.<\/p>\n<p>A taxa de encolhimento \u00e9 em m\u00e9dia 3% variando dos m\u00e9todos de lavagem.<\/p>\n<p>DICAS PARA SUA CAMISETA DURAR MUITO:<br \/>\n\u2022 LAVE COM \u00c1GUA FRIA<br \/>\n\u2022 PASSE ELA DO AVESSO<br \/>\n\u2022 N\u00c3O COLOQUE NA M\u00c1QUINA DE SECAR<br \/>\n\u2022 N\u00c3O DEIXE DE MOLHO<br \/>\n\u2022 SEMPRE SEQUE \u00c0 SOMBRA<\/p>\n<p>Arte por\u00a0Paulo Rocker<\/p>\n<p>As camisetas s\u00e3o despachadas em at\u00e9 3 dias \u00fateis.<\/p>\n","protected":false},"excerpt":{"rendered":"<p>BT\/TF \u00e9 o filme mais rock&#8217;n roll da trilogia, nada mais justo do que um mashup chocante com uma das bandas mais cheias de energia de todos os tempos!! Camiseta feita com nossa malha ver\u00e3o, que \u00e9 mais leve para o dia-a-dia e tem um caimento um pouco mais leve. Composi\u00e7\u00e3o 50% algod\u00e3o e 50% [&#8230;]\n","protected":false},"featured_media":8261,"comment_status":"open","ping_status":"closed","template":"","meta":[],"product_brand":[],"product_cat":[83],"product_tag":[182,181,213,288,294,183,212,290,254,184,292,291,293,300,299,286,285,297,295,287,296,289,298],"class_list":{"0":"post-2341","1":"product","2":"type-product","3":"status-publish","4":"has-post-thumbnail","6":"product_cat-camiseta-reta","7":"product_tag-camisa","8":"product_tag-camiseta","9":"product_tag-cinema","10":"product_tag-de-volta-para-o-futuro","11":"product_tag-doutor","12":"product_tag-estampa","13":"product_tag-filme","14":"product_tag-futuro","15":"product_tag-george-lucas","16":"product_tag-ilustracao","17":"product_tag-marty","18":"product_tag-marty-mcfly","19":"product_tag-mcfly","20":"product_tag-mi","21":"product_tag-michael-j-fox","22":"product_tag-paulo","23":"product_tag-paulo-rocker","24":"product_tag-robert","25":"product_tag-robert-zemeckis","26":"product_tag-rocker","27":"product_tag-steven-spielbg","28":"product_tag-volta","29":"product_tag-zemeckis","30":"pa_artista-paulorocker","31":"pa_cor-preto","32":"pa_tamanho-2g","33":"pa_tamanho-3g","34":"pa_tamanho-4g","35":"pa_tamanho-g","36":"pa_tamanho-m","37":"pa_tamanho-p","38":"pa_tema-Cinema","39":"pa_tema-Mashup","40":"product_type-variable","41":"product_visibility-outofstock","77":"first","78":"outofstock","79":"shipping-taxable","80":"purchasable","81":"product-type-variable"},"_links":{"self":[{"href":"https:\/\/asbaratas.com.br\/loja\/wp-json\/wp\/v2\/product\/2341","targetHints":{"allow":["GET"]}}],"collection":[{"href":"https:\/\/asbaratas.com.br\/loja\/wp-json\/wp\/v2\/product"}],"about":[{"href":"https:\/\/asbaratas.com.br\/loja\/wp-json\/wp\/v2\/types\/product"}],"replies":[{"embeddable":true,"href":"https:\/\/asbaratas.com.br\/loja\/wp-json\/wp\/v2\/comments?post=2341"}],"wp:featuredmedia":[{"embeddable":true,"href":"https:\/\/asbaratas.com.br\/loja\/wp-json\/wp\/v2\/media\/8261"}],"wp:attachment":[{"href":"https:\/\/asbaratas.com.br\/loja\/wp-json\/wp\/v2\/media?parent=2341"}],"wp:term":[{"taxonomy":"product_brand","embeddable":true,"href":"https:\/\/asbaratas.com.br\/loja\/wp-json\/wp\/v2\/product_brand?post=2341"},{"taxonomy":"product_cat","embeddable":true,"href":"https:\/\/asbaratas.com.br\/loja\/wp-json\/wp\/v2\/product_cat?post=2341"},{"taxonomy":"product_tag","embeddable":true,"href":"https:\/\/asbaratas.com.br\/loja\/wp-json\/wp\/v2\/product_tag?post=2341"}],"curies":[{"name":"wp","href":"https:\/\/api.w.org\/{rel}","templated":true}]}}