{"id":2321,"date":"2017-03-15T01:10:27","date_gmt":"2017-03-15T04:10:27","guid":{"rendered":"http:\/\/ASTRONAUTA_MASC"},"modified":"2026-04-17T19:31:19","modified_gmt":"2026-04-17T22:31:19","slug":"astronauta","status":"publish","type":"product","link":"https:\/\/asbaratas.com.br\/loja\/produto\/astronauta\/","title":{"rendered":"ASTRONAUTA"},"content":{"rendered":"<p>O Astronauta da Graphic MSP, desenhado por Danilo Beyruth, acaba de ganhar uma camiseta exclusiva pelas Baratas!<\/p>\n<p>Produto oficial, licenciado pela Mauricio de Sousa Produ\u00e7\u00f5es.<\/p>\n<p>Malha em 100% algod\u00e3o na cor azul escruro com estampa em silk de alta qualidade.<\/p>\n<p>A taxa de encolhimento \u00e9 em m\u00e9dia 3% variando dos m\u00e9todos de lavagem.<\/p>\n<p>DICAS PARA SUA CAMISETA DURAR MUITO:<br \/>\n\u2022 LAVE COM \u00c1GUA FRIA<br \/>\n\u2022 PASSE ELA DO AVESSO<br \/>\n\u2022 N\u00c3O COLOQUE NA M\u00c1QUINA DE SECAR<br \/>\n\u2022 N\u00c3O DEIXE DE MOLHO<br \/>\n\u2022 SEMPRE SEQUE \u00c0 SOMBRA<\/p>\n<p>Arte por Danilo Beyruth<\/p>\n<p>As camisetas s\u00e3o despachadas em at\u00e9 3 dias \u00fateis.<\/p>\n","protected":false},"excerpt":{"rendered":"<p>O Astronauta da Graphic MSP, desenhado por Danilo Beyruth, acaba de ganhar uma camiseta exclusiva pelas Baratas! Produto oficial, licenciado pela Mauricio de Sousa Produ\u00e7\u00f5es. Malha em 100% algod\u00e3o na cor azul escruro com estampa em silk de alta qualidade. A taxa de encolhimento \u00e9 em m\u00e9dia 3% variando dos m\u00e9todos de lavagem. DICAS PARA [&#8230;]\n","protected":false},"featured_media":2322,"comment_status":"open","ping_status":"closed","template":"","meta":[],"product_brand":[],"product_cat":[83],"product_tag":[283,280,182,181,275,183,276,184,281,278,277,284,282,279],"class_list":{"0":"post-2321","1":"product","2":"type-product","3":"status-publish","4":"has-post-thumbnail","6":"product_cat-camiseta-reta","7":"product_tag-assimetria","8":"product_tag-astronauta","9":"product_tag-camisa","10":"product_tag-camiseta","11":"product_tag-danilo-beyruth","12":"product_tag-estampa","13":"product_tag-graphic","14":"product_tag-ilustracao","15":"product_tag-magnetar","16":"product_tag-mauricio","17":"product_tag-msp","18":"product_tag-oficial","19":"product_tag-singularidade","20":"product_tag-souza","21":"pa_artista-danilobeyruth","22":"pa_cor-azul-escuro","23":"pa_tamanho-2g","24":"pa_tamanho-3g","25":"pa_tamanho-4g","26":"pa_tamanho-g","27":"pa_tamanho-m","28":"pa_tamanho-p","29":"pa_tema-HQ","30":"product_type-variable","31":"product_visibility-outofstock","57":"first","58":"outofstock","59":"shipping-taxable","60":"purchasable","61":"product-type-variable"},"_links":{"self":[{"href":"https:\/\/asbaratas.com.br\/loja\/wp-json\/wp\/v2\/product\/2321","targetHints":{"allow":["GET"]}}],"collection":[{"href":"https:\/\/asbaratas.com.br\/loja\/wp-json\/wp\/v2\/product"}],"about":[{"href":"https:\/\/asbaratas.com.br\/loja\/wp-json\/wp\/v2\/types\/product"}],"replies":[{"embeddable":true,"href":"https:\/\/asbaratas.com.br\/loja\/wp-json\/wp\/v2\/comments?post=2321"}],"wp:featuredmedia":[{"embeddable":true,"href":"https:\/\/asbaratas.com.br\/loja\/wp-json\/wp\/v2\/media\/2322"}],"wp:attachment":[{"href":"https:\/\/asbaratas.com.br\/loja\/wp-json\/wp\/v2\/media?parent=2321"}],"wp:term":[{"taxonomy":"product_brand","embeddable":true,"href":"https:\/\/asbaratas.com.br\/loja\/wp-json\/wp\/v2\/product_brand?post=2321"},{"taxonomy":"product_cat","embeddable":true,"href":"https:\/\/asbaratas.com.br\/loja\/wp-json\/wp\/v2\/product_cat?post=2321"},{"taxonomy":"product_tag","embeddable":true,"href":"https:\/\/asbaratas.com.br\/loja\/wp-json\/wp\/v2\/product_tag?post=2321"}],"curies":[{"name":"wp","href":"https:\/\/api.w.org\/{rel}","templated":true}]}}